{"id":6061,"date":"2022-03-19T15:15:15","date_gmt":"2022-03-19T13:15:15","guid":{"rendered":"https:\/\/www.lesjouetsvoyageurs.com\/?post_type=product&#038;p=6061"},"modified":"2023-03-23T17:08:27","modified_gmt":"2023-03-23T15:08:27","slug":"super-mini-pyramide-animaux","status":"publish","type":"product","link":"https:\/\/www.lesjouetsvoyageurs.com\/location\/jouets\/super-mini-pyramide-animaux\/","title":{"rendered":"Super mini pyramide d&rsquo;animaux HABA &#8211; Jeu d&rsquo;adresse 5 ans et +"},"content":{"rendered":"<p><span style=\"font-size: 14.4px;\">Super mini pyramide d&rsquo;animaux Haba est un jeu d&rsquo;adresse pour deux joueurs \u00e0 partir de 5 ans. La bo\u00eete contient 13 animaux en bois et 1 d\u00e9 \u00e0 symboles. Chacun leur tour, les joueurs essayent d&#8217;empiler les animaux de mani\u00e8re \u00e0 ce qu&rsquo;ils ne tombent pas. Le d\u00e9 indique quel joueur doit empiler combien d&rsquo;animaux et \u00e0 quel endroit de la pyramide d&rsquo;animaux.<\/span><\/p>\n<p>Un jeu pour 2 joueurs de 4 \u00e0 99 ans. Une partie peut durer jusqu&rsquo;\u00e0 15 minutes.<\/p>\n<p>\ud83d\udc49 Consultez la pr\u00e9sentation de Haba.<\/p>\n<p><span style=\"font-size: 14.4px;\">\ud83d\udc95 N\u00e9cessite concentration et adresse.<br \/>\n<\/span><\/p>\n<p>Un jeu de soci\u00e9t\u00e9 fabriqu\u00e9 en Allemagne.<\/p>\n<p>LE PRIX ABONN\u00c9 C&rsquo;EST QUOI?<br \/>\nVous avez un coup de coeur pour un jouet propos\u00e9 \u00e0 la location?<br \/>\nNous vous proposons de garder chaque jouet lou\u00e9 \u00e0 un prix pr\u00e9f\u00e9rentiel, clairement indiqu\u00e9 sur chaque fiche.<\/p>\n","protected":false},"excerpt":{"rendered":"<p>Jeu Haba \u00e0 partir de 5 ans<\/p>\n<p>\u2764 Un jeu d&rsquo;adresse<br \/>\n\u2764 D\u00e9veloppe la concentration<br \/>\n\u2764 De 5 \u00e0 99 ans<\/p>\n","protected":false},"featured_media":6062,"template":"","meta":[],"product_cat":[15],"product_tag":[],"_links":{"self":[{"href":"https:\/\/www.lesjouetsvoyageurs.com\/location\/wp-json\/wp\/v2\/product\/6061"}],"collection":[{"href":"https:\/\/www.lesjouetsvoyageurs.com\/location\/wp-json\/wp\/v2\/product"}],"about":[{"href":"https:\/\/www.lesjouetsvoyageurs.com\/location\/wp-json\/wp\/v2\/types\/product"}],"wp:featuredmedia":[{"embeddable":true,"href":"https:\/\/www.lesjouetsvoyageurs.com\/location\/wp-json\/wp\/v2\/media\/6062"}],"wp:attachment":[{"href":"https:\/\/www.lesjouetsvoyageurs.com\/location\/wp-json\/wp\/v2\/media?parent=6061"}],"wp:term":[{"taxonomy":"product_cat","embeddable":true,"href":"https:\/\/www.lesjouetsvoyageurs.com\/location\/wp-json\/wp\/v2\/product_cat?post=6061"},{"taxonomy":"product_tag","embeddable":true,"href":"https:\/\/www.lesjouetsvoyageurs.com\/location\/wp-json\/wp\/v2\/product_tag?post=6061"}],"curies":[{"name":"wp","href":"https:\/\/api.w.org\/{rel}","templated":true}]}}