{"id":6079,"date":"2022-03-25T16:40:36","date_gmt":"2022-03-25T14:40:36","guid":{"rendered":"https:\/\/www.lesjouetsvoyageurs.com\/?post_type=product&#038;p=6079"},"modified":"2022-09-18T16:18:13","modified_gmt":"2022-09-18T14:18:13","slug":"panier-de-pain","status":"publish","type":"product","link":"https:\/\/www.lesjouetsvoyageurs.com\/location\/jouets\/panier-de-pain\/","title":{"rendered":"Panier de pain et viennoiseries avec pince en bois"},"content":{"rendered":"<p>Cette corbeille de pain est id\u00e9ale pour jouer \u00e0 la cuisine. Elle comprend 2 baguettes, 1 croissant, 1 bretzel, 2 donuts, 2 tranches de pain et 2 petites brioches rondes. Avec la pince en bois, votre enfant peut faire le service et d\u00e9velopper sa motricit\u00e9 fine.<\/p>\n<p>Dimensions de la corbeille : 23,5 x 15 x 7 cm.<\/p>\n<p>Envie d&rsquo;en savoir plus sur les engagements de la marque?<br \/>\n\ud83d\udc49 Consultez la pr\u00e9sentation de New Classic Toys<a href=\"https:\/\/www.plantoys.com\/child-development\" target=\"_blank\" rel=\"noopener\">.<\/a><\/p>\n<p><span style=\"font-size: 14.4px;\">\ud83d\udc95 Un jeu d&rsquo;imitation et de motricit\u00e9 fine pour les enfants d\u00e8s 2 ans.<\/span><\/p>\n<p>LE PRIX ABONN\u00c9 C&rsquo;EST QUOI?<br \/>\nVous avez un coup de coeur pour un jouet propos\u00e9 \u00e0 la location?<br \/>\nNous vous proposons de garder chaque jouet lou\u00e9 \u00e0 un prix pr\u00e9f\u00e9rentiel, clairement indiqu\u00e9 sur chaque fiche.<\/p>\n","protected":false},"excerpt":{"rendered":"<p>Corbeille de pain<\/p>\n<p>\u2764 10 pains et viennoiseries<br \/>\n\u2764 1 pince en bois pour servir \ud83d\udc68\u200d\ud83c\udf73<br \/>\n\u2764 Pour les petits d\u00e8s 2 ans<\/p>\n","protected":false},"featured_media":6080,"template":"","meta":[],"product_cat":[15],"product_tag":[],"_links":{"self":[{"href":"https:\/\/www.lesjouetsvoyageurs.com\/location\/wp-json\/wp\/v2\/product\/6079"}],"collection":[{"href":"https:\/\/www.lesjouetsvoyageurs.com\/location\/wp-json\/wp\/v2\/product"}],"about":[{"href":"https:\/\/www.lesjouetsvoyageurs.com\/location\/wp-json\/wp\/v2\/types\/product"}],"wp:featuredmedia":[{"embeddable":true,"href":"https:\/\/www.lesjouetsvoyageurs.com\/location\/wp-json\/wp\/v2\/media\/6080"}],"wp:attachment":[{"href":"https:\/\/www.lesjouetsvoyageurs.com\/location\/wp-json\/wp\/v2\/media?parent=6079"}],"wp:term":[{"taxonomy":"product_cat","embeddable":true,"href":"https:\/\/www.lesjouetsvoyageurs.com\/location\/wp-json\/wp\/v2\/product_cat?post=6079"},{"taxonomy":"product_tag","embeddable":true,"href":"https:\/\/www.lesjouetsvoyageurs.com\/location\/wp-json\/wp\/v2\/product_tag?post=6079"}],"curies":[{"name":"wp","href":"https:\/\/api.w.org\/{rel}","templated":true}]}}