{"id":6084,"date":"2022-03-25T18:02:45","date_gmt":"2022-03-25T16:02:45","guid":{"rendered":"https:\/\/www.lesjouetsvoyageurs.com\/?post_type=product&#038;p=6084"},"modified":"2023-06-06T04:08:08","modified_gmt":"2023-06-06T02:08:08","slug":"grand-depart-duchemin","status":"publish","type":"product","link":"https:\/\/www.lesjouetsvoyageurs.com\/location\/jouets\/grand-depart-duchemin\/","title":{"rendered":"Le grand d\u00e9part des Duchemin &#8211; Le livre des Mini Mondes"},"content":{"rendered":"<p>Votre enfant aime les carnets de voyage des Mini Mondes ? Il va adorer d\u00e9couvrir le livre \u00ab\u00a0Le grand d\u00e9part des Duchemin\u00a0\u00bb qui raconte la pr\u00e9paration du tour du monde de la famille Duchemin !<\/p>\n<p>Envie d&rsquo;en savoir plus sur les engagements de la marque?<br \/>\n\ud83d\udc49 Consultez la pr\u00e9sentation des Mini Mondes.<\/p>\n<p><span style=\"font-size: 14.4px;\">\ud83d\udc95 Pour les enfants d\u00e8s 2\/3 ans<\/span><\/p>\n<p>LE PRIX ABONN\u00c9 C&rsquo;EST QUOI?<br \/>\nVous avez un coup de coeur pour un jouet propos\u00e9 \u00e0 la location?<br \/>\nNous vous proposons de garder chaque jouet lou\u00e9 \u00e0 un prix pr\u00e9f\u00e9rentiel, clairement indiqu\u00e9 sur chaque fiche.<\/p>\n","protected":false},"excerpt":{"rendered":"<p>Le grand d\u00e9part des Duchemin<\/p>\n<p>\u2764 Le livre des Mini Mondes<br \/>\n\u2764 La pr\u00e9paration du tour du monde<br \/>\n\u2764 <span style=\"font-size: 14.4px;\">Livre pour les 2-7 ans<\/span><\/p>\n","protected":false},"featured_media":6086,"template":"","meta":[],"product_cat":[15],"product_tag":[],"_links":{"self":[{"href":"https:\/\/www.lesjouetsvoyageurs.com\/location\/wp-json\/wp\/v2\/product\/6084"}],"collection":[{"href":"https:\/\/www.lesjouetsvoyageurs.com\/location\/wp-json\/wp\/v2\/product"}],"about":[{"href":"https:\/\/www.lesjouetsvoyageurs.com\/location\/wp-json\/wp\/v2\/types\/product"}],"wp:featuredmedia":[{"embeddable":true,"href":"https:\/\/www.lesjouetsvoyageurs.com\/location\/wp-json\/wp\/v2\/media\/6086"}],"wp:attachment":[{"href":"https:\/\/www.lesjouetsvoyageurs.com\/location\/wp-json\/wp\/v2\/media?parent=6084"}],"wp:term":[{"taxonomy":"product_cat","embeddable":true,"href":"https:\/\/www.lesjouetsvoyageurs.com\/location\/wp-json\/wp\/v2\/product_cat?post=6084"},{"taxonomy":"product_tag","embeddable":true,"href":"https:\/\/www.lesjouetsvoyageurs.com\/location\/wp-json\/wp\/v2\/product_tag?post=6084"}],"curies":[{"name":"wp","href":"https:\/\/api.w.org\/{rel}","templated":true}]}}