{"id":6087,"date":"2022-03-25T18:14:12","date_gmt":"2022-03-25T16:14:12","guid":{"rendered":"https:\/\/www.lesjouetsvoyageurs.com\/?post_type=product&#038;p=6087"},"modified":"2022-12-04T21:47:53","modified_gmt":"2022-12-04T19:47:53","slug":"piks-24","status":"publish","type":"product","link":"https:\/\/www.lesjouetsvoyageurs.com\/location\/jouets\/piks-24\/","title":{"rendered":"Piks &#8211; jeu \u00e9ducatif en bois et silicone 3-12 ans"},"content":{"rendered":"<div class=\"wrapper_desc_content\">\n<div class=\"productDescription__block productDescription__bs\">\n<p>Ce kit de Piks est compos\u00e9 de 24 pi\u00e8ces. Il permet de d\u00e9velopper la motricit\u00e9 fine des enfants qui apprenent \u00e0 manier les diff\u00e9rents composants. Piks est un jeu libre qui permet de laisser libre cours \u00e0 l&rsquo;imagination des enfants qui peuvent r\u00e9aliser toutes sortes de construction, seuls ou accompagn\u00e9s d&rsquo;un adulte.<\/p>\n<\/div>\n<\/div>\n<p>\ud83d\udc49 Consultez la pr\u00e9sentation de Oppi.<\/p>\n<p><span style=\"font-size: 14.4px;\">\ud83d\udc95\u00a0 M\u00e9daille d&rsquo;Or au concours L\u00e9pine<\/span><\/p>\n<p>LE PRIX ABONN\u00c9 C&rsquo;EST QUOI?<br \/>\nVous avez un coup de coeur pour un jouet propos\u00e9 \u00e0 la location?<br \/>\nNous vous proposons de garder chaque jouet lou\u00e9 \u00e0 un prix pr\u00e9f\u00e9rentiel, clairement indiqu\u00e9 sur chaque fiche.<\/p>\n","protected":false},"excerpt":{"rendered":"<p>Bo\u00eete de 24 Piks<\/p>\n<p><span style=\"font-size: 14.4px;\">\u2764 En bois et silicone<br \/>\n<\/span>\u2764 Jeu libre de 3 \u00e0 12 ans<br \/>\n\u2764 M\u00e9daill\u00e9 au concours L\u00e9pine<\/p>\n","protected":false},"featured_media":6089,"template":"","meta":[],"product_cat":[15],"product_tag":[],"_links":{"self":[{"href":"https:\/\/www.lesjouetsvoyageurs.com\/location\/wp-json\/wp\/v2\/product\/6087"}],"collection":[{"href":"https:\/\/www.lesjouetsvoyageurs.com\/location\/wp-json\/wp\/v2\/product"}],"about":[{"href":"https:\/\/www.lesjouetsvoyageurs.com\/location\/wp-json\/wp\/v2\/types\/product"}],"wp:featuredmedia":[{"embeddable":true,"href":"https:\/\/www.lesjouetsvoyageurs.com\/location\/wp-json\/wp\/v2\/media\/6089"}],"wp:attachment":[{"href":"https:\/\/www.lesjouetsvoyageurs.com\/location\/wp-json\/wp\/v2\/media?parent=6087"}],"wp:term":[{"taxonomy":"product_cat","embeddable":true,"href":"https:\/\/www.lesjouetsvoyageurs.com\/location\/wp-json\/wp\/v2\/product_cat?post=6087"},{"taxonomy":"product_tag","embeddable":true,"href":"https:\/\/www.lesjouetsvoyageurs.com\/location\/wp-json\/wp\/v2\/product_tag?post=6087"}],"curies":[{"name":"wp","href":"https:\/\/api.w.org\/{rel}","templated":true}]}}