{"id":6099,"date":"2022-03-30T16:16:05","date_gmt":"2022-03-30T14:16:05","guid":{"rendered":"https:\/\/www.lesjouetsvoyageurs.com\/?post_type=product&#038;p=6099"},"modified":"2022-10-02T20:17:08","modified_gmt":"2022-10-02T18:17:08","slug":"chariot-glacier-tenderleaf","status":"publish","type":"product","link":"https:\/\/www.lesjouetsvoyageurs.com\/location\/jouets\/chariot-glacier-tenderleaf\/","title":{"rendered":"Chariot de glacier magn\u00e9tique en bois Tenderleaf"},"content":{"rendered":"<p>Qui veut une glace? Ce magnifique chariot de glacier en bois \u00e0 roulettes comprend quatre b\u00e2tonnets glac\u00e9s en bois, quatre cornets, quatre boules de glace color\u00e9es magn\u00e9tiques, une cuill\u00e8re \u00e0 cr\u00e8me glac\u00e9e magn\u00e9tique et un couvercle amovible qui laisse voir les pots en dessous. Tous les \u00e9l\u00e9ments en bois sont peints avec des couleurs gourmandes, parfait pour s&rsquo;amuser !<\/p>\n<p>Un jeu d&rsquo;imitation parfait pour les 3-6 ans !<\/p>\n<p>Envie d&rsquo;en savoir plus sur les engagements de la marque?<br \/>\n\ud83d\udc49 Consultez la pr\u00e9sentation de TenderLeaf.<\/p>\n<p><span style=\"font-size: 14.4px;\">\ud83d\udc95 Vive l&rsquo;\u00e9t\u00e9 !<\/span><\/p>\n<p>A proposer \u00e0 partir de 3 ans.<\/p>\n<p>LE PRIX ABONN\u00c9 C&rsquo;EST QUOI?<br \/>\nVous avez un coup de coeur pour un jouet propos\u00e9 \u00e0 la location?<br \/>\nNous vous proposons de garder chaque jouet lou\u00e9 \u00e0 un prix pr\u00e9f\u00e9rentiel, clairement indiqu\u00e9 sur chaque fiche.<\/p>\n","protected":false},"excerpt":{"rendered":"<p>Chariot de glacier Tenderleaf<\/p>\n<p>\u2764 Chariot \u00e0 roulettes<br \/>\n\u2764 El\u00e9ments magn\u00e9tiques<br \/>\n\u2764 <span style=\"font-size: 14.4px;\">Bois d&rsquo;h\u00e9v\u00e9a durable \ud83c\udf3f<\/span><\/p>\n","protected":false},"featured_media":6103,"template":"","meta":[],"product_cat":[15],"product_tag":[],"_links":{"self":[{"href":"https:\/\/www.lesjouetsvoyageurs.com\/location\/wp-json\/wp\/v2\/product\/6099"}],"collection":[{"href":"https:\/\/www.lesjouetsvoyageurs.com\/location\/wp-json\/wp\/v2\/product"}],"about":[{"href":"https:\/\/www.lesjouetsvoyageurs.com\/location\/wp-json\/wp\/v2\/types\/product"}],"wp:featuredmedia":[{"embeddable":true,"href":"https:\/\/www.lesjouetsvoyageurs.com\/location\/wp-json\/wp\/v2\/media\/6103"}],"wp:attachment":[{"href":"https:\/\/www.lesjouetsvoyageurs.com\/location\/wp-json\/wp\/v2\/media?parent=6099"}],"wp:term":[{"taxonomy":"product_cat","embeddable":true,"href":"https:\/\/www.lesjouetsvoyageurs.com\/location\/wp-json\/wp\/v2\/product_cat?post=6099"},{"taxonomy":"product_tag","embeddable":true,"href":"https:\/\/www.lesjouetsvoyageurs.com\/location\/wp-json\/wp\/v2\/product_tag?post=6099"}],"curies":[{"name":"wp","href":"https:\/\/api.w.org\/{rel}","templated":true}]}}