{"id":6215,"date":"2022-06-14T10:30:01","date_gmt":"2022-06-14T08:30:01","guid":{"rendered":"https:\/\/www.lesjouetsvoyageurs.com\/location\/?post_type=product&#038;p=6215"},"modified":"2023-07-07T14:14:29","modified_gmt":"2023-07-07T12:14:29","slug":"boite-inspiration-montessori","status":"publish","type":"product","link":"https:\/\/www.lesjouetsvoyageurs.com\/location\/jouets\/boite-inspiration-montessori\/","title":{"rendered":"Boite 4 en 1 d&rsquo;inspiration Montessori"},"content":{"rendered":"<p>Girami est une bo\u00eete 4 en 1 d&rsquo;inspiration Montessori. Il s&rsquo;agit de deux cubes avec des trous aux formes et aux dimensions diff\u00e9rentes qui permettent aux plus petits de d\u00e9velopper leur motricit\u00e9 fine. Ils pourront par exemple introduire les 5 jetons en bois dans une fente ou ins\u00e9rer des spaghettis dans les trous les plus petits.<\/p>\n<p>L&rsquo;ensemble comprend :<br \/>\n&#8211; 1 bo\u00eete ext\u00e9rieure<br \/>\n&#8211; 1 bo\u00eete int\u00e9rieure<br \/>\n&#8211; 5 jetons en bois<\/p>\n<p>Dimensions : 13cm x 13cm x 13cm + 5cm<\/p>\n<p>Envie d&rsquo;en savoir plus sur les engagements de la marque?<br \/>\n\ud83d\udc49 Consultez la pr\u00e9sentation de Bangarang.<\/p>\n<p><span style=\"font-size: 14.4px;\">\ud83d\udc95 Jouet de qualit\u00e9 fabriqu\u00e9 en Italie<\/span><\/p>\n<p>A proposer \u00e0 partir de 15 mois environ.<\/p>\n<p>LE PRIX ABONN\u00c9 C&rsquo;EST QUOI?<br \/>\nVous avez un coup de coeur pour un jouet propos\u00e9 \u00e0 la location?<br \/>\nNous vous proposons de garder chaque jouet lou\u00e9 \u00e0 un prix pr\u00e9f\u00e9rentiel, clairement indiqu\u00e9 sur chaque fiche.<\/p>\n","protected":false},"excerpt":{"rendered":"<p>Boite 4 en 1<\/p>\n<p>\u2764 Inspiration Montessori<br \/>\n\u2764 Fabrication italienne<br \/>\n\u2764 <span style=\"font-size: 14.4px;\">100% bois et feutrine \ud83c\udf3f<\/span><\/p>\n","protected":false},"featured_media":6217,"template":"","meta":[],"product_cat":[15],"product_tag":[],"_links":{"self":[{"href":"https:\/\/www.lesjouetsvoyageurs.com\/location\/wp-json\/wp\/v2\/product\/6215"}],"collection":[{"href":"https:\/\/www.lesjouetsvoyageurs.com\/location\/wp-json\/wp\/v2\/product"}],"about":[{"href":"https:\/\/www.lesjouetsvoyageurs.com\/location\/wp-json\/wp\/v2\/types\/product"}],"wp:featuredmedia":[{"embeddable":true,"href":"https:\/\/www.lesjouetsvoyageurs.com\/location\/wp-json\/wp\/v2\/media\/6217"}],"wp:attachment":[{"href":"https:\/\/www.lesjouetsvoyageurs.com\/location\/wp-json\/wp\/v2\/media?parent=6215"}],"wp:term":[{"taxonomy":"product_cat","embeddable":true,"href":"https:\/\/www.lesjouetsvoyageurs.com\/location\/wp-json\/wp\/v2\/product_cat?post=6215"},{"taxonomy":"product_tag","embeddable":true,"href":"https:\/\/www.lesjouetsvoyageurs.com\/location\/wp-json\/wp\/v2\/product_tag?post=6215"}],"curies":[{"name":"wp","href":"https:\/\/api.w.org\/{rel}","templated":true}]}}