{"id":6218,"date":"2022-06-14T10:39:08","date_gmt":"2022-06-14T08:39:08","guid":{"rendered":"https:\/\/www.lesjouetsvoyageurs.com\/location\/?post_type=product&#038;p=6218"},"modified":"2023-05-01T07:49:42","modified_gmt":"2023-05-01T05:49:42","slug":"boite-montessori","status":"publish","type":"product","link":"https:\/\/www.lesjouetsvoyageurs.com\/location\/jouets\/boite-montessori\/","title":{"rendered":"Boite et balle d&rsquo;inspiration Montessori"},"content":{"rendered":"<p>Ce jouet d&rsquo;inspiration Montessori est un incontournable pour aider b\u00e9b\u00e9 \u00e0 comprendre le concept de permanence de l&rsquo;objet. Il prendra plaisir \u00e0 ins\u00e9rer la balle dans le trou et \u00e0 la r\u00e9cup\u00e9rer&#8230; pour recommencer encore et encore!<\/p>\n<p>La boule en bois mesure 5 centim\u00e8tres de diam\u00e8tre pour jouer en toute s\u00e9curit\u00e9.<\/p>\n<p>Envie d&rsquo;en savoir plus sur les engagements de la marque?<br \/>\n\ud83d\udc49 Consultez la pr\u00e9sentation de Bangarang.<\/p>\n<p><span style=\"font-size: 14.4px;\">\ud83d\udc95 Jouet de qualit\u00e9 fabriqu\u00e9 en Italie<\/span><\/p>\n<p>A proposer \u00e0 partir de 6 mois environ.<\/p>\n<p>LE PRIX ABONN\u00c9 C&rsquo;EST QUOI?<br \/>\nVous avez un coup de coeur pour un jouet propos\u00e9 \u00e0 la location?<br \/>\nNous vous proposons de garder chaque jouet lou\u00e9 \u00e0 un prix pr\u00e9f\u00e9rentiel, clairement indiqu\u00e9 sur chaque fiche.<\/p>\n","protected":false},"excerpt":{"rendered":"<p>Boite et balle en bois<\/p>\n<p>\u2764 Inspiration Montessori<br \/>\n\u2764 Fabrication italienne<br \/>\n\u2764 <span style=\"font-size: 14.4px;\">100% bois et feutrine \ud83c\udf3f<\/span><\/p>\n","protected":false},"featured_media":6220,"template":"","meta":[],"product_cat":[15],"product_tag":[],"_links":{"self":[{"href":"https:\/\/www.lesjouetsvoyageurs.com\/location\/wp-json\/wp\/v2\/product\/6218"}],"collection":[{"href":"https:\/\/www.lesjouetsvoyageurs.com\/location\/wp-json\/wp\/v2\/product"}],"about":[{"href":"https:\/\/www.lesjouetsvoyageurs.com\/location\/wp-json\/wp\/v2\/types\/product"}],"wp:featuredmedia":[{"embeddable":true,"href":"https:\/\/www.lesjouetsvoyageurs.com\/location\/wp-json\/wp\/v2\/media\/6220"}],"wp:attachment":[{"href":"https:\/\/www.lesjouetsvoyageurs.com\/location\/wp-json\/wp\/v2\/media?parent=6218"}],"wp:term":[{"taxonomy":"product_cat","embeddable":true,"href":"https:\/\/www.lesjouetsvoyageurs.com\/location\/wp-json\/wp\/v2\/product_cat?post=6218"},{"taxonomy":"product_tag","embeddable":true,"href":"https:\/\/www.lesjouetsvoyageurs.com\/location\/wp-json\/wp\/v2\/product_tag?post=6218"}],"curies":[{"name":"wp","href":"https:\/\/api.w.org\/{rel}","templated":true}]}}