{"id":6334,"date":"2022-09-19T12:30:39","date_gmt":"2022-09-19T10:30:39","guid":{"rendered":"https:\/\/www.lesjouetsvoyageurs.com\/location\/?post_type=product&#038;p=6334"},"modified":"2024-04-29T14:15:33","modified_gmt":"2024-04-29T12:15:33","slug":"jeu-cartes-bandido","status":"publish","type":"product","link":"https:\/\/www.lesjouetsvoyageurs.com\/location\/jouets\/jeu-cartes-bandido\/","title":{"rendered":"Jeu de cartes Bandido &#8211; 6 ans et +"},"content":{"rendered":"<p>Le jeu de cartes Bandido est un jeu de coop\u00e9ration. Les joueurs ont pour mission d&rsquo;\u00e9viter que le bandit s&rsquo;\u00e9chappe de sa cellule.<\/p>\n<p>Pour commencer une partie, chaque joueur re\u00e7oit 3 cartes et une super carte est \u00e0 placer au centre pour d\u00e9buter le jeu. Apr\u00e8s avoir jou\u00e9 la premi\u00e8re carte, il faut prendre une carte de la pioche.<\/p>\n<p>Les joueurs peuvent communiquer entre eux pour trouver la meilleure solution mais ne doivent pas montrer leurs cartes ou m\u00eame les d\u00e9crire. La super carte contient deux niveaux : un avec 5 tunnels et un autre \u00e0 6 tunnels.<\/p>\n<p>Dans Bandido il y a deux possibilit\u00e9s de fin soit le prisonnier s\u2019\u00e9chappe et vous avez perdu ou il reste enferm\u00e9 dans sa cellule et dans ce cas vous avez GAGN\u00c9 !!!<\/p>\n<p>En effet dans Bandido, il faut faire preuve d&rsquo;observation et de strat\u00e9gie.<\/p>\n<p>Bandido peut \u00eatre un jeu individuel ou jusqu&rsquo;\u00e0 4 joueurs. Id\u00e9al pour toute la famille.<\/p>\n<p>Si vous cherchez un autre jeu coop\u00e9ratif nous vous conseillons <a href=\"https:\/\/www.lesjouetsvoyageurs.com\/location\/jouets\/jeu-cartes-hanabi\/\">Hanabi<\/a>.<\/p>\n<p>Envie d&rsquo;en savoir plus sur les engagements de la marque?<br \/>\n\ud83d\udc49 Consultez la pr\u00e9sentation de <a href=\"https:\/\/helvetiq.com\/ch_fr\/\" target=\"_blank\" rel=\"noopener\">Helvetiq<\/a>.<\/p>\n<p><span style=\"font-size: 14.4px;\">\ud83d\udc95 Jeu coop\u00e9ratif\u00a0<\/span><\/p>\n<p>Bandido convient aux enfants et adultes d\u00e8s 6 ans.<\/p>\n<p>LE PRIX ABONN\u00c9 C&rsquo;EST QUOI?<\/p>\n<p>Vous avez un coup de coeur pour un jouet propos\u00e9 \u00e0 la location?<br \/>\nNous vous proposons de garder chaque jouet lou\u00e9 \u00e0 un prix pr\u00e9f\u00e9rentiel, clairement indiqu\u00e9 sur chaque fiche.<\/p>\n","protected":false},"excerpt":{"rendered":"<p>Jeu coop\u00e9ratif et strat\u00e9gique<\/p>\n<p>\u2764 Petit format \u00e0 emmener partout<br \/>\n\u2764 Partie rapide 15 min ou plus<br \/>\n\u2764 1 \u00e0 4 joueurs<\/p>\n","protected":false},"featured_media":6336,"template":"","meta":[],"product_cat":[15],"product_tag":[],"_links":{"self":[{"href":"https:\/\/www.lesjouetsvoyageurs.com\/location\/wp-json\/wp\/v2\/product\/6334"}],"collection":[{"href":"https:\/\/www.lesjouetsvoyageurs.com\/location\/wp-json\/wp\/v2\/product"}],"about":[{"href":"https:\/\/www.lesjouetsvoyageurs.com\/location\/wp-json\/wp\/v2\/types\/product"}],"wp:featuredmedia":[{"embeddable":true,"href":"https:\/\/www.lesjouetsvoyageurs.com\/location\/wp-json\/wp\/v2\/media\/6336"}],"wp:attachment":[{"href":"https:\/\/www.lesjouetsvoyageurs.com\/location\/wp-json\/wp\/v2\/media?parent=6334"}],"wp:term":[{"taxonomy":"product_cat","embeddable":true,"href":"https:\/\/www.lesjouetsvoyageurs.com\/location\/wp-json\/wp\/v2\/product_cat?post=6334"},{"taxonomy":"product_tag","embeddable":true,"href":"https:\/\/www.lesjouetsvoyageurs.com\/location\/wp-json\/wp\/v2\/product_tag?post=6334"}],"curies":[{"name":"wp","href":"https:\/\/api.w.org\/{rel}","templated":true}]}}