{"id":6346,"date":"2022-09-20T10:32:50","date_gmt":"2022-09-20T08:32:50","guid":{"rendered":"https:\/\/www.lesjouetsvoyageurs.com\/location\/?post_type=product&#038;p=6346"},"modified":"2022-12-12T20:49:33","modified_gmt":"2022-12-12T18:49:33","slug":"jeu-plateau-galerapagos","status":"publish","type":"product","link":"https:\/\/www.lesjouetsvoyageurs.com\/location\/jouets\/jeu-plateau-galerapagos\/","title":{"rendered":"Jeu Galerapagos 3 \u00e0 12 joueurs"},"content":{"rendered":"<p>Galerapagos est un jeu coop\u00e9ratif dans lequel vous \u00eates des naufrag\u00e9s sur une \u00eele. Le but \u00e9tant de partir de cette \u00eele en construisant un radeau!<\/p>\n<p>Lors d&rsquo;une partie, les joueurs r\u00e9alisent diff\u00e9rentes actions chacun \u00e0 leur tour comme aller p\u00eacher, aller chercher de l&rsquo;eau ou encore couper du bois. L&rsquo;objectif est s&rsquo;assurer la survie du groupe tout en construisant un radeau : le seul moyen de repartir de cette \u00eele. Mais l&rsquo;\u00eele \u00e9tant d\u00e9serte, il est difficile de trouver de l&rsquo;eau et de la nourriture&#8230;<\/p>\n<p>Si l&rsquo;eau ou la nourriture viennent \u00e0 manquer, il faudra donc se rationner et voter pour choisir qui pourra boire et manger. Le risque est grand d&rsquo;\u00eatre malade ou de mourir de faim et\/ou de soif. Heureusement, il peut aussi y avoir des pr\u00e9cipitation (avec des cartes m\u00e9t\u00e9o), et de bonnes surprises (avec des cartes d\u00e9couvertes) qui vous aideront \u00e0 survivre sur cette \u00eele.<\/p>\n<p>Avec Galerapagos, il est possible de discuter et de n\u00e9gocier mais il faut aussi de la strat\u00e9gie pour survivre !<\/p>\n<p>Galerapagos peut se jouer de 3 \u00e0 12 personnes. Id\u00e9al pour des soir\u00e9es entre amis ou en famille.<\/p>\n<p>Envie d&rsquo;en savoir plus sur les engagements de la marque?<br \/>\n\ud83d\udc49 Consultez la pr\u00e9sentation de <a href=\"https:\/\/www.gigamic.com\/jeu\/galerapagos\" target=\"_blank\" rel=\"noopener\">Gigamic<\/a>.<\/p>\n<p><span style=\"font-size: 14.4px;\">\ud83d\udc95 Jeu collaboratif&#8230; mais pas que !<\/span><\/p>\n<p>Galerapagos convient aux enfants et adultes d\u00e8s 10 ans.<\/p>\n<p>LE PRIX ABONN\u00c9 C&rsquo;EST QUOI?<\/p>\n<p>Vous avez un coup de coeur pour un jouet propos\u00e9 \u00e0 la location?<br \/>\nNous vous proposons de garder chaque jouet lou\u00e9 \u00e0 un prix pr\u00e9f\u00e9rentiel, clairement indiqu\u00e9 sur chaque fiche.<\/p>\n","protected":false},"excerpt":{"rendered":"<p>Jeu Galerapagos pour 3 \u00e0 12 joueurs<\/p>\n<p>\u2764 Id\u00e9al pour des soir\u00e9es en amis ou en famille<br \/>\n\u2764 Jeu coop\u00e9ratif et strat\u00e9gique<br \/>\n\u2764 3 \u00e0 12 joueurs<\/p>\n","protected":false},"featured_media":6351,"template":"","meta":[],"product_cat":[15],"product_tag":[],"_links":{"self":[{"href":"https:\/\/www.lesjouetsvoyageurs.com\/location\/wp-json\/wp\/v2\/product\/6346"}],"collection":[{"href":"https:\/\/www.lesjouetsvoyageurs.com\/location\/wp-json\/wp\/v2\/product"}],"about":[{"href":"https:\/\/www.lesjouetsvoyageurs.com\/location\/wp-json\/wp\/v2\/types\/product"}],"wp:featuredmedia":[{"embeddable":true,"href":"https:\/\/www.lesjouetsvoyageurs.com\/location\/wp-json\/wp\/v2\/media\/6351"}],"wp:attachment":[{"href":"https:\/\/www.lesjouetsvoyageurs.com\/location\/wp-json\/wp\/v2\/media?parent=6346"}],"wp:term":[{"taxonomy":"product_cat","embeddable":true,"href":"https:\/\/www.lesjouetsvoyageurs.com\/location\/wp-json\/wp\/v2\/product_cat?post=6346"},{"taxonomy":"product_tag","embeddable":true,"href":"https:\/\/www.lesjouetsvoyageurs.com\/location\/wp-json\/wp\/v2\/product_tag?post=6346"}],"curies":[{"name":"wp","href":"https:\/\/api.w.org\/{rel}","templated":true}]}}