{"id":6349,"date":"2022-09-20T11:17:35","date_gmt":"2022-09-20T09:17:35","guid":{"rendered":"https:\/\/www.lesjouetsvoyageurs.com\/location\/?post_type=product&#038;p=6349"},"modified":"2022-09-20T12:17:51","modified_gmt":"2022-09-20T10:17:51","slug":"jeu-similo-harry-potter","status":"publish","type":"product","link":"https:\/\/www.lesjouetsvoyageurs.com\/location\/jouets\/jeu-similo-harry-potter\/","title":{"rendered":"Jeu Similo Harry Potter 7 ans et +"},"content":{"rendered":"<p>Le jeu de cartes Similo Harry Potter est un jeu de d\u00e9duction coop\u00e9ratif. Le principe est simple : les joueurs doivent d\u00e9couvrir le personnage secret \u00e0 l&rsquo;aide d&rsquo;indices.<\/p>\n<p>Comment jouer? Pour commencer une partie, il faut d\u00e9terminer un narrateur qui sera le seul \u00e0 connaitre le personnage myst\u00e8re. Il doit ensuite prendre 11 cartes en plus de celle du personnage secret. Les cartes doivent \u00eatre plac\u00e9es face visible sur la table : 4 cartes verticales sur 3 cartes horizontales.<\/p>\n<p>Les parties de Similo Harry Potter se jouent en 5 tours et un indice est donn\u00e9 \u00e0 la fin de chaque tour. Grace aux indices les joueurs peuvent retirer 1 ou plusieurs personnages. Mais attention, si le personnage secret est retir\u00e9 du jeu alors le groupe a perdu la partie !<\/p>\n<p>Lors d&rsquo;une partie de Similo Harry Potter, le narrateur ne peut pas parler lorsqu&rsquo;il joue les indices. La position de la carte donne des informations : verticalement, il y a quelque chose est en commun avec le personnage. Si la carte est plac\u00e9e horizontalement, quelque chose les oppose.<\/p>\n<p>Similo Harry Potter est un jeu pour 2 \u00e0 8 joueurs.<\/p>\n<p>Envie d&rsquo;en savoir plus sur les engagements de la marque?<br \/>\n\ud83d\udc49 Consultez la pr\u00e9sentation de <a href=\"https:\/\/www.gigamic.com\/jeu\/similo-harry-potter\" target=\"_blank\" rel=\"noopener\">Gigamic<\/a>.<\/p>\n<p><span style=\"font-size: 14.4px;\">\ud83d\udc95 Jeu de d\u00e9duction coop\u00e9ratif\u00a0<\/span><\/p>\n<p>Similo Harry Potter convient aux enfants et adultes d\u00e8s 7 ans.<\/p>\n<p>LE PRIX ABONN\u00c9 C&rsquo;EST QUOI?<\/p>\n<p>Vous avez un coup de coeur pour un jouet propos\u00e9 \u00e0 la location?<br \/>\nNous vous proposons de garder chaque jouet lou\u00e9 \u00e0 un prix pr\u00e9f\u00e9rentiel, clairement indiqu\u00e9 sur chaque fiche.<\/p>\n","protected":false},"excerpt":{"rendered":"<p>Jeu Similo Harry Potter<\/p>\n<p>\u2764 Jeu de r\u00e9flexion coop\u00e9ratif<br \/>\n\u2764 Partie rapide de 10 min environ<br \/>\n\u2764 2 \u00e0 8 joueurs<\/p>\n","protected":false},"featured_media":6352,"template":"","meta":[],"product_cat":[15],"product_tag":[],"_links":{"self":[{"href":"https:\/\/www.lesjouetsvoyageurs.com\/location\/wp-json\/wp\/v2\/product\/6349"}],"collection":[{"href":"https:\/\/www.lesjouetsvoyageurs.com\/location\/wp-json\/wp\/v2\/product"}],"about":[{"href":"https:\/\/www.lesjouetsvoyageurs.com\/location\/wp-json\/wp\/v2\/types\/product"}],"wp:featuredmedia":[{"embeddable":true,"href":"https:\/\/www.lesjouetsvoyageurs.com\/location\/wp-json\/wp\/v2\/media\/6352"}],"wp:attachment":[{"href":"https:\/\/www.lesjouetsvoyageurs.com\/location\/wp-json\/wp\/v2\/media?parent=6349"}],"wp:term":[{"taxonomy":"product_cat","embeddable":true,"href":"https:\/\/www.lesjouetsvoyageurs.com\/location\/wp-json\/wp\/v2\/product_cat?post=6349"},{"taxonomy":"product_tag","embeddable":true,"href":"https:\/\/www.lesjouetsvoyageurs.com\/location\/wp-json\/wp\/v2\/product_tag?post=6349"}],"curies":[{"name":"wp","href":"https:\/\/api.w.org\/{rel}","templated":true}]}}