{"id":6354,"date":"2022-09-20T12:09:55","date_gmt":"2022-09-20T10:09:55","guid":{"rendered":"https:\/\/www.lesjouetsvoyageurs.com\/location\/?post_type=product&#038;p=6354"},"modified":"2024-04-29T14:15:33","modified_gmt":"2024-04-29T12:15:33","slug":"bois-des-couadsous","status":"publish","type":"product","link":"https:\/\/www.lesjouetsvoyageurs.com\/location\/jouets\/bois-des-couadsous\/","title":{"rendered":"Le bois des Couadsous &#8211; 6 ans et +"},"content":{"rendered":"<p>Le jeu de cartes Le bois des Couadsous est un jeu de m\u00e9moire pour toute la famille. L&rsquo;objectif de chaque joueur est simple : ramasser le plus de noisettes possible !<\/p>\n<p>Le plateau de jeu s&rsquo;installe tr\u00e8s facilement, il suffit de former un carr\u00e9 de 3 cartes sur 3 cartes que l&rsquo;on entour de noisettes. Chaque joueur s\u00e9lectionne ensuite un \u00e9cureuil et le positionne \u00e0 l&rsquo;endroit de son choix. Pour r\u00e9cup\u00e9rer une noisette, les joueurs du bois des Couadsous doivent annoncer ce qui figure au dos des 3 cartes qui s\u00e9parent leur \u00e9cureuil de la noisette. Simple? Pas si s\u00fbr !<\/p>\n<p>Le bois des couadsous est un jeu d&rsquo;observation et de m\u00e9moire qui plaira \u00e0 toute la famille.<br \/>\nCe jeu en petit format s&#8217;emm\u00e8ne partout et peut se jouer de 2 \u00e0 4 joueurs.<\/p>\n<p>Envie d&rsquo;en savoir plus sur les engagements de la marque?<br \/>\n\ud83d\udc49 Consultez la pr\u00e9sentation de <a href=\"https:\/\/www.jeux-opla.fr\/\" target=\"_blank\" rel=\"noopener\">Jeux Opla<\/a>.<\/p>\n<p><span style=\"font-size: 14.4px;\">\ud83d\udc95 Jeu de m\u00e9moire pour petits et grands !<\/span><\/p>\n<p>Le bois des Couadsous convient aux enfants et adultes d\u00e8s 6 ans.<\/p>\n<p>LE PRIX ABONN\u00c9 C&rsquo;EST QUOI?<\/p>\n<p>Vous avez un coup de coeur pour un jouet propos\u00e9 \u00e0 la location?<br \/>\nNous vous proposons de garder chaque jouet lou\u00e9 \u00e0 un prix pr\u00e9f\u00e9rentiel, clairement indiqu\u00e9 sur chaque fiche.<\/p>\n","protected":false},"excerpt":{"rendered":"<p>Le bois des Couadsous<\/p>\n<p>\u2764 Petit format \u00e0 emmener partout<br \/>\n\u2764 Jeu de m\u00e9moire pour tous<br \/>\n\u2764 2 \u00e0 4 joueurs<\/p>\n","protected":false},"featured_media":6356,"template":"","meta":[],"product_cat":[15],"product_tag":[],"_links":{"self":[{"href":"https:\/\/www.lesjouetsvoyageurs.com\/location\/wp-json\/wp\/v2\/product\/6354"}],"collection":[{"href":"https:\/\/www.lesjouetsvoyageurs.com\/location\/wp-json\/wp\/v2\/product"}],"about":[{"href":"https:\/\/www.lesjouetsvoyageurs.com\/location\/wp-json\/wp\/v2\/types\/product"}],"wp:featuredmedia":[{"embeddable":true,"href":"https:\/\/www.lesjouetsvoyageurs.com\/location\/wp-json\/wp\/v2\/media\/6356"}],"wp:attachment":[{"href":"https:\/\/www.lesjouetsvoyageurs.com\/location\/wp-json\/wp\/v2\/media?parent=6354"}],"wp:term":[{"taxonomy":"product_cat","embeddable":true,"href":"https:\/\/www.lesjouetsvoyageurs.com\/location\/wp-json\/wp\/v2\/product_cat?post=6354"},{"taxonomy":"product_tag","embeddable":true,"href":"https:\/\/www.lesjouetsvoyageurs.com\/location\/wp-json\/wp\/v2\/product_tag?post=6354"}],"curies":[{"name":"wp","href":"https:\/\/api.w.org\/{rel}","templated":true}]}}