{"id":6359,"date":"2022-09-20T14:33:30","date_gmt":"2022-09-20T12:33:30","guid":{"rendered":"https:\/\/www.lesjouetsvoyageurs.com\/location\/?post_type=product&#038;p=6359"},"modified":"2023-04-26T22:28:08","modified_gmt":"2023-04-26T20:28:08","slug":"chasse-au-tresor-janod","status":"publish","type":"product","link":"https:\/\/www.lesjouetsvoyageurs.com\/location\/jouets\/chasse-au-tresor-janod\/","title":{"rendered":"Chasse au tresor Janod &#8211; 2 Aventures historiques"},"content":{"rendered":"<p>Le jeu de cartes chasse au tresor Janod contient 2 aventures historiques \u00e0 r\u00e9soudre. Plongez au coeur d&rsquo;une aventure en compagnie de L\u00e9onard de Vinci et d&rsquo;une autre avec Marco Polo ! Ce jeu s&rsquo;adresse aux enfants \u00e0 partir de 10 ans et aux adultes.<\/p>\n<p>Le principe est simple : les joueurs doivent r\u00e9soudre des \u00e9nigmes. L&rsquo;objectif est de r\u00e9ussir \u00e0 rapporter dans le pr\u00e9sent deux objets indispensables pour r\u00e9parer votre machine \u00e0 remonter le temps d\u00e9fectueuse.<\/p>\n<p>Chaque aventure dure environ 40 minutes et permet d&rsquo;en apprendre beaucoup sur L\u00e9onard de Vinci, Marco Polo et leurs \u00e9poques respectives. A<span style=\"font-size: 14.4px;\">fin de r\u00e9soudre les \u00e9nigmes, une carte de d\u00e9codage est fournie dans la bo\u00eete. Il vous faudra aussi vous munir d&rsquo;un crayon et de papier pour prendre des notes \ud83d\ude09<\/span><\/p>\n<p>La chasse au tresor Janod se joue aussi bien seul qu&rsquo;\u00e0 plusieurs (jusqu&rsquo;\u00e0 8 joueurs).<\/p>\n<p>Envie d&rsquo;en savoir plus sur les engagements de la marque?<br \/>\n\ud83d\udc49 Consultez la pr\u00e9sentation de <a href=\"https:\/\/www.janod.com\/fr\/\" target=\"_blank\" rel=\"noopener\">Janod<\/a>.<\/p>\n<p><span style=\"font-size: 14.4px;\">\ud83d\udc95 Jeu historique et coop\u00e9ratif<\/span><\/p>\n<p>LE PRIX ABONN\u00c9 C&rsquo;EST QUOI?<\/p>\n<p>Vous avez un coup de coeur pour un jouet propos\u00e9 \u00e0 la location?<br \/>\nNous vous proposons de garder chaque jouet lou\u00e9 \u00e0 un prix pr\u00e9f\u00e9rentiel, clairement indiqu\u00e9 sur chaque fiche.<\/p>\n","protected":false},"excerpt":{"rendered":"<p>Chasse au tresor Janod<\/p>\n<p>\u2764 Jeu d&rsquo;\u00e9nigmes et d&rsquo;aventure coop\u00e9ratif et \u00e9ducatif<br \/>\n\u2764 Parfait pour des soir\u00e9es en famille ou amis<br \/>\n\u2764 Format facile \u00e0 transporter<\/p>\n","protected":false},"featured_media":6360,"template":"","meta":[],"product_cat":[15],"product_tag":[],"_links":{"self":[{"href":"https:\/\/www.lesjouetsvoyageurs.com\/location\/wp-json\/wp\/v2\/product\/6359"}],"collection":[{"href":"https:\/\/www.lesjouetsvoyageurs.com\/location\/wp-json\/wp\/v2\/product"}],"about":[{"href":"https:\/\/www.lesjouetsvoyageurs.com\/location\/wp-json\/wp\/v2\/types\/product"}],"wp:featuredmedia":[{"embeddable":true,"href":"https:\/\/www.lesjouetsvoyageurs.com\/location\/wp-json\/wp\/v2\/media\/6360"}],"wp:attachment":[{"href":"https:\/\/www.lesjouetsvoyageurs.com\/location\/wp-json\/wp\/v2\/media?parent=6359"}],"wp:term":[{"taxonomy":"product_cat","embeddable":true,"href":"https:\/\/www.lesjouetsvoyageurs.com\/location\/wp-json\/wp\/v2\/product_cat?post=6359"},{"taxonomy":"product_tag","embeddable":true,"href":"https:\/\/www.lesjouetsvoyageurs.com\/location\/wp-json\/wp\/v2\/product_tag?post=6359"}],"curies":[{"name":"wp","href":"https:\/\/api.w.org\/{rel}","templated":true}]}}