{"id":6362,"date":"2022-09-20T15:18:20","date_gmt":"2022-09-20T13:18:20","guid":{"rendered":"https:\/\/www.lesjouetsvoyageurs.com\/location\/?post_type=product&#038;p=6362"},"modified":"2023-03-24T13:24:01","modified_gmt":"2023-03-24T11:24:01","slug":"broceliande-illimitable","status":"publish","type":"product","link":"https:\/\/www.lesjouetsvoyageurs.com\/location\/jouets\/broceliande-illimitable\/","title":{"rendered":"Cartes puzzle broceliande illimitable"},"content":{"rendered":"<p>Le jeu de cartes puzzle Broceliande illimitable est un jeu coop\u00e9ratif. Un ovni ludique \u00e0 d\u00e9couvrir, \u00e0 la crois\u00e9e du jeu de cartes et du puzzle ! Le principe est simple, il faut reconstituer une image avec toutes les cartes disponibles.<\/p>\n<p>Comment jouer ? Il faut superposer les cartes disponibles pour obtenir l&rsquo;image compl\u00e8te. Mais attention, des points de d\u00e9tail peuvent diff\u00e9rer entre les cartes (couleurs, formes), il faudra donc \u00eatre attentifs ! L<span style=\"font-size: 14.4px;\">es d\u00e9fis inclus dans la bo\u00eete de Broc\u00e9lande illimitable permettent une belle rejouabilit\u00e9 et pas mal de challenge.<\/span><\/p>\n<p>Broceliande illimitable peut se jouer seul ou \u00e0 plusieurs (jusqu&rsquo;\u00e0 4 joueurs).<\/p>\n<p>Envie d&rsquo;en savoir plus sur les engagements de la marque?<br \/>\n\ud83d\udc49 Consultez la pr\u00e9sentation de <a href=\"https:\/\/www.jeux-opla.fr\/\" target=\"_blank\" rel=\"noopener\">Jeux Opla<\/a>.<\/p>\n<p><span style=\"font-size: 14.4px;\">\ud83d\udc95 Jeu de cartes puzzle coop\u00e9ratif\u00a0<\/span><\/p>\n<p>Broceliande Illimitable convient aux enfants et adultes d\u00e8s 6 ans.<\/p>\n<p>LE PRIX ABONN\u00c9 C&rsquo;EST QUOI?<\/p>\n<p>Vous avez un coup de coeur pour un jouet propos\u00e9 \u00e0 la location?<br \/>\nNous vous proposons de garder chaque jouet lou\u00e9 \u00e0 un prix pr\u00e9f\u00e9rentiel, clairement indiqu\u00e9 sur chaque fiche.<\/p>\n","protected":false},"excerpt":{"rendered":"<p>Broc\u00e9liande Illimitable<\/p>\n<p>\u2764 Jeu de concentration et de coop\u00e9ration<br \/>\n\u2764 Entre le jeu de soci\u00e9t\u00e9 et le puzzle!<br \/>\n\u2764 Se joue seul ou jusqu&rsquo;\u00e0 4 joueurs<\/p>\n","protected":false},"featured_media":6363,"template":"","meta":[],"product_cat":[15],"product_tag":[],"_links":{"self":[{"href":"https:\/\/www.lesjouetsvoyageurs.com\/location\/wp-json\/wp\/v2\/product\/6362"}],"collection":[{"href":"https:\/\/www.lesjouetsvoyageurs.com\/location\/wp-json\/wp\/v2\/product"}],"about":[{"href":"https:\/\/www.lesjouetsvoyageurs.com\/location\/wp-json\/wp\/v2\/types\/product"}],"wp:featuredmedia":[{"embeddable":true,"href":"https:\/\/www.lesjouetsvoyageurs.com\/location\/wp-json\/wp\/v2\/media\/6363"}],"wp:attachment":[{"href":"https:\/\/www.lesjouetsvoyageurs.com\/location\/wp-json\/wp\/v2\/media?parent=6362"}],"wp:term":[{"taxonomy":"product_cat","embeddable":true,"href":"https:\/\/www.lesjouetsvoyageurs.com\/location\/wp-json\/wp\/v2\/product_cat?post=6362"},{"taxonomy":"product_tag","embeddable":true,"href":"https:\/\/www.lesjouetsvoyageurs.com\/location\/wp-json\/wp\/v2\/product_tag?post=6362"}],"curies":[{"name":"wp","href":"https:\/\/api.w.org\/{rel}","templated":true}]}}