{"id":6380,"date":"2022-09-21T11:02:53","date_gmt":"2022-09-21T09:02:53","guid":{"rendered":"https:\/\/www.lesjouetsvoyageurs.com\/location\/?post_type=product&#038;p=6380"},"modified":"2024-12-15T14:19:18","modified_gmt":"2024-12-15T12:19:18","slug":"jeu-ptit-market-djeco","status":"publish","type":"product","link":"https:\/\/www.lesjouetsvoyageurs.com\/location\/jouets\/jeu-ptit-market-djeco\/","title":{"rendered":"Jeu ptit market Djeco"},"content":{"rendered":"<p>Le jeu Ptit market Djeco est un jeu de parcours et d&rsquo;achat qui initie les enfants \u00e0 la gestion de l&rsquo;argent. Les enfant de 5 \u00e0 10 ans pourront apprendre \u00e0 rendre la monnaie, et \u00e0 calculer des remises. Le jeu Ptit market est une mani\u00e8re ludique d&rsquo;apprendre \u00e0 manipuler les chiffres.<\/p>\n<p>Comment jouer ? Les joueurs ont une liste de courses \u00e0 r\u00e9aliser. En fonction des cases du plateau, les joueurs vont recevoir des pi\u00e8ces, en d\u00e9penser et obtenir des remises. Pour gagner, il faudra \u00eatre le premier joueur \u00e0 terminer les achats de sa liste de courses.<\/p>\n<p>Ptit market se joue de 2 \u00e0 4 personnes et il est id\u00e9al de 5 \u00e0 10 ans.<\/p>\n<p>Envie d&rsquo;en savoir plus sur les engagements de la marque?<br \/>\n\ud83d\udc49 Consultez la pr\u00e9sentation de <a href=\"https:\/\/www.djeco.com\/fr\" target=\"_blank\" rel=\"noopener\">Djeco<\/a>.<\/p>\n<p><span style=\"font-size: 14.4px;\">\ud83d\udc95 Pour apprendre \u00e0 g\u00e9rer l&rsquo;argent<\/span><\/p>\n<p>LE PRIX ABONN\u00c9 C&rsquo;EST QUOI?<\/p>\n<p>Vous avez un coup de coeur pour un jouet propos\u00e9 \u00e0 la location?<br \/>\nNous vous proposons de garder chaque jouet lou\u00e9 \u00e0 un prix pr\u00e9f\u00e9rentiel, clairement indiqu\u00e9 sur chaque fiche.<\/p>\n","protected":false},"excerpt":{"rendered":"<p>Jeu Ptit market Djeco<\/p>\n<p>\u2764 Jeu d&rsquo;achat pour manipuler les chiffres<br \/>\n\u2764 Parties rapides 15 min<br \/>\n\u2764 Pour 2 \u00e0 4 joueurs<\/p>\n","protected":false},"featured_media":6382,"template":"","meta":[],"product_cat":[15],"product_tag":[],"_links":{"self":[{"href":"https:\/\/www.lesjouetsvoyageurs.com\/location\/wp-json\/wp\/v2\/product\/6380"}],"collection":[{"href":"https:\/\/www.lesjouetsvoyageurs.com\/location\/wp-json\/wp\/v2\/product"}],"about":[{"href":"https:\/\/www.lesjouetsvoyageurs.com\/location\/wp-json\/wp\/v2\/types\/product"}],"wp:featuredmedia":[{"embeddable":true,"href":"https:\/\/www.lesjouetsvoyageurs.com\/location\/wp-json\/wp\/v2\/media\/6382"}],"wp:attachment":[{"href":"https:\/\/www.lesjouetsvoyageurs.com\/location\/wp-json\/wp\/v2\/media?parent=6380"}],"wp:term":[{"taxonomy":"product_cat","embeddable":true,"href":"https:\/\/www.lesjouetsvoyageurs.com\/location\/wp-json\/wp\/v2\/product_cat?post=6380"},{"taxonomy":"product_tag","embeddable":true,"href":"https:\/\/www.lesjouetsvoyageurs.com\/location\/wp-json\/wp\/v2\/product_tag?post=6380"}],"curies":[{"name":"wp","href":"https:\/\/api.w.org\/{rel}","templated":true}]}}