{"id":6384,"date":"2022-09-21T12:02:56","date_gmt":"2022-09-21T10:02:56","guid":{"rendered":"https:\/\/www.lesjouetsvoyageurs.com\/location\/?post_type=product&#038;p=6384"},"modified":"2023-09-06T13:20:04","modified_gmt":"2023-09-06T11:20:04","slug":"livre-d-eveil-sensoriel","status":"publish","type":"product","link":"https:\/\/www.lesjouetsvoyageurs.com\/location\/jouets\/livre-d-eveil-sensoriel\/","title":{"rendered":"Livre d&rsquo;\u00e9veil sensoriel en tissu 0-12 mois"},"content":{"rendered":"<p>Ce livre d&rsquo;\u00e9veil sensoriel va permettre \u00e0 b\u00e9b\u00e9 de d\u00e9couvrir le toucher avec diff\u00e9rentes mati\u00e8res. L&rsquo;ou\u00efe sera aussi sollicit\u00e9e gr\u00e2ce \u00e0 des mati\u00e8res qui font du bruit ou des billes cach\u00e9es dans les pages. On aime aussi les couleurs vives et contrast\u00e9es adapt\u00e9es \u00e0 la vue des tout-petits.<\/p>\n<p>Le livre permet aussi \u00e0 b\u00e9b\u00e9 de d\u00e9couvrir plusieurs \u00e9l\u00e9ments comme une pomme, soleil et beaucoup d&rsquo;animaux : coccinelle, h\u00e9risson, mouton, tortue, papillon et canard. Un petit livre id\u00e9al pour les b\u00e9b\u00e9 de 0 \u00e0 12 mois.<\/p>\n<p><span style=\"font-size: 14.4px;\">\ud83d\udc95 Livre d&rsquo;\u00e9veil sensoriel en tissu<\/span><\/p>\n<p>LE PRIX ABONN\u00c9 C&rsquo;EST QUOI?<\/p>\n<p>Vous avez un coup de coeur pour un jouet propos\u00e9 \u00e0 la location?<br \/>\nNous vous proposons de garder chaque jouet lou\u00e9 \u00e0 un prix pr\u00e9f\u00e9rentiel, clairement indiqu\u00e9 sur chaque fiche.<\/p>\n","protected":false},"excerpt":{"rendered":"<p>Livre d&rsquo;\u00e9veil sensoriel en tissu<\/p>\n<p>\u2764 Tr\u00e8s color\u00e9<br \/>\n\u2764 Divers \u00e9l\u00e9ments sonores<br \/>\n\u2764 Diff\u00e9rentes textures<\/p>\n","protected":false},"featured_media":6423,"template":"","meta":[],"product_cat":[15],"product_tag":[],"_links":{"self":[{"href":"https:\/\/www.lesjouetsvoyageurs.com\/location\/wp-json\/wp\/v2\/product\/6384"}],"collection":[{"href":"https:\/\/www.lesjouetsvoyageurs.com\/location\/wp-json\/wp\/v2\/product"}],"about":[{"href":"https:\/\/www.lesjouetsvoyageurs.com\/location\/wp-json\/wp\/v2\/types\/product"}],"wp:featuredmedia":[{"embeddable":true,"href":"https:\/\/www.lesjouetsvoyageurs.com\/location\/wp-json\/wp\/v2\/media\/6423"}],"wp:attachment":[{"href":"https:\/\/www.lesjouetsvoyageurs.com\/location\/wp-json\/wp\/v2\/media?parent=6384"}],"wp:term":[{"taxonomy":"product_cat","embeddable":true,"href":"https:\/\/www.lesjouetsvoyageurs.com\/location\/wp-json\/wp\/v2\/product_cat?post=6384"},{"taxonomy":"product_tag","embeddable":true,"href":"https:\/\/www.lesjouetsvoyageurs.com\/location\/wp-json\/wp\/v2\/product_tag?post=6384"}],"curies":[{"name":"wp","href":"https:\/\/api.w.org\/{rel}","templated":true}]}}