{"id":6390,"date":"2022-09-21T14:16:01","date_gmt":"2022-09-21T12:16:01","guid":{"rendered":"https:\/\/www.lesjouetsvoyageurs.com\/location\/?post_type=product&#038;p=6390"},"modified":"2023-10-21T13:42:58","modified_gmt":"2023-10-21T11:42:58","slug":"bonjour-petit-pot-haba","status":"publish","type":"product","link":"https:\/\/www.lesjouetsvoyageurs.com\/location\/jouets\/bonjour-petit-pot-haba\/","title":{"rendered":"Bonjour petit pot ! D\u00e8s 2 ans"},"content":{"rendered":"<p>Bonjour petit pot ! est un jeu Haba accessible d\u00e8s 2 ans. Il est parfait pour accompagner l&rsquo;acquisition de la propret\u00e9 chez les tout-petits !<\/p>\n<p>Il existe deux mani\u00e8res de jouer : le jeu libre et le jeu de d\u00e9 coop\u00e9ratif. Avec le jeu libre, l&rsquo;enfant manipule les diff\u00e9rents \u00e9l\u00e9ments du jeu pour se familiariser avec les notions. Par exemple, votre enfant peut nourrir Pia et Paul, qui vont ensuite faire pipi dans le pot. Une mani\u00e8re ludique d&rsquo;aborder l&rsquo;apprentissage de la propret\u00e9.<\/p>\n<p>Lorsqu&rsquo;ils lancent le d\u00e9, les enfants r\u00e9alisent l&rsquo;action correspondante. Il peuvent avancer le pot ou faire boire un des enfants. Si on donne beaucoup \u00e0 boire \u00e0 Paul et Pia, l&rsquo;accident est vite arriv\u00e9 ! Il faudra alors utiliser la plaquette balai serpill\u00e8re pour nettoyer.<\/p>\n<p>Les parties de Bonjour Petit Pot ! durent entre 5 et 10 min. Un rythme rapide adapt\u00e9 aux plus petits.<\/p>\n<p>Envie d&rsquo;en savoir plus sur les engagements de la marque?<br \/>\n\ud83d\udc49 Consultez la pr\u00e9sentation de <a href=\"https:\/\/www.haba-play.com\/fr_FR\" target=\"_blank\" rel=\"noopener\">Haba<\/a>.<\/p>\n<p><span style=\"font-size: 14.4px;\">\ud83d\udc95 Accompagne l&rsquo;acquisition de la propret\u00e9<\/span><\/p>\n<p>LE PRIX ABONN\u00c9 C&rsquo;EST QUOI?<\/p>\n<p>Vous avez un coup de coeur pour un jouet propos\u00e9 \u00e0 la location?<br \/>\nNous vous proposons de garder chaque jouet lou\u00e9 \u00e0 un prix pr\u00e9f\u00e9rentiel, clairement indiqu\u00e9 sur chaque fiche.<\/p>\n","protected":false},"excerpt":{"rendered":"<p>Bonjour petit pot !<\/p>\n<p>\u2764 D\u00e9veloppe et favorise la propret\u00e9<br \/>\n\u2764 Adapt\u00e9 aux tout-petits d\u00e8s 2 ans<br \/>\n\u2764 2 modes de jeu propos\u00e9s<\/p>\n","protected":false},"featured_media":6394,"template":"","meta":[],"product_cat":[15],"product_tag":[],"_links":{"self":[{"href":"https:\/\/www.lesjouetsvoyageurs.com\/location\/wp-json\/wp\/v2\/product\/6390"}],"collection":[{"href":"https:\/\/www.lesjouetsvoyageurs.com\/location\/wp-json\/wp\/v2\/product"}],"about":[{"href":"https:\/\/www.lesjouetsvoyageurs.com\/location\/wp-json\/wp\/v2\/types\/product"}],"wp:featuredmedia":[{"embeddable":true,"href":"https:\/\/www.lesjouetsvoyageurs.com\/location\/wp-json\/wp\/v2\/media\/6394"}],"wp:attachment":[{"href":"https:\/\/www.lesjouetsvoyageurs.com\/location\/wp-json\/wp\/v2\/media?parent=6390"}],"wp:term":[{"taxonomy":"product_cat","embeddable":true,"href":"https:\/\/www.lesjouetsvoyageurs.com\/location\/wp-json\/wp\/v2\/product_cat?post=6390"},{"taxonomy":"product_tag","embeddable":true,"href":"https:\/\/www.lesjouetsvoyageurs.com\/location\/wp-json\/wp\/v2\/product_tag?post=6390"}],"curies":[{"name":"wp","href":"https:\/\/api.w.org\/{rel}","templated":true}]}}