{"id":6396,"date":"2022-09-21T15:04:05","date_gmt":"2022-09-21T13:04:05","guid":{"rendered":"https:\/\/www.lesjouetsvoyageurs.com\/location\/?post_type=product&#038;p=6396"},"modified":"2024-04-29T14:15:33","modified_gmt":"2024-04-29T12:15:33","slug":"jeu-tekitoua-janod","status":"publish","type":"product","link":"https:\/\/www.lesjouetsvoyageurs.com\/location\/jouets\/jeu-tekitoua-janod\/","title":{"rendered":"Jeu tekitoua Janod d\u00e8s 5 ans"},"content":{"rendered":"<p>Tekitoua est un jeu de strat\u00e9gie et de rapidit\u00e9 qui stimule l&rsquo;observation. Il reprend les r\u00e8gles du c\u00e9l\u00e8bre \u00ab\u00a0Qui est-ce?\u00a0\u00bb mais se renouvelle grace \u00e0 ses pi\u00e8ces magn\u00e9tiques, ses personnages rigolos et son plateau r\u00e9versible !<\/p>\n<p>Chaque joueur choisit un personnage et r\u00e9pond aux questions de son adversaire. Ton personnage porte-il un chapeau ? Ton animal est-il marron? Porte-il des lunettes? A l&rsquo;aide des r\u00e9ponses obtenus, on r\u00e9alise des d\u00e9ductions. On peut ensuite positionner des croix magn\u00e9tiques sur les personnages qui ne correspondent \u00e0 la r\u00e9ponse.\u00a0Lorsqu&rsquo;il ne reste qu&rsquo;un seul personnage \u00e0 l&rsquo;un des joueurs, il donne sa r\u00e9ponse et s&rsquo;il a devin\u00e9, c&rsquo;est gagn\u00e9!<\/p>\n<p>Le plateau est r\u00e9versible avec plus ou moins de personnages pour augmenter ou diminuer la difficult\u00e9 du jeu. Avec la face pr\u00e9sentant le moins de personnages, on peut jouer d\u00e8s 5 ans.<\/p>\n<p>Envie d&rsquo;en savoir plus sur les engagements de la marque?<br \/>\n\ud83d\udc49 Consultez la pr\u00e9sentation de <a href=\"https:\/\/www.janod.com\/fr\/\" target=\"_blank\" rel=\"noopener\">Janod<\/a>.<\/p>\n<p><span style=\"font-size: 14.4px;\">\ud83d\udc95 Un jeu de \u00ab\u00a0Qui est-ce\u00a0\u00bb magn\u00e9tique<\/span><\/p>\n<p>LE PRIX ABONN\u00c9 C&rsquo;EST QUOI?<\/p>\n<p>Vous avez un coup de coeur pour un jouet propos\u00e9 \u00e0 la location?<br \/>\nNous vous proposons de garder chaque jouet lou\u00e9 \u00e0 un prix pr\u00e9f\u00e9rentiel, clairement indiqu\u00e9 sur chaque fiche.<\/p>\n","protected":false},"excerpt":{"rendered":"<p>Jeu Tekitoua Janod<\/p>\n<p>\u2764 Stimule la logique et l&rsquo;observation<br \/>\n\u2764 Plateau r\u00e9versible<br \/>\n\u2764 Accessible d\u00e8s 5 ans<\/p>\n","protected":false},"featured_media":6400,"template":"","meta":[],"product_cat":[15],"product_tag":[],"_links":{"self":[{"href":"https:\/\/www.lesjouetsvoyageurs.com\/location\/wp-json\/wp\/v2\/product\/6396"}],"collection":[{"href":"https:\/\/www.lesjouetsvoyageurs.com\/location\/wp-json\/wp\/v2\/product"}],"about":[{"href":"https:\/\/www.lesjouetsvoyageurs.com\/location\/wp-json\/wp\/v2\/types\/product"}],"wp:featuredmedia":[{"embeddable":true,"href":"https:\/\/www.lesjouetsvoyageurs.com\/location\/wp-json\/wp\/v2\/media\/6400"}],"wp:attachment":[{"href":"https:\/\/www.lesjouetsvoyageurs.com\/location\/wp-json\/wp\/v2\/media?parent=6396"}],"wp:term":[{"taxonomy":"product_cat","embeddable":true,"href":"https:\/\/www.lesjouetsvoyageurs.com\/location\/wp-json\/wp\/v2\/product_cat?post=6396"},{"taxonomy":"product_tag","embeddable":true,"href":"https:\/\/www.lesjouetsvoyageurs.com\/location\/wp-json\/wp\/v2\/product_tag?post=6396"}],"curies":[{"name":"wp","href":"https:\/\/api.w.org\/{rel}","templated":true}]}}