{"id":6404,"date":"2022-09-21T15:42:46","date_gmt":"2022-09-21T13:42:46","guid":{"rendered":"https:\/\/www.lesjouetsvoyageurs.com\/location\/?post_type=product&#038;p=6404"},"modified":"2023-12-07T22:07:10","modified_gmt":"2023-12-07T20:07:10","slug":"jeu-d-engrenages-janod","status":"publish","type":"product","link":"https:\/\/www.lesjouetsvoyageurs.com\/location\/jouets\/jeu-d-engrenages-janod\/","title":{"rendered":"Jeu d&rsquo;engrenages Mare aux canards d\u00e8s 18 mois"},"content":{"rendered":"<p>Ce jeu d&rsquo;engrenages Janod accessible d\u00e8s 18 mois repr\u00e9sente une mare aux canards. Il faudra placer les diff\u00e9rents engrenages sur les emplacements pr\u00e9vus en s&rsquo;aidant des couleurs. Lorsque tout est en place, on tourne une poign\u00e9e et les canards se mettent en mouvement ! Un des petits carnards poss\u00e8de un petit grelot et un doux son de clochette retentit !<\/p>\n<p>Ce beau jeu d&rsquo;engrenages en bois encourage la pr\u00e9cision, la motricit\u00e9 fine et la concentration de votre enfant.<\/p>\n<p>Envie d&rsquo;en savoir plus sur les engagements de la marque?<br \/>\n\ud83d\udc49 Consultez la pr\u00e9sentation de <a href=\"https:\/\/www.janod.com\/fr\/\" target=\"_blank\" rel=\"noopener\">Janod<\/a>.<\/p>\n<p><span style=\"font-size: 14.4px;\">\ud83d\udc95 Jeu de motricit\u00e9 fine<\/span><\/p>\n<p>La mare aux canards convient aux enfants de 18 \u00e0 36 mois.<\/p>\n<p>LE PRIX ABONN\u00c9 C&rsquo;EST QUOI?<\/p>\n<p>Vous avez un coup de coeur pour un jouet propos\u00e9 \u00e0 la location?<br \/>\nNous vous proposons de garder chaque jouet lou\u00e9 \u00e0 un prix pr\u00e9f\u00e9rentiel, clairement indiqu\u00e9 sur chaque fiche.<\/p>\n","protected":false},"excerpt":{"rendered":"<p>Mare aux canards<\/p>\n<p>\u2764 Stimule l&rsquo;agilit\u00e9<br \/>\n\u2764 Jouet en bois<br \/>\n\u2764 Jouet ludique d\u00e8s 18 mois<\/p>\n","protected":false},"featured_media":6407,"template":"","meta":[],"product_cat":[15],"product_tag":[],"_links":{"self":[{"href":"https:\/\/www.lesjouetsvoyageurs.com\/location\/wp-json\/wp\/v2\/product\/6404"}],"collection":[{"href":"https:\/\/www.lesjouetsvoyageurs.com\/location\/wp-json\/wp\/v2\/product"}],"about":[{"href":"https:\/\/www.lesjouetsvoyageurs.com\/location\/wp-json\/wp\/v2\/types\/product"}],"wp:featuredmedia":[{"embeddable":true,"href":"https:\/\/www.lesjouetsvoyageurs.com\/location\/wp-json\/wp\/v2\/media\/6407"}],"wp:attachment":[{"href":"https:\/\/www.lesjouetsvoyageurs.com\/location\/wp-json\/wp\/v2\/media?parent=6404"}],"wp:term":[{"taxonomy":"product_cat","embeddable":true,"href":"https:\/\/www.lesjouetsvoyageurs.com\/location\/wp-json\/wp\/v2\/product_cat?post=6404"},{"taxonomy":"product_tag","embeddable":true,"href":"https:\/\/www.lesjouetsvoyageurs.com\/location\/wp-json\/wp\/v2\/product_tag?post=6404"}],"curies":[{"name":"wp","href":"https:\/\/api.w.org\/{rel}","templated":true}]}}