{"id":6409,"date":"2022-09-21T16:22:10","date_gmt":"2022-09-21T14:22:10","guid":{"rendered":"https:\/\/www.lesjouetsvoyageurs.com\/location\/?post_type=product&#038;p=6409"},"modified":"2023-04-14T19:27:51","modified_gmt":"2023-04-14T17:27:51","slug":"baby-foot-bois-janod","status":"publish","type":"product","link":"https:\/\/www.lesjouetsvoyageurs.com\/location\/jouets\/baby-foot-bois-janod\/","title":{"rendered":"Mini baby-foot en bois Janod"},"content":{"rendered":"<p>Ce mini baby-foot en bois Janod est parfait pour organiser des matchs en famille ou avec ses amis. Trois balles sont incluses et le mini baby-foot en bois Janod se transporte facilement grace \u00e0 son petit format compact. On aime la peinture ardoise utilis\u00e9e qui permet de noter les scores avec une craie !<\/p>\n<p>Ce jeu en bois stimule la coordination entre les yeux et les mains et promet de belles parties !<\/p>\n<p>Envie d&rsquo;en savoir plus sur les engagements de la marque?<br \/>\n\ud83d\udc49 Consultez la pr\u00e9sentation de <a href=\"https:\/\/www.janod.com\/fr\/\" target=\"_blank\" rel=\"noopener\">Janod<\/a>.<\/p>\n<p><span style=\"font-size: 14.4px;\">\ud83d\udc95 L&rsquo;incontournable baby-foot en version mini<\/span><\/p>\n<p>Ce jeu en bois convient aux enfants de 3 \u00e0 8 ans.<\/p>\n<p>LE PRIX ABONN\u00c9 C&rsquo;EST QUOI?<\/p>\n<p>Vous avez un coup de coeur pour un jouet propos\u00e9 \u00e0 la location?<br \/>\nNous vous proposons de garder chaque jouet lou\u00e9 \u00e0 un prix pr\u00e9f\u00e9rentiel, clairement indiqu\u00e9 sur chaque fiche.<\/p>\n","protected":false},"excerpt":{"rendered":"<p>Mini baby-foot en bois Janod<\/p>\n<p>\u2764 Stimule la coordination oeil-main<br \/>\n\u2764 Se joue de 3 \u00e0 8 ans<br \/>\n\u2764 Facile \u00e0 transporter<\/p>\n","protected":false},"featured_media":6413,"template":"","meta":[],"product_cat":[15],"product_tag":[],"_links":{"self":[{"href":"https:\/\/www.lesjouetsvoyageurs.com\/location\/wp-json\/wp\/v2\/product\/6409"}],"collection":[{"href":"https:\/\/www.lesjouetsvoyageurs.com\/location\/wp-json\/wp\/v2\/product"}],"about":[{"href":"https:\/\/www.lesjouetsvoyageurs.com\/location\/wp-json\/wp\/v2\/types\/product"}],"wp:featuredmedia":[{"embeddable":true,"href":"https:\/\/www.lesjouetsvoyageurs.com\/location\/wp-json\/wp\/v2\/media\/6413"}],"wp:attachment":[{"href":"https:\/\/www.lesjouetsvoyageurs.com\/location\/wp-json\/wp\/v2\/media?parent=6409"}],"wp:term":[{"taxonomy":"product_cat","embeddable":true,"href":"https:\/\/www.lesjouetsvoyageurs.com\/location\/wp-json\/wp\/v2\/product_cat?post=6409"},{"taxonomy":"product_tag","embeddable":true,"href":"https:\/\/www.lesjouetsvoyageurs.com\/location\/wp-json\/wp\/v2\/product_tag?post=6409"}],"curies":[{"name":"wp","href":"https:\/\/api.w.org\/{rel}","templated":true}]}}