{"id":6414,"date":"2022-09-21T17:13:56","date_gmt":"2022-09-21T15:13:56","guid":{"rendered":"https:\/\/www.lesjouetsvoyageurs.com\/location\/?post_type=product&#038;p=6414"},"modified":"2023-07-28T19:42:19","modified_gmt":"2023-07-28T17:42:19","slug":"playbox-conquete-spatiale","status":"publish","type":"product","link":"https:\/\/www.lesjouetsvoyageurs.com\/location\/jouets\/playbox-conquete-spatiale\/","title":{"rendered":"Playbox conqu\u00eate spatiale avec personnages en bois"},"content":{"rendered":"<p>La playbox conqu\u00eate spatiale est une bo\u00eete de jeu transportable sur le th\u00e8me de l&rsquo;espace. Elle contient 15 personnages en bois pour imaginer plein d&rsquo;aventures extraordinaires. Les astronautes, fus\u00e9es, extra-terrestres, soucoupes volantes et v\u00e9hicules se rangent dans le pochon en coton.<\/p>\n<p>Taille de la playbox conqu\u00eate spatiale : 22x29x10 cm<\/p>\n<p>Envie d&rsquo;en savoir plus sur les engagements de la marque?<br \/>\n\ud83d\udc49 Consultez la pr\u00e9sentation de <a href=\"https:\/\/flossandrock.co.uk\/\" target=\"_blank\" rel=\"noopener\">Floss&amp;Rock<\/a>.<\/p>\n<p><span style=\"font-size: 14.4px;\">\ud83d\udc95 Jeu d&rsquo;imagination<\/span><\/p>\n<p>Ce jeu convient aux enfants d\u00e8s 3 ans.<\/p>\n<p>LE PRIX ABONN\u00c9 C&rsquo;EST QUOI?<\/p>\n<p>Vous avez un coup de coeur pour un jouet propos\u00e9 \u00e0 la location?<br \/>\nNous vous proposons de garder chaque jouet lou\u00e9 \u00e0 un prix pr\u00e9f\u00e9rentiel, clairement indiqu\u00e9 sur chaque fiche.<\/p>\n","protected":false},"excerpt":{"rendered":"<p>Playbox conqu\u00eate spatiale<\/p>\n<p>\u2764 Stimule l&rsquo;imagination<br \/>\n\u2764 Jolies pi\u00e8ces en bois<br \/>\n\u2764 Facile \u00e0 transporter<\/p>\n","protected":false},"featured_media":6415,"template":"","meta":[],"product_cat":[15],"product_tag":[],"_links":{"self":[{"href":"https:\/\/www.lesjouetsvoyageurs.com\/location\/wp-json\/wp\/v2\/product\/6414"}],"collection":[{"href":"https:\/\/www.lesjouetsvoyageurs.com\/location\/wp-json\/wp\/v2\/product"}],"about":[{"href":"https:\/\/www.lesjouetsvoyageurs.com\/location\/wp-json\/wp\/v2\/types\/product"}],"wp:featuredmedia":[{"embeddable":true,"href":"https:\/\/www.lesjouetsvoyageurs.com\/location\/wp-json\/wp\/v2\/media\/6415"}],"wp:attachment":[{"href":"https:\/\/www.lesjouetsvoyageurs.com\/location\/wp-json\/wp\/v2\/media?parent=6414"}],"wp:term":[{"taxonomy":"product_cat","embeddable":true,"href":"https:\/\/www.lesjouetsvoyageurs.com\/location\/wp-json\/wp\/v2\/product_cat?post=6414"},{"taxonomy":"product_tag","embeddable":true,"href":"https:\/\/www.lesjouetsvoyageurs.com\/location\/wp-json\/wp\/v2\/product_tag?post=6414"}],"curies":[{"name":"wp","href":"https:\/\/api.w.org\/{rel}","templated":true}]}}