{"id":6433,"date":"2022-09-26T16:35:37","date_gmt":"2022-09-26T14:35:37","guid":{"rendered":"https:\/\/www.lesjouetsvoyageurs.com\/location\/?post_type=product&#038;p=6433"},"modified":"2023-03-30T10:20:42","modified_gmt":"2023-03-30T08:20:42","slug":"camion-glacier","status":"publish","type":"product","link":"https:\/\/www.lesjouetsvoyageurs.com\/location\/jouets\/camion-glacier\/","title":{"rendered":"Camion glacier et ses personnages en bois"},"content":{"rendered":"<p>Le camion glacier en bois est un jeu transportable. Ce camion contient 4 pi\u00e8ces. un pingouin qui conduit le camion glacier et 3 glaces originales. Les 3 glaces aux batonnets de diff\u00e9rentes formes sont \u00e0 placer sur le toit du camion \u00e0 l&#8217;emplacement correspondant. Elles peuvent aussi \u00eatre rang\u00e9es dans le camion.<\/p>\n<p>Envie d&rsquo;en savoir plus sur les engagements de la marque?<br \/>\n\ud83d\udc49 Consultez la pr\u00e9sentation de <a href=\"https:\/\/www.tenderleaftoys.com\/\" target=\"_blank\" rel=\"noopener\">Tender leaf<\/a>.<\/p>\n<p><span style=\"font-size: 14.4px;\">\ud83d\udc95 Jeu de motricit\u00e9<\/span><\/p>\n<p>Ce jeu convient aux enfants d\u00e8s 18 mois.<\/p>\n<p>LE PRIX ABONN\u00c9 C&rsquo;EST QUOI?<\/p>\n<p>Vous avez un coup de coeur pour un jouet propos\u00e9 \u00e0 la location?<br \/>\nNous vous proposons de garder chaque jouet lou\u00e9 \u00e0 un prix pr\u00e9f\u00e9rentiel, clairement indiqu\u00e9 sur chaque fiche.<\/p>\n","protected":false},"excerpt":{"rendered":"<p>Camion Glacier pingouin<\/p>\n<p>\u2764 Stimule la motricit\u00e9<br \/>\n\u2764 Jolies pi\u00e8ces en bois<br \/>\n\u2764 Facile \u00e0 transporter<\/p>\n","protected":false},"featured_media":6434,"template":"","meta":[],"product_cat":[15],"product_tag":[],"_links":{"self":[{"href":"https:\/\/www.lesjouetsvoyageurs.com\/location\/wp-json\/wp\/v2\/product\/6433"}],"collection":[{"href":"https:\/\/www.lesjouetsvoyageurs.com\/location\/wp-json\/wp\/v2\/product"}],"about":[{"href":"https:\/\/www.lesjouetsvoyageurs.com\/location\/wp-json\/wp\/v2\/types\/product"}],"wp:featuredmedia":[{"embeddable":true,"href":"https:\/\/www.lesjouetsvoyageurs.com\/location\/wp-json\/wp\/v2\/media\/6434"}],"wp:attachment":[{"href":"https:\/\/www.lesjouetsvoyageurs.com\/location\/wp-json\/wp\/v2\/media?parent=6433"}],"wp:term":[{"taxonomy":"product_cat","embeddable":true,"href":"https:\/\/www.lesjouetsvoyageurs.com\/location\/wp-json\/wp\/v2\/product_cat?post=6433"},{"taxonomy":"product_tag","embeddable":true,"href":"https:\/\/www.lesjouetsvoyageurs.com\/location\/wp-json\/wp\/v2\/product_tag?post=6433"}],"curies":[{"name":"wp","href":"https:\/\/api.w.org\/{rel}","templated":true}]}}