{"id":6439,"date":"2022-09-26T17:31:41","date_gmt":"2022-09-26T15:31:41","guid":{"rendered":"https:\/\/www.lesjouetsvoyageurs.com\/location\/?post_type=product&#038;p=6439"},"modified":"2024-04-29T14:15:33","modified_gmt":"2024-04-29T12:15:33","slug":"jeu-de-flechettes-robot","status":"publish","type":"product","link":"https:\/\/www.lesjouetsvoyageurs.com\/location\/jouets\/jeu-de-flechettes-robot\/","title":{"rendered":"Jeu de flechettes robot magn\u00e9tique"},"content":{"rendered":"<p>Ce jeu de flechettes robot comprend un panneau r\u00e9versible sur le th\u00e8me des robots et 6 fl\u00e9chettes magn\u00e9tiques.<\/p>\n<p>Pour pouvoir jouer, il suffit d&rsquo;attacher le panneau sur un mur. Chaque joueur dispose de 3 fl\u00e9chettes rouges ou bleues. Le but est de marquer le plus de points possibles en tirant les fl\u00e9chettes dans les zones num\u00e9rot\u00e9es.<\/p>\n<p>Les enfants peuvent jouer en toute s\u00e9curit\u00e9 car les fl\u00e9chettes ne comportent pas de pointes mais un embout m\u00e9tallique.<\/p>\n<p>Envie d&rsquo;en savoir plus sur les engagements de la marque?<br \/>\n\ud83d\udc49 Consultez la pr\u00e9sentation de <a href=\"https:\/\/www.scratch-europe.com\/fr-be\/\" target=\"_blank\" rel=\"noopener\">Scratch europe<\/a><\/p>\n<p><span style=\"font-size: 14.4px;\">\ud83d\udc95 Jeu d&rsquo;int\u00e9rieur ou ext\u00e9rieur<\/span><\/p>\n<p>Ce jeu convient aux enfants d\u00e8s 5 ans.<\/p>\n<p>LE PRIX ABONN\u00c9 C&rsquo;EST QUOI?<\/p>\n<p>Vous avez un coup de coeur pour un jouet propos\u00e9 \u00e0 la location?<br \/>\nNous vous proposons de garder chaque jouet lou\u00e9 \u00e0 un prix pr\u00e9f\u00e9rentiel, clairement indiqu\u00e9 sur chaque fiche.<\/p>\n","protected":false},"excerpt":{"rendered":"<p>Jeu de fl\u00e9chettes robot magn\u00e9tique<\/p>\n<p>\u2764 Th\u00e8me robots<br \/>\n\u2764 D\u00e8s 5 ans<br \/>\n\u2764 Utilisable partout int\u00e9rieur ext\u00e9rieur<\/p>\n","protected":false},"featured_media":6441,"template":"","meta":[],"product_cat":[15],"product_tag":[],"_links":{"self":[{"href":"https:\/\/www.lesjouetsvoyageurs.com\/location\/wp-json\/wp\/v2\/product\/6439"}],"collection":[{"href":"https:\/\/www.lesjouetsvoyageurs.com\/location\/wp-json\/wp\/v2\/product"}],"about":[{"href":"https:\/\/www.lesjouetsvoyageurs.com\/location\/wp-json\/wp\/v2\/types\/product"}],"wp:featuredmedia":[{"embeddable":true,"href":"https:\/\/www.lesjouetsvoyageurs.com\/location\/wp-json\/wp\/v2\/media\/6441"}],"wp:attachment":[{"href":"https:\/\/www.lesjouetsvoyageurs.com\/location\/wp-json\/wp\/v2\/media?parent=6439"}],"wp:term":[{"taxonomy":"product_cat","embeddable":true,"href":"https:\/\/www.lesjouetsvoyageurs.com\/location\/wp-json\/wp\/v2\/product_cat?post=6439"},{"taxonomy":"product_tag","embeddable":true,"href":"https:\/\/www.lesjouetsvoyageurs.com\/location\/wp-json\/wp\/v2\/product_tag?post=6439"}],"curies":[{"name":"wp","href":"https:\/\/api.w.org\/{rel}","templated":true}]}}