{"id":6442,"date":"2022-09-26T17:49:21","date_gmt":"2022-09-26T15:49:21","guid":{"rendered":"https:\/\/www.lesjouetsvoyageurs.com\/location\/?post_type=product&#038;p=6442"},"modified":"2023-03-27T11:44:32","modified_gmt":"2023-03-27T09:44:32","slug":"touts-petits-a-la-ferme","status":"publish","type":"product","link":"https:\/\/www.lesjouetsvoyageurs.com\/location\/jouets\/touts-petits-a-la-ferme\/","title":{"rendered":"Jeux des touts-petits \u00e0 la ferme Vilac"},"content":{"rendered":"<p>Cette boite de jeux des touts-petits \u00e0 la ferme Vilac contient 4 jeux. Ils sont adapt\u00e9s aux enfants \u00e0 partir de 2 ans. Le coffret contient un puzzle de 16 pi\u00e8ces sur le th\u00e8me de la ferme. Vous trouverez \u00e9galement une p\u00eache aux canards magn\u00e9tique avec 8 canards et 2 cannes \u00e0 p\u00eache. Le coffret contient \u00e9galement un jeu de l&rsquo;oie et un jeu de palets avec un d\u00e9.<\/p>\n<p>Chaque jeu pr\u00e9sent dans le coffret est adapt\u00e9 pour 2 \u00e0 4 joueurs.<\/p>\n<p>Envie d&rsquo;en savoir plus sur les engagements de la marque?<br \/>\n\ud83d\udc49 Consultez la pr\u00e9sentation de <a href=\"https:\/\/www.vilac.com\/fr\/\" target=\"_blank\" rel=\"noopener\">Vilac<\/a><\/p>\n<p><span style=\"font-size: 14.4px;\">\ud83d\udc95 Multi-jeux pour touts-petits<\/span><\/p>\n<p>Ce jeu convient aux enfants d\u00e8s 2 ans.<\/p>\n<p>LE PRIX ABONN\u00c9 C&rsquo;EST QUOI?<\/p>\n<p>Vous avez un coup de coeur pour un jouet propos\u00e9 \u00e0 la location?<br \/>\nNous vous proposons de garder chaque jouet lou\u00e9 \u00e0 un prix pr\u00e9f\u00e9rentiel, clairement indiqu\u00e9 sur chaque fiche.<\/p>\n","protected":false},"excerpt":{"rendered":"<p>Jeux des touts-petits \u00e0 la ferme<\/p>\n<p>\u2764 Facile \u00e0 transporter<br \/>\n\u2764 Accessible d\u00e8s 2 ans<br \/>\n\u2764 4 jeux en bois Vilac<\/p>\n","protected":false},"featured_media":6443,"template":"","meta":[],"product_cat":[15],"product_tag":[],"_links":{"self":[{"href":"https:\/\/www.lesjouetsvoyageurs.com\/location\/wp-json\/wp\/v2\/product\/6442"}],"collection":[{"href":"https:\/\/www.lesjouetsvoyageurs.com\/location\/wp-json\/wp\/v2\/product"}],"about":[{"href":"https:\/\/www.lesjouetsvoyageurs.com\/location\/wp-json\/wp\/v2\/types\/product"}],"wp:featuredmedia":[{"embeddable":true,"href":"https:\/\/www.lesjouetsvoyageurs.com\/location\/wp-json\/wp\/v2\/media\/6443"}],"wp:attachment":[{"href":"https:\/\/www.lesjouetsvoyageurs.com\/location\/wp-json\/wp\/v2\/media?parent=6442"}],"wp:term":[{"taxonomy":"product_cat","embeddable":true,"href":"https:\/\/www.lesjouetsvoyageurs.com\/location\/wp-json\/wp\/v2\/product_cat?post=6442"},{"taxonomy":"product_tag","embeddable":true,"href":"https:\/\/www.lesjouetsvoyageurs.com\/location\/wp-json\/wp\/v2\/product_tag?post=6442"}],"curies":[{"name":"wp","href":"https:\/\/api.w.org\/{rel}","templated":true}]}}