{"id":6445,"date":"2022-09-26T18:14:38","date_gmt":"2022-09-26T16:14:38","guid":{"rendered":"https:\/\/www.lesjouetsvoyageurs.com\/location\/?post_type=product&#038;p=6445"},"modified":"2022-10-10T16:06:52","modified_gmt":"2022-10-10T14:06:52","slug":"tapis-play-and-go","status":"publish","type":"product","link":"https:\/\/www.lesjouetsvoyageurs.com\/location\/jouets\/tapis-play-and-go\/","title":{"rendered":"Tapis matelass\u00e9 3 en 1 Play &#038; Go"},"content":{"rendered":"<p>Ce tapis matelass\u00e9 3 en 1 Play &amp; Go est id\u00e9al pour les tout-petits. Il sert \u00e0 la fois de sac de rangement et de transport pour les jouets, mais aussi de tapis de jeu et de sac \u00e0 langer. Ce magnifique tapis en coton jersey de haute qualit\u00e9 mesure 120 cm de diam\u00e8tre.<\/p>\n<p>Ce sac Play &amp; Go 3 en 1 est muni d&rsquo;une bandouli\u00e8re qui permet de le transporter partout facilement. La bandouli\u00e8re r\u00e9glable et d\u00e9tachable permet d&rsquo;accrocher le sac sur une poussette.<\/p>\n<p>Envie d&rsquo;en savoir plus sur les engagements de la marque?<br \/>\n\ud83d\udc49 Consultez la pr\u00e9sentation de <a href=\"https:\/\/fr.playandgo.com\/\" target=\"_blank\" rel=\"noopener\">Play and go<\/a><\/p>\n<p><span style=\"font-size: 14.4px;\">\ud83d\udc95 Sac 3 en 1\u00a0<\/span><\/p>\n<p>LE PRIX ABONN\u00c9 C&rsquo;EST QUOI?<\/p>\n<p>Vous avez un coup de coeur pour un jouet propos\u00e9 \u00e0 la location?<br \/>\nNous vous proposons de garder chaque jouet lou\u00e9 \u00e0 un prix pr\u00e9f\u00e9rentiel, clairement indiqu\u00e9 sur chaque fiche.<\/p>\n","protected":false},"excerpt":{"rendered":"<p>Sac 3 en 1 Play &amp; Go<\/p>\n<p>\u2764 Facile \u00e0 transporter<br \/>\n\u2764 Tapis d&rsquo;\u00e9veil matelass\u00e9<br \/>\n\u2764 En coton jersey<\/p>\n","protected":false},"featured_media":6447,"template":"","meta":[],"product_cat":[15],"product_tag":[],"_links":{"self":[{"href":"https:\/\/www.lesjouetsvoyageurs.com\/location\/wp-json\/wp\/v2\/product\/6445"}],"collection":[{"href":"https:\/\/www.lesjouetsvoyageurs.com\/location\/wp-json\/wp\/v2\/product"}],"about":[{"href":"https:\/\/www.lesjouetsvoyageurs.com\/location\/wp-json\/wp\/v2\/types\/product"}],"wp:featuredmedia":[{"embeddable":true,"href":"https:\/\/www.lesjouetsvoyageurs.com\/location\/wp-json\/wp\/v2\/media\/6447"}],"wp:attachment":[{"href":"https:\/\/www.lesjouetsvoyageurs.com\/location\/wp-json\/wp\/v2\/media?parent=6445"}],"wp:term":[{"taxonomy":"product_cat","embeddable":true,"href":"https:\/\/www.lesjouetsvoyageurs.com\/location\/wp-json\/wp\/v2\/product_cat?post=6445"},{"taxonomy":"product_tag","embeddable":true,"href":"https:\/\/www.lesjouetsvoyageurs.com\/location\/wp-json\/wp\/v2\/product_tag?post=6445"}],"curies":[{"name":"wp","href":"https:\/\/api.w.org\/{rel}","templated":true}]}}