{"id":6450,"date":"2022-09-27T10:13:26","date_gmt":"2022-09-27T08:13:26","guid":{"rendered":"https:\/\/www.lesjouetsvoyageurs.com\/location\/?post_type=product&#038;p=6450"},"modified":"2023-06-06T04:08:08","modified_gmt":"2023-06-06T02:08:08","slug":"arc-en-ciel-silicone","status":"publish","type":"product","link":"https:\/\/www.lesjouetsvoyageurs.com\/location\/jouets\/arc-en-ciel-silicone\/","title":{"rendered":"Arc en ciel en silicone &#8211; d\u00e8s 6 mois"},"content":{"rendered":"<p>Cet arc en ciel en silicone est un jouet id\u00e9al pour les petits d\u00e8s 6 mois. Les arcs flexibles \u00e0 m\u00e2chouiller peuvent permettre \u00e0 votre enfant de soulager la douleur des dents. C&rsquo;est aussi un jeu d&rsquo;assemblage, de construction et d&rsquo;\u00e9quilibre compos\u00e9 de 7 pi\u00e8ces de tailles diff\u00e9rentes.<\/p>\n<p>Envie d&rsquo;en savoir plus sur les engagements de la marque?<br \/>\n\ud83d\udc49 Consultez la pr\u00e9sentation de\u00a0<a href=\"https:\/\/www.rammelaartje.nl\/\" target=\"_blank\" rel=\"noopener\">Rammelaartje<\/a>.<\/p>\n<p><span style=\"font-size: 14.4px;\">\ud83d\udc95 Jouet en silicone\u00a0<\/span><\/p>\n<p>Ce jeu convient aux enfants d\u00e8s 6 mois.<\/p>\n<p>LE PRIX ABONN\u00c9 C&rsquo;EST QUOI?<\/p>\n<p>Vous avez un coup de coeur pour un jouet propos\u00e9 \u00e0 la location?<br \/>\nNous vous proposons de garder chaque jouet lou\u00e9 \u00e0 un prix pr\u00e9f\u00e9rentiel, clairement indiqu\u00e9 sur chaque fiche.<\/p>\n","protected":false},"excerpt":{"rendered":"<p>Jeu d&rsquo;\u00e9quilibre arc en ciel<\/p>\n<p>\u2764 En silicone alimentaire<br \/>\n\u2764 Parfait d\u00e8s 6 mois<br \/>\n\u2764 Stimule l&rsquo;agilit\u00e9<\/p>\n","protected":false},"featured_media":6451,"template":"","meta":[],"product_cat":[15],"product_tag":[],"_links":{"self":[{"href":"https:\/\/www.lesjouetsvoyageurs.com\/location\/wp-json\/wp\/v2\/product\/6450"}],"collection":[{"href":"https:\/\/www.lesjouetsvoyageurs.com\/location\/wp-json\/wp\/v2\/product"}],"about":[{"href":"https:\/\/www.lesjouetsvoyageurs.com\/location\/wp-json\/wp\/v2\/types\/product"}],"wp:featuredmedia":[{"embeddable":true,"href":"https:\/\/www.lesjouetsvoyageurs.com\/location\/wp-json\/wp\/v2\/media\/6451"}],"wp:attachment":[{"href":"https:\/\/www.lesjouetsvoyageurs.com\/location\/wp-json\/wp\/v2\/media?parent=6450"}],"wp:term":[{"taxonomy":"product_cat","embeddable":true,"href":"https:\/\/www.lesjouetsvoyageurs.com\/location\/wp-json\/wp\/v2\/product_cat?post=6450"},{"taxonomy":"product_tag","embeddable":true,"href":"https:\/\/www.lesjouetsvoyageurs.com\/location\/wp-json\/wp\/v2\/product_tag?post=6450"}],"curies":[{"name":"wp","href":"https:\/\/api.w.org\/{rel}","templated":true}]}}