{"id":6456,"date":"2022-09-27T11:11:17","date_gmt":"2022-09-27T09:11:17","guid":{"rendered":"https:\/\/www.lesjouetsvoyageurs.com\/location\/?post_type=product&#038;p=6456"},"modified":"2023-02-18T17:23:40","modified_gmt":"2023-02-18T15:23:40","slug":"jeu-color-brain-junior","status":"publish","type":"product","link":"https:\/\/www.lesjouetsvoyageurs.com\/location\/jouets\/jeu-color-brain-junior\/","title":{"rendered":"Color Brain Junior &#8211; Quiz ultracolor\u00e9 !"},"content":{"rendered":"<p>Color brain junior est un quiz accessible \u00e0 partir de 7 ans. Le but du jeu est de r\u00e9pondre aux questions du jeu avec une ou plusieurs cartes couleurs afin de marquer 10 points et gagner la partie.<\/p>\n<p>Color brain junior se joue \u00e0 2 ou en \u00e9quipes. A son tour, le joueur pose la question indiqu\u00e9e sur la carte qu&rsquo;il vient de tirer et qui commence toujours par \u00ab Quelle couleur&#8230; ? \u00bb Il indique ensuite le nombre de r\u00e9ponse (et donc de couleurs) attendu. Il faut alors choisir parmi les 11 cartes disponibles, la ou les couleurs adapt\u00e9es.<\/p>\n<p>La dur\u00e9e moyenne d&rsquo;une partie est de 20 minutes.<\/p>\n<p>Envie d&rsquo;en savoir plus sur les engagements de la marque?<br \/>\n\ud83d\udc49 Consultez la pr\u00e9sentation de <a href=\"https:\/\/blackrockgames.fr\/\" target=\"_blank\" rel=\"noopener\">Blackrock games<\/a><\/p>\n<p><span style=\"font-size: 14.4px;\">\ud83d\udc95 Quizz ultra-color\u00e9 !<\/span><\/p>\n<p>Ce jeu convient aux enfants d\u00e8s 7 ans.<\/p>\n<p>LE PRIX ABONN\u00c9 C&rsquo;EST QUOI?<\/p>\n<p>Vous avez un coup de coeur pour un jouet propos\u00e9 \u00e0 la location?<br \/>\nNous vous proposons de garder chaque jouet lou\u00e9 \u00e0 un prix pr\u00e9f\u00e9rentiel, clairement indiqu\u00e9 sur chaque fiche.<\/p>\n","protected":false},"excerpt":{"rendered":"<p>Jeu Color Brain Junior<\/p>\n<p>\u2764 Facile \u00e0 transporter<br \/>\n\u2764 D\u00e8s 7 ans<br \/>\n\u2764 Jeu color\u00e9<\/p>\n","protected":false},"featured_media":6457,"template":"","meta":[],"product_cat":[15],"product_tag":[],"_links":{"self":[{"href":"https:\/\/www.lesjouetsvoyageurs.com\/location\/wp-json\/wp\/v2\/product\/6456"}],"collection":[{"href":"https:\/\/www.lesjouetsvoyageurs.com\/location\/wp-json\/wp\/v2\/product"}],"about":[{"href":"https:\/\/www.lesjouetsvoyageurs.com\/location\/wp-json\/wp\/v2\/types\/product"}],"wp:featuredmedia":[{"embeddable":true,"href":"https:\/\/www.lesjouetsvoyageurs.com\/location\/wp-json\/wp\/v2\/media\/6457"}],"wp:attachment":[{"href":"https:\/\/www.lesjouetsvoyageurs.com\/location\/wp-json\/wp\/v2\/media?parent=6456"}],"wp:term":[{"taxonomy":"product_cat","embeddable":true,"href":"https:\/\/www.lesjouetsvoyageurs.com\/location\/wp-json\/wp\/v2\/product_cat?post=6456"},{"taxonomy":"product_tag","embeddable":true,"href":"https:\/\/www.lesjouetsvoyageurs.com\/location\/wp-json\/wp\/v2\/product_tag?post=6456"}],"curies":[{"name":"wp","href":"https:\/\/api.w.org\/{rel}","templated":true}]}}