{"id":6458,"date":"2022-09-27T11:49:23","date_gmt":"2022-09-27T09:49:23","guid":{"rendered":"https:\/\/www.lesjouetsvoyageurs.com\/location\/?post_type=product&#038;p=6458"},"modified":"2025-01-02T20:13:05","modified_gmt":"2025-01-02T18:13:05","slug":"zombie-teenz-evolution","status":"publish","type":"product","link":"https:\/\/www.lesjouetsvoyageurs.com\/location\/jouets\/zombie-teenz-evolution\/","title":{"rendered":"Jeu Zombie teenz \u00e9volution &#8211; 8 ans et +"},"content":{"rendered":"<p>Zombie teenz \u00e9volution est un jeu coop\u00e9ratif \u00e0 partir de 8 ans dans lequel des Zombies envahissent la ville. La coop\u00e9ration avec les autres joueurs sera indispensable pour repousser les cr\u00e9atures ! Ensemble, rassemblez les 4 ingr\u00e9dients qui vous permettront de fabriquer un antidote contre les zombies.<\/p>\n<p>Au cours du jeu, des enveloppes myst\u00e8res apporteront des rebondissements avec leur lot de d\u00e9fis et de pouvoirs sp\u00e9ciaux. Jeu coop\u00e9ratif pour 2 \u00e0 4 joueurs.<\/p>\n<p>Envie d&rsquo;en savoir plus sur les engagements de la marque?<br \/>\n\ud83d\udc49 Consultez la pr\u00e9sentation de <a href=\"https:\/\/www.scorpionmasque.com\/fr\" target=\"_blank\" rel=\"noopener\">Scorpion masqu\u00e9<\/a><\/p>\n<p><span style=\"font-size: 14.4px;\">\ud83d\udc95 Jeu sur le th\u00e8me des zombies<\/span><\/p>\n<p>LE PRIX ABONN\u00c9 C&rsquo;EST QUOI?<\/p>\n<p>Vous avez un coup de coeur pour un jouet propos\u00e9 \u00e0 la location?<br \/>\nNous vous proposons de garder chaque jouet lou\u00e9 \u00e0 un prix pr\u00e9f\u00e9rentiel, clairement indiqu\u00e9 sur chaque fiche.<\/p>\n","protected":false},"excerpt":{"rendered":"<p>Jeu coop\u00e9ratif zombie teenz<\/p>\n<p>\u2764 Jeu qui \u00e9volue au fil des parties<br \/>\n\u2764 D\u00e8s 8 ans<br \/>\n\u2764 Partie de 20 min<\/p>\n","protected":false},"featured_media":6459,"template":"","meta":[],"product_cat":[15],"product_tag":[],"_links":{"self":[{"href":"https:\/\/www.lesjouetsvoyageurs.com\/location\/wp-json\/wp\/v2\/product\/6458"}],"collection":[{"href":"https:\/\/www.lesjouetsvoyageurs.com\/location\/wp-json\/wp\/v2\/product"}],"about":[{"href":"https:\/\/www.lesjouetsvoyageurs.com\/location\/wp-json\/wp\/v2\/types\/product"}],"wp:featuredmedia":[{"embeddable":true,"href":"https:\/\/www.lesjouetsvoyageurs.com\/location\/wp-json\/wp\/v2\/media\/6459"}],"wp:attachment":[{"href":"https:\/\/www.lesjouetsvoyageurs.com\/location\/wp-json\/wp\/v2\/media?parent=6458"}],"wp:term":[{"taxonomy":"product_cat","embeddable":true,"href":"https:\/\/www.lesjouetsvoyageurs.com\/location\/wp-json\/wp\/v2\/product_cat?post=6458"},{"taxonomy":"product_tag","embeddable":true,"href":"https:\/\/www.lesjouetsvoyageurs.com\/location\/wp-json\/wp\/v2\/product_tag?post=6458"}],"curies":[{"name":"wp","href":"https:\/\/api.w.org\/{rel}","templated":true}]}}