{"id":6461,"date":"2022-09-27T12:09:33","date_gmt":"2022-09-27T10:09:33","guid":{"rendered":"https:\/\/www.lesjouetsvoyageurs.com\/location\/?post_type=product&#038;p=6461"},"modified":"2024-04-29T14:15:33","modified_gmt":"2024-04-29T12:15:33","slug":"jeu-additions-djeco","status":"publish","type":"product","link":"https:\/\/www.lesjouetsvoyageurs.com\/location\/jouets\/jeu-additions-djeco\/","title":{"rendered":"Jeu de calcul et additions d\u00e8s 4\/5 ans"},"content":{"rendered":"<p>Ce jeu de calcul Djeco est \u00e0 la fois ludique et \u00e9ducatif. Il accompagne l&rsquo;enfant dans ses premiers apprentissages. Un premier jeu de calcul pens\u00e9<span style=\"font-size: 14.4px;\"> pour les enfants de 5 \u00e0 8 ans et accessible d\u00e8s 4 ans.<\/span><\/p>\n<p><span style=\"font-size: 14.4px;\">L&rsquo;enfant tire une carte et place dans la mare autant d&rsquo;animaux des diff\u00e9rentes esp\u00e8ces qu&rsquo;indiqu\u00e9. Il doit ensuite comptabiliser l&rsquo;ensemble des animaux pr\u00e9sents dans l&rsquo;eau. Il peut alors retourner la carte et v\u00e9rifier sa r\u00e9ponse.<\/span><\/p>\n<p>Envie d&rsquo;en savoir plus sur les engagements de la marque?<br \/>\n\ud83d\udc49 Consultez la pr\u00e9sentation de <a href=\"https:\/\/www.djeco.com\/fr\" target=\"_blank\" rel=\"noopener\">Djeco<\/a><\/p>\n<p><span style=\"font-size: 14.4px;\">\ud83d\udc95 Jeu \u00e9ducatif pour apprendre les additions.<\/span><\/p>\n<p>Ce jeu convient aux enfants d\u00e8s 4\/5 ans.<\/p>\n<p>LE PRIX ABONN\u00c9 C&rsquo;EST QUOI?<\/p>\n<p>Vous avez un coup de coeur pour un jouet propos\u00e9 \u00e0 la location?<br \/>\nNous vous proposons de garder chaque jouet lou\u00e9 \u00e0 un prix pr\u00e9f\u00e9rentiel, clairement indiqu\u00e9 sur chaque fiche.<\/p>\n","protected":false},"excerpt":{"rendered":"<p>Jeu \u00e9ducatif\u00a0 pour apprendre les additions<\/p>\n<p>\u2764 Apprendre tout en s&rsquo;amusant<br \/>\n\u2764 D\u00e8s 5 ans<br \/>\n\u2764 Simple<\/p>\n","protected":false},"featured_media":6463,"template":"","meta":[],"product_cat":[15],"product_tag":[],"_links":{"self":[{"href":"https:\/\/www.lesjouetsvoyageurs.com\/location\/wp-json\/wp\/v2\/product\/6461"}],"collection":[{"href":"https:\/\/www.lesjouetsvoyageurs.com\/location\/wp-json\/wp\/v2\/product"}],"about":[{"href":"https:\/\/www.lesjouetsvoyageurs.com\/location\/wp-json\/wp\/v2\/types\/product"}],"wp:featuredmedia":[{"embeddable":true,"href":"https:\/\/www.lesjouetsvoyageurs.com\/location\/wp-json\/wp\/v2\/media\/6463"}],"wp:attachment":[{"href":"https:\/\/www.lesjouetsvoyageurs.com\/location\/wp-json\/wp\/v2\/media?parent=6461"}],"wp:term":[{"taxonomy":"product_cat","embeddable":true,"href":"https:\/\/www.lesjouetsvoyageurs.com\/location\/wp-json\/wp\/v2\/product_cat?post=6461"},{"taxonomy":"product_tag","embeddable":true,"href":"https:\/\/www.lesjouetsvoyageurs.com\/location\/wp-json\/wp\/v2\/product_tag?post=6461"}],"curies":[{"name":"wp","href":"https:\/\/api.w.org\/{rel}","templated":true}]}}