{"id":6471,"date":"2022-10-04T17:46:42","date_gmt":"2022-10-04T15:46:42","guid":{"rendered":"https:\/\/www.lesjouetsvoyageurs.com\/location\/?post_type=product&#038;p=6471"},"modified":"2022-10-10T20:29:51","modified_gmt":"2022-10-10T18:29:51","slug":"jeu-magic-carrot-janod","status":"publish","type":"product","link":"https:\/\/www.lesjouetsvoyageurs.com\/location\/jouets\/jeu-magic-carrot-janod\/","title":{"rendered":"Jeu Magic Carrot Janod d\u00e8s 3 ans"},"content":{"rendered":"<p>Magic Carrot est un jeu de strat\u00e9gie pour les petits d\u00e8s 3 ans. Il permet aux enfants d&rsquo;apprendre \u00e0 jouer \u00e0 tour de r\u00f4le et \u00e0 g\u00e9rer leurs \u00e9motions. En effet, \u00e0 son tour chaque joueur tire le d\u00e9 pour d\u00e9terminer la couleurs de la carotte qu&rsquo;il va retirer du terrier.\u00a0Mais attention ! Il ne faut pas faire tomber le lapin&#8230;<\/p>\n<p>Envie d&rsquo;en savoir plus sur les engagements de la marque?<br \/>\n\ud83d\udc49 Consultez la pr\u00e9sentation de <a href=\"https:\/\/www.janod.com\/fr\/\" target=\"_blank\" rel=\"noopener\">Janod<\/a>.<\/p>\n<p><span style=\"font-size: 14.4px;\">\ud83d\udc95 Un premier jeu de soci\u00e9t\u00e9 d\u00e8s 3 ans<\/span><\/p>\n<p>LE PRIX ABONN\u00c9 C&rsquo;EST QUOI?<\/p>\n<p>Vous avez un coup de coeur pour un jouet propos\u00e9 \u00e0 la location?<br \/>\nNous vous proposons de garder chaque jouet lou\u00e9 \u00e0 un prix pr\u00e9f\u00e9rentiel, clairement indiqu\u00e9 sur chaque fiche.<\/p>\n","protected":false},"excerpt":{"rendered":"<p>Jeu Magic Carrot Janod<\/p>\n<p>\u2764 Stimule la logique et l&rsquo;observation<br \/>\n\u2764 Apprendre les couleurs<br \/>\n\u2764 Accessible d\u00e8s 3 ans<\/p>\n","protected":false},"featured_media":6472,"template":"","meta":[],"product_cat":[15],"product_tag":[],"_links":{"self":[{"href":"https:\/\/www.lesjouetsvoyageurs.com\/location\/wp-json\/wp\/v2\/product\/6471"}],"collection":[{"href":"https:\/\/www.lesjouetsvoyageurs.com\/location\/wp-json\/wp\/v2\/product"}],"about":[{"href":"https:\/\/www.lesjouetsvoyageurs.com\/location\/wp-json\/wp\/v2\/types\/product"}],"wp:featuredmedia":[{"embeddable":true,"href":"https:\/\/www.lesjouetsvoyageurs.com\/location\/wp-json\/wp\/v2\/media\/6472"}],"wp:attachment":[{"href":"https:\/\/www.lesjouetsvoyageurs.com\/location\/wp-json\/wp\/v2\/media?parent=6471"}],"wp:term":[{"taxonomy":"product_cat","embeddable":true,"href":"https:\/\/www.lesjouetsvoyageurs.com\/location\/wp-json\/wp\/v2\/product_cat?post=6471"},{"taxonomy":"product_tag","embeddable":true,"href":"https:\/\/www.lesjouetsvoyageurs.com\/location\/wp-json\/wp\/v2\/product_tag?post=6471"}],"curies":[{"name":"wp","href":"https:\/\/api.w.org\/{rel}","templated":true}]}}