{"id":6475,"date":"2022-10-04T18:11:01","date_gmt":"2022-10-04T16:11:01","guid":{"rendered":"https:\/\/www.lesjouetsvoyageurs.com\/location\/?post_type=product&#038;p=6475"},"modified":"2023-07-06T09:06:26","modified_gmt":"2023-07-06T07:06:26","slug":"train-tropical-janod","status":"publish","type":"product","link":"https:\/\/www.lesjouetsvoyageurs.com\/location\/jouets\/train-tropical-janod\/","title":{"rendered":"Train Tropical \u00e0 tirer Janod d\u00e8s 12 mois"},"content":{"rendered":"<p>Le train tropical \u00e0 tirer Janod est compos\u00e9 de 3 wagons en bois et de 11 pi\u00e8ces pour former des personnages. Votre enfant pourra composer les personnages comme il le souhaite pour cr\u00e9er des animaux ou des personnages rigolos. Les pi\u00e8ces en bois permettent de r\u00e9aliser un perroquet, un palmier, un jaguar, un l\u00e9murien et un ananas. Votre enfant peut tirer le train tropical \u00e0 l&rsquo;aide d&rsquo;une ficelle.<\/p>\n<p>Ce train tropical est destin\u00e9 aux enfant d\u00e8s 12 mois.<\/p>\n<p>Envie d&rsquo;en savoir plus sur les engagements de la marque?<br \/>\n\ud83d\udc49 Consultez la pr\u00e9sentation de <a href=\"https:\/\/www.janod.com\/fr\/\" target=\"_blank\" rel=\"noopener\">Janod<\/a>.<\/p>\n<p><span style=\"font-size: 14.4px;\">\ud83d\udc95 Jouet \u00e0 tirer en bois<\/span><\/p>\n<p>LE PRIX ABONN\u00c9 C&rsquo;EST QUOI?<\/p>\n<p>Vous avez un coup de coeur pour un jouet propos\u00e9 \u00e0 la location?<br \/>\nNous vous proposons de garder chaque jouet lou\u00e9 \u00e0 un prix pr\u00e9f\u00e9rentiel, clairement indiqu\u00e9 sur chaque fiche.<\/p>\n","protected":false},"excerpt":{"rendered":"<p>Train Tropical \u00e0 tirer Janod<\/p>\n<p>\u2764 Stimule la coordination et la motricit\u00e9<br \/>\n\u2764 Transportable<br \/>\n\u2764 Accessible d\u00e8s 12 mois<\/p>\n","protected":false},"featured_media":6476,"template":"","meta":[],"product_cat":[15],"product_tag":[],"_links":{"self":[{"href":"https:\/\/www.lesjouetsvoyageurs.com\/location\/wp-json\/wp\/v2\/product\/6475"}],"collection":[{"href":"https:\/\/www.lesjouetsvoyageurs.com\/location\/wp-json\/wp\/v2\/product"}],"about":[{"href":"https:\/\/www.lesjouetsvoyageurs.com\/location\/wp-json\/wp\/v2\/types\/product"}],"wp:featuredmedia":[{"embeddable":true,"href":"https:\/\/www.lesjouetsvoyageurs.com\/location\/wp-json\/wp\/v2\/media\/6476"}],"wp:attachment":[{"href":"https:\/\/www.lesjouetsvoyageurs.com\/location\/wp-json\/wp\/v2\/media?parent=6475"}],"wp:term":[{"taxonomy":"product_cat","embeddable":true,"href":"https:\/\/www.lesjouetsvoyageurs.com\/location\/wp-json\/wp\/v2\/product_cat?post=6475"},{"taxonomy":"product_tag","embeddable":true,"href":"https:\/\/www.lesjouetsvoyageurs.com\/location\/wp-json\/wp\/v2\/product_tag?post=6475"}],"curies":[{"name":"wp","href":"https:\/\/api.w.org\/{rel}","templated":true}]}}