{"id":6478,"date":"2022-10-05T09:51:16","date_gmt":"2022-10-05T07:51:16","guid":{"rendered":"https:\/\/www.lesjouetsvoyageurs.com\/location\/?post_type=product&#038;p=6478"},"modified":"2023-06-25T22:57:54","modified_gmt":"2023-06-25T20:57:54","slug":"balle-en-silicone","status":"publish","type":"product","link":"https:\/\/www.lesjouetsvoyageurs.com\/location\/jouets\/balle-en-silicone\/","title":{"rendered":"Balle en silicone pour les tout-petits"},"content":{"rendered":"<p>Cette balle en silicone tr\u00e8s l\u00e9g\u00e8re et tr\u00e8s facile \u00e0 attraper permet de d\u00e9velopper la motricit\u00e9 de b\u00e9b\u00e9. Elle est tr\u00e8s souple et reprend toujours sa forme initiale lorsqu&rsquo;elle est pli\u00e9e. Coloris al\u00e9atoire.<\/p>\n<p>Envie d&rsquo;en savoir plus sur les engagements de la marque?<br \/>\n\ud83d\udc49 Consultez la pr\u00e9sentation de\u00a0<a href=\"https:\/\/www.rammelaartje.nl\/\" target=\"_blank\" rel=\"noopener\">Rammelaartje<\/a>.<\/p>\n<p><span style=\"font-size: 14.4px;\">\ud83d\udc95 Balle en silicone\u00a0<\/span><\/p>\n<p>Cette balle convient aux enfants d\u00e8s 6 mois.<\/p>\n<p>LE PRIX ABONN\u00c9 C&rsquo;EST QUOI?<\/p>\n<p>Vous avez un coup de coeur pour un jouet propos\u00e9 \u00e0 la location?<br \/>\nNous vous proposons de garder chaque jouet lou\u00e9 \u00e0 un prix pr\u00e9f\u00e9rentiel, clairement indiqu\u00e9 sur chaque fiche.<\/p>\n","protected":false},"excerpt":{"rendered":"<p>Balle en silicone<\/p>\n<p>\u2764 Balle souple<br \/>\n\u2764 Facile \u00e0 attraper<br \/>\n\u2764 Tr\u00e8s l\u00e9g\u00e8re<\/p>\n","protected":false},"featured_media":6479,"template":"","meta":[],"product_cat":[15],"product_tag":[],"_links":{"self":[{"href":"https:\/\/www.lesjouetsvoyageurs.com\/location\/wp-json\/wp\/v2\/product\/6478"}],"collection":[{"href":"https:\/\/www.lesjouetsvoyageurs.com\/location\/wp-json\/wp\/v2\/product"}],"about":[{"href":"https:\/\/www.lesjouetsvoyageurs.com\/location\/wp-json\/wp\/v2\/types\/product"}],"wp:featuredmedia":[{"embeddable":true,"href":"https:\/\/www.lesjouetsvoyageurs.com\/location\/wp-json\/wp\/v2\/media\/6479"}],"wp:attachment":[{"href":"https:\/\/www.lesjouetsvoyageurs.com\/location\/wp-json\/wp\/v2\/media?parent=6478"}],"wp:term":[{"taxonomy":"product_cat","embeddable":true,"href":"https:\/\/www.lesjouetsvoyageurs.com\/location\/wp-json\/wp\/v2\/product_cat?post=6478"},{"taxonomy":"product_tag","embeddable":true,"href":"https:\/\/www.lesjouetsvoyageurs.com\/location\/wp-json\/wp\/v2\/product_tag?post=6478"}],"curies":[{"name":"wp","href":"https:\/\/api.w.org\/{rel}","templated":true}]}}