{"id":6525,"date":"2022-10-30T08:23:11","date_gmt":"2022-10-30T06:23:11","guid":{"rendered":"https:\/\/www.lesjouetsvoyageurs.com\/location\/?post_type=product&#038;p=6525"},"modified":"2025-03-22T11:30:16","modified_gmt":"2025-03-22T09:30:16","slug":"blocs-construction-haba","status":"publish","type":"product","link":"https:\/\/www.lesjouetsvoyageurs.com\/location\/jouets\/blocs-construction-haba\/","title":{"rendered":"66 blocs de construction Haba"},"content":{"rendered":"<div class=\"product-description\"><span class=\"br\">Cet ensemble de 66 blocs de construction Haba contient des cubes, parall\u00e9l\u00e9pip\u00e8des, plaquettes et plaques. Autant d&rsquo;\u00e9l\u00e9ments pour s\u2019initier \u00e0 la construction et concevoir des mod\u00e8les et des b\u00e2timents pleins d\u2019imagination. Cet ensemble permet de mettre en place une m\u00e9thode de construction globale et un apprentissage cr\u00e9atif.<\/span><\/div>\n<p>Envie d&rsquo;en savoir plus sur les engagements de la marque?<br \/>\n\ud83d\udc49 Consultez la pr\u00e9sentation de Haba<\/p>\n<p><span style=\"font-size: 14.4px;\">\ud83d\udc95 N<\/span>otice et sac en coton inclus<\/p>\n<p>Cet ensemble convient aux enfants de 1 \u00e0 8 ans.<\/p>\n<p>LE PRIX ABONN\u00c9 C&rsquo;EST QUOI?<\/p>\n<p>Vous avez un coup de coeur pour un jouet propos\u00e9 \u00e0 la location?<br \/>\nNous vous proposons de garder chaque jouet lou\u00e9 \u00e0 un prix pr\u00e9f\u00e9rentiel, clairement indiqu\u00e9 sur chaque fiche.<\/p>\n","protected":false},"excerpt":{"rendered":"<p>66 blocs de construction<\/p>\n<p>\u2764 Fabrication allemande<br \/>\n\u2764 Bois FSC<br \/>\n\u2764 D\u00e9veloppe l&rsquo;imagination<\/p>\n","protected":false},"featured_media":6526,"template":"","meta":[],"product_cat":[15],"product_tag":[],"_links":{"self":[{"href":"https:\/\/www.lesjouetsvoyageurs.com\/location\/wp-json\/wp\/v2\/product\/6525"}],"collection":[{"href":"https:\/\/www.lesjouetsvoyageurs.com\/location\/wp-json\/wp\/v2\/product"}],"about":[{"href":"https:\/\/www.lesjouetsvoyageurs.com\/location\/wp-json\/wp\/v2\/types\/product"}],"wp:featuredmedia":[{"embeddable":true,"href":"https:\/\/www.lesjouetsvoyageurs.com\/location\/wp-json\/wp\/v2\/media\/6526"}],"wp:attachment":[{"href":"https:\/\/www.lesjouetsvoyageurs.com\/location\/wp-json\/wp\/v2\/media?parent=6525"}],"wp:term":[{"taxonomy":"product_cat","embeddable":true,"href":"https:\/\/www.lesjouetsvoyageurs.com\/location\/wp-json\/wp\/v2\/product_cat?post=6525"},{"taxonomy":"product_tag","embeddable":true,"href":"https:\/\/www.lesjouetsvoyageurs.com\/location\/wp-json\/wp\/v2\/product_tag?post=6525"}],"curies":[{"name":"wp","href":"https:\/\/api.w.org\/{rel}","templated":true}]}}