{"id":6528,"date":"2022-10-30T08:36:46","date_gmt":"2022-10-30T06:36:46","guid":{"rendered":"https:\/\/www.lesjouetsvoyageurs.com\/location\/?post_type=product&#038;p=6528"},"modified":"2022-11-24T13:59:22","modified_gmt":"2022-11-24T11:59:22","slug":"chateau-en-bois-goki","status":"publish","type":"product","link":"https:\/\/www.lesjouetsvoyageurs.com\/location\/jouets\/chateau-en-bois-goki\/","title":{"rendered":"Chateau en bois Goki"},"content":{"rendered":"<div class=\"product-description\">\n<p>Le ch\u00e2teau en bois Goki comprend 145 \u00e9l\u00e9ments de construction et de multiples possibilit\u00e9s de jeu. Certaines pi\u00e8ces sont d\u00e9cor\u00e9es pour repr\u00e9senter les fen\u00eatres, les portes ou les toits du ch\u00e2teau. \u00a0A construire, d\u00e9truire et reconstruire autant de fois que l&rsquo;on veut&#8230; Pour les enfants de 3 \u00e0 10 ans.<\/p>\n<\/div>\n<p>Envie d&rsquo;en savoir plus sur les engagements de la marque?<br \/>\n\ud83d\udc49 Consultez la pr\u00e9sentation de Goki<\/p>\n<p><span style=\"font-size: 14.4px;\">\ud83d\udc95 145 pi\u00e8ces \u00e0 assembler<\/span><\/p>\n<p>LE PRIX ABONN\u00c9 C&rsquo;EST QUOI?<\/p>\n<p>Vous avez un coup de coeur pour un jouet propos\u00e9 \u00e0 la location?<br \/>\nNous vous proposons de garder chaque jouet lou\u00e9 \u00e0 un prix pr\u00e9f\u00e9rentiel, clairement indiqu\u00e9 sur chaque fiche.<\/p>\n","protected":false},"excerpt":{"rendered":"<p>66 blocs de construction<\/p>\n<p>\u2764 Fabrication allemande<br \/>\n\u2764 Bois FSC<br \/>\n\u2764 D\u00e9veloppe l&rsquo;imagination<\/p>\n","protected":false},"featured_media":6530,"template":"","meta":[],"product_cat":[15],"product_tag":[],"_links":{"self":[{"href":"https:\/\/www.lesjouetsvoyageurs.com\/location\/wp-json\/wp\/v2\/product\/6528"}],"collection":[{"href":"https:\/\/www.lesjouetsvoyageurs.com\/location\/wp-json\/wp\/v2\/product"}],"about":[{"href":"https:\/\/www.lesjouetsvoyageurs.com\/location\/wp-json\/wp\/v2\/types\/product"}],"wp:featuredmedia":[{"embeddable":true,"href":"https:\/\/www.lesjouetsvoyageurs.com\/location\/wp-json\/wp\/v2\/media\/6530"}],"wp:attachment":[{"href":"https:\/\/www.lesjouetsvoyageurs.com\/location\/wp-json\/wp\/v2\/media?parent=6528"}],"wp:term":[{"taxonomy":"product_cat","embeddable":true,"href":"https:\/\/www.lesjouetsvoyageurs.com\/location\/wp-json\/wp\/v2\/product_cat?post=6528"},{"taxonomy":"product_tag","embeddable":true,"href":"https:\/\/www.lesjouetsvoyageurs.com\/location\/wp-json\/wp\/v2\/product_tag?post=6528"}],"curies":[{"name":"wp","href":"https:\/\/api.w.org\/{rel}","templated":true}]}}