{"id":6535,"date":"2022-11-03T18:44:24","date_gmt":"2022-11-03T16:44:24","guid":{"rendered":"https:\/\/www.lesjouetsvoyageurs.com\/location\/?post_type=product&#038;p=6535"},"modified":"2023-02-18T18:11:49","modified_gmt":"2023-02-18T16:11:49","slug":"jeu-de-societe-lady-richmond","status":"publish","type":"product","link":"https:\/\/www.lesjouetsvoyageurs.com\/location\/jouets\/jeu-de-societe-lady-richmond\/","title":{"rendered":"Jeu de societe lady richmond d\u00e8s 8 ans"},"content":{"rendered":"<p>Lady Richmond s&rsquo;est \u00e9teinte de mani\u00e8re inattendue, sans laisser de testament ! Sa succession est donc mise aux ench\u00e8re. L&rsquo;h\u00e9ritier qui parviendra \u00e0 placer son argent intelligemment et \u00e0 r\u00e9cup\u00e9rer les plus belles pi\u00e8ces misent aux ench\u00e8res sera le vainqueur de ce jeu Haba. Dans le jeu de soci\u00e9t\u00e9 Lady Richmond, chance, tactique, et rapidit\u00e9 sont au programme.<\/p>\n<p>Ce jeu convient de 8 \u00e0 99 ans, il peut se jouer de 2 \u00e0 5 personnes. Dur\u00e9e d&rsquo;une partie : environ 30 min.<\/p>\n<p>Envie d&rsquo;en savoir plus sur les engagements de la marque?<br \/>\n\ud83d\udc49 Consultez la pr\u00e9sentation de <a href=\"https:\/\/www.haba-play.com\/fr_FR\" target=\"_blank\" rel=\"noopener\">Haba<\/a>.<\/p>\n<p><span style=\"font-size: 14.4px;\">\ud83d\udc95 Jeu de soci\u00e9t\u00e9<\/span><\/p>\n<p>Convient aux enfants d\u00e8s 8 ans.<\/p>\n<p>LE PRIX ABONN\u00c9 C&rsquo;EST QUOI?<\/p>\n<p>Vous avez un coup de coeur pour un jouet propos\u00e9 \u00e0 la location?<br \/>\nNous vous proposons de garder chaque jouet lou\u00e9 \u00e0 un prix pr\u00e9f\u00e9rentiel, clairement indiqu\u00e9 sur chaque fiche.<\/p>\n","protected":false},"excerpt":{"rendered":"<p>Jeu de soci\u00e9t\u00e9 Lady Richmond<\/p>\n<p>\u2764 Jeu de plateau<br \/>\n\u2764 Faire preuve de rapidit\u00e9<br \/>\n\u2764 D\u00e8s 8 ans<\/p>\n","protected":false},"featured_media":6536,"template":"","meta":[],"product_cat":[15],"product_tag":[],"_links":{"self":[{"href":"https:\/\/www.lesjouetsvoyageurs.com\/location\/wp-json\/wp\/v2\/product\/6535"}],"collection":[{"href":"https:\/\/www.lesjouetsvoyageurs.com\/location\/wp-json\/wp\/v2\/product"}],"about":[{"href":"https:\/\/www.lesjouetsvoyageurs.com\/location\/wp-json\/wp\/v2\/types\/product"}],"wp:featuredmedia":[{"embeddable":true,"href":"https:\/\/www.lesjouetsvoyageurs.com\/location\/wp-json\/wp\/v2\/media\/6536"}],"wp:attachment":[{"href":"https:\/\/www.lesjouetsvoyageurs.com\/location\/wp-json\/wp\/v2\/media?parent=6535"}],"wp:term":[{"taxonomy":"product_cat","embeddable":true,"href":"https:\/\/www.lesjouetsvoyageurs.com\/location\/wp-json\/wp\/v2\/product_cat?post=6535"},{"taxonomy":"product_tag","embeddable":true,"href":"https:\/\/www.lesjouetsvoyageurs.com\/location\/wp-json\/wp\/v2\/product_tag?post=6535"}],"curies":[{"name":"wp","href":"https:\/\/api.w.org\/{rel}","templated":true}]}}