{"id":6666,"date":"2023-03-24T12:31:40","date_gmt":"2023-03-24T10:31:40","guid":{"rendered":"https:\/\/www.lesjouetsvoyageurs.com\/location\/?post_type=product&#038;p=6666"},"modified":"2023-03-24T13:19:35","modified_gmt":"2023-03-24T11:19:35","slug":"skyjo-action","status":"publish","type":"product","link":"https:\/\/www.lesjouetsvoyageurs.com\/location\/jouets\/skyjo-action\/","title":{"rendered":"Jeu de cartes Skyjo Action"},"content":{"rendered":"<p>Skyjo Action est une version plus r\u00e9cente et plus rapide du jeu Skyjo. La bo\u00eete comporte des cartes Action qui permettent de prendre des cartes aux autres joueurs, d&rsquo;en \u00e9changer, de r\u00e9aliser des blocages et plus encore. Skyjo Action est con\u00e7u pour \u00eatre plus dynamique et interactif que le jeu Skyjo original.<\/p>\n<p>Skyjo peut se jouer de 2 \u00e0 8 personnes. Id\u00e9al pour des soir\u00e9es entre amis ou en famille.<\/p>\n<p>La bo\u00eete de jeu Skyjo Action contient :<\/p>\n<ul>\n<li>150 cartes Skyjo Action (compos\u00e9es de cartes Nombre, de cartes Action sp\u00e9ciales et cartes d&rsquo;action de fin de manche)<\/li>\n<li>1 bloc-notes de score<\/li>\n<li>1 r\u00e8gle du jeu (en plusieurs langues)<\/li>\n<\/ul>\n<p>Comme dans le c\u00e9l\u00e8bre Skyjo, le but dans Skyjo Action est de marquer le moins de points possible. Pour cela, privil\u00e9giez les cartes \u00e0 faible valeur tout en \u00e9vitant les cartes \u00e0 haute valeur. Le joueur avec le score le plus bas \u00e0 la fin du jeu est le gagnant.<\/p>\n<p>Le jeu d\u00e9marre avec la distribution de 12 cartes face cach\u00e9e \u00e0 chaque joueur. Les joueurs peuvent ensuite \u00e0 leur tour piocher des cartes et les \u00e9changer contre des cartes de leur main. Les cartes \u00e0 haute valeur, en particulier les cartes num\u00e9rot\u00e9es de 10 \u00e0 12, doivent \u00eatre \u00e9vit\u00e9es, car elles donnent des points \u00e0 la fin du jeu.<\/p>\n<p>Envie d&rsquo;en savoir plus sur les engagements de la marque?<br \/>\n\ud83d\udc49 Consultez la pr\u00e9sentation de <a href=\"https:\/\/blackrockgames.fr\/\" target=\"_blank\" rel=\"noopener\">Blackrock games<\/a>.<\/p>\n<p><span style=\"font-size: 14.4px;\">\ud83d\udc95 Jeu de cartes familial<\/span><\/p>\n<p>Skyjo convient aux enfants et adultes d\u00e8s 8 ans.<\/p>\n<p>LE PRIX ABONN\u00c9 C&rsquo;EST QUOI?<\/p>\n<p>Vous avez un coup de coeur pour un jouet propos\u00e9 \u00e0 la location?<br \/>\nNous vous proposons de garder chaque jouet lou\u00e9 \u00e0 un prix pr\u00e9f\u00e9rentiel, clairement indiqu\u00e9 sur chaque fiche.<\/p>\n","protected":false},"excerpt":{"rendered":"<p>Jeu de cartes<\/p>\n<p>\u2764 Id\u00e9al pour des soir\u00e9es en amis ou en famille<br \/>\n\u2764 Apporte de la r\u00e9flexion<br \/>\n\u2764 2 \u00e0 8 joueurs<\/p>\n","protected":false},"featured_media":6667,"template":"","meta":[],"product_cat":[15],"product_tag":[],"_links":{"self":[{"href":"https:\/\/www.lesjouetsvoyageurs.com\/location\/wp-json\/wp\/v2\/product\/6666"}],"collection":[{"href":"https:\/\/www.lesjouetsvoyageurs.com\/location\/wp-json\/wp\/v2\/product"}],"about":[{"href":"https:\/\/www.lesjouetsvoyageurs.com\/location\/wp-json\/wp\/v2\/types\/product"}],"wp:featuredmedia":[{"embeddable":true,"href":"https:\/\/www.lesjouetsvoyageurs.com\/location\/wp-json\/wp\/v2\/media\/6667"}],"wp:attachment":[{"href":"https:\/\/www.lesjouetsvoyageurs.com\/location\/wp-json\/wp\/v2\/media?parent=6666"}],"wp:term":[{"taxonomy":"product_cat","embeddable":true,"href":"https:\/\/www.lesjouetsvoyageurs.com\/location\/wp-json\/wp\/v2\/product_cat?post=6666"},{"taxonomy":"product_tag","embeddable":true,"href":"https:\/\/www.lesjouetsvoyageurs.com\/location\/wp-json\/wp\/v2\/product_tag?post=6666"}],"curies":[{"name":"wp","href":"https:\/\/api.w.org\/{rel}","templated":true}]}}