{"id":6682,"date":"2023-03-28T16:29:22","date_gmt":"2023-03-28T14:29:22","guid":{"rendered":"https:\/\/www.lesjouetsvoyageurs.com\/location\/?post_type=product&#038;p=6682"},"modified":"2024-01-20T21:28:42","modified_gmt":"2024-01-20T19:28:42","slug":"smart-games-buuuut","status":"publish","type":"product","link":"https:\/\/www.lesjouetsvoyageurs.com\/location\/jouets\/smart-games-buuuut\/","title":{"rendered":"Jeu de voyage Smart Games Buuuut !"},"content":{"rendered":"<p>Smart Games Buuuut ! est un jeu de logique. Qui remportera le match ? \u00c0 partir d&rsquo;une position initiale sur le terrain de foot, faites passer la balle entre les joueurs et tentez de marquer un Buuut ! Ce jeu Smart Games magn\u00e9tique est en format jeu de voyage. Il est parfait pour \u00eatre emmen\u00e9 partout.<\/p>\n<p>Ce Smart Games se joue individuellement.<\/p>\n<p>Le livret de jeu contient :<\/p>\n<ul>\n<li>10 magnets (comprenant 5 joueurs de foot et 5 magnets \u00ab\u00a0pointill\u00e9s\u00a0\u00bb qui forment la trajectoire du ballon)<\/li>\n<li>1 livret inclus avec 48 d\u00e9fis \u00e0 r\u00e9soudre de difficult\u00e9 croissante et leurs solutions.<\/li>\n<\/ul>\n<p>Comment jouer ?<\/p>\n<p>Le joueur choisi un d\u00e9fi parmi les 48 propos\u00e9s, puis il place les tuiles sur le plateau de jeu aimant\u00e9. L&rsquo;objectif de ce Smart Games est de marquer un but. Le joueur doit obligatoirement placer les 5 magnets \u00ab\u00a0pointill\u00e9s\u00a0\u00bb qui d\u00e9finiront la trajectoire du ballon sur le plateau magn\u00e9tique. La trajectoire en pointill\u00e9 doit d\u00e9buter au niveau du joueur qui a le ballon et finir directement dans le but ! Il n&rsquo;y a qu&rsquo;une seule solution pour chaque d\u00e9fi.<\/p>\n<p>Envie d&rsquo;en savoir plus sur les engagements de la marque?<br \/>\n\ud83d\udc49 Consultez la pr\u00e9sentation de <a href=\"https:\/\/www.smartgames.eu\/fr\" target=\"_blank\" rel=\"noopener\">SmartGames<\/a>.<\/p>\n<p><span style=\"font-size: 14.4px;\">\ud83d\udc95 Jeu de voyages Magn\u00e9tique<\/span><\/p>\n<p>Ce Smart Games But! convient aux enfants d\u00e8s 6 ans.<\/p>\n<p>LE PRIX ABONN\u00c9 C&rsquo;EST QUOI?<\/p>\n<p>Vous avez un coup de coeur pour un jouet propos\u00e9 \u00e0 la location?<br \/>\nNous vous proposons de garder chaque jouet lou\u00e9 \u00e0 un prix pr\u00e9f\u00e9rentiel, clairement indiqu\u00e9 sur chaque fiche.<\/p>\n","protected":false},"excerpt":{"rendered":"<p>Jeu de logique<\/p>\n<p>\u2764 Id\u00e9al pour partir en voyage<br \/>\n\u2764 Jeu de r\u00e9flexion<br \/>\n\u2764 Se joue seul<\/p>\n","protected":false},"featured_media":6683,"template":"","meta":[],"product_cat":[15],"product_tag":[],"_links":{"self":[{"href":"https:\/\/www.lesjouetsvoyageurs.com\/location\/wp-json\/wp\/v2\/product\/6682"}],"collection":[{"href":"https:\/\/www.lesjouetsvoyageurs.com\/location\/wp-json\/wp\/v2\/product"}],"about":[{"href":"https:\/\/www.lesjouetsvoyageurs.com\/location\/wp-json\/wp\/v2\/types\/product"}],"wp:featuredmedia":[{"embeddable":true,"href":"https:\/\/www.lesjouetsvoyageurs.com\/location\/wp-json\/wp\/v2\/media\/6683"}],"wp:attachment":[{"href":"https:\/\/www.lesjouetsvoyageurs.com\/location\/wp-json\/wp\/v2\/media?parent=6682"}],"wp:term":[{"taxonomy":"product_cat","embeddable":true,"href":"https:\/\/www.lesjouetsvoyageurs.com\/location\/wp-json\/wp\/v2\/product_cat?post=6682"},{"taxonomy":"product_tag","embeddable":true,"href":"https:\/\/www.lesjouetsvoyageurs.com\/location\/wp-json\/wp\/v2\/product_tag?post=6682"}],"curies":[{"name":"wp","href":"https:\/\/api.w.org\/{rel}","templated":true}]}}