{"id":6686,"date":"2023-03-28T17:37:36","date_gmt":"2023-03-28T15:37:36","guid":{"rendered":"https:\/\/www.lesjouetsvoyageurs.com\/location\/?post_type=product&#038;p=6686"},"modified":"2023-07-22T14:51:36","modified_gmt":"2023-07-22T12:51:36","slug":"concept-kids-animaux","status":"publish","type":"product","link":"https:\/\/www.lesjouetsvoyageurs.com\/location\/jouets\/concept-kids-animaux\/","title":{"rendered":"Jeu Concept Kids Animaux"},"content":{"rendered":"<p>Ce jeu Concept kids sur le th\u00e8me de animaux est un jeu coop\u00e9ratif. Le but du jeu est de faire deviner un maximum d&rsquo;animaux aux autres joueurs en utilisant les \u00e9l\u00e9ments sur le plateau de jeu pour fournir des indices comme sa couleur, le lieu o\u00f9 il vit, si il vole ou non, si il a des pattes ou un bec&#8230;<\/p>\n<p>Concept Kids est un jeu familial qui peut se jouer de 2 \u00e0 12 joueurs. Il est accessible d\u00e8s 4 ans mais ravira aussi les plus grands avec ses 2 niveaux de difficult\u00e9 (cartes bleu pour les plus jeunes, cartes rouges pour les plus grands).<\/p>\n<p>Une partie peut durer 20 minutes.<\/p>\n<p>Le livret de jeu contient :<\/p>\n<ul>\n<li>1 plateau de jeu<\/li>\n<li>110 cartes<\/li>\n<li>16 bagues<\/li>\n<li>1 porte carte<\/li>\n<li>1 r\u00e8gle rapide et 1 livret de r\u00e8gles<\/li>\n<\/ul>\n<p>Comment jouer ? :<\/p>\n<p>Il faut placer le plateau de jeu au centre de la table. Le joueur qui veut faire deviner l&rsquo;animal de sa carte utilise des pionns pour entourer les ic\u00f4nes illustr\u00e9es sur le plateau qui d\u00e9finissent les caract\u00e9ristiques de son animal.<\/p>\n<p>Envie d&rsquo;en savoir plus sur les engagements de la marque?<br \/>\n\ud83d\udc49 Consultez la pr\u00e9sentation de <a href=\"https:\/\/www.rprod.com\/fr\/games\/concept-kids\" target=\"_blank\" rel=\"noopener\">Repos Production<\/a>.<\/p>\n<p><span style=\"font-size: 14.4px;\">\ud83d\udc95 Jeu coop\u00e9ratif<\/span><\/p>\n<p>Concept Kids Animaux convient aux enfants d\u00e8s 4 ans.<\/p>\n<p>LE PRIX ABONN\u00c9 C&rsquo;EST QUOI?<\/p>\n<p>Vous avez un coup de coeur pour un jouet propos\u00e9 \u00e0 la location?<br \/>\nNous vous proposons de garder chaque jouet lou\u00e9 \u00e0 un prix pr\u00e9f\u00e9rentiel, clairement indiqu\u00e9 sur chaque fiche.<\/p>\n","protected":false},"excerpt":{"rendered":"<p>Jeu de coop\u00e9ration<\/p>\n<p>\u2764 Id\u00e9al pour des moment en famille<br \/>\n\u2764 D\u00e9couverte d&rsquo;animaux<br \/>\n\u2764 Jeu \u00e9ducatif et amusant<\/p>\n","protected":false},"featured_media":6688,"template":"","meta":[],"product_cat":[15],"product_tag":[],"_links":{"self":[{"href":"https:\/\/www.lesjouetsvoyageurs.com\/location\/wp-json\/wp\/v2\/product\/6686"}],"collection":[{"href":"https:\/\/www.lesjouetsvoyageurs.com\/location\/wp-json\/wp\/v2\/product"}],"about":[{"href":"https:\/\/www.lesjouetsvoyageurs.com\/location\/wp-json\/wp\/v2\/types\/product"}],"wp:featuredmedia":[{"embeddable":true,"href":"https:\/\/www.lesjouetsvoyageurs.com\/location\/wp-json\/wp\/v2\/media\/6688"}],"wp:attachment":[{"href":"https:\/\/www.lesjouetsvoyageurs.com\/location\/wp-json\/wp\/v2\/media?parent=6686"}],"wp:term":[{"taxonomy":"product_cat","embeddable":true,"href":"https:\/\/www.lesjouetsvoyageurs.com\/location\/wp-json\/wp\/v2\/product_cat?post=6686"},{"taxonomy":"product_tag","embeddable":true,"href":"https:\/\/www.lesjouetsvoyageurs.com\/location\/wp-json\/wp\/v2\/product_tag?post=6686"}],"curies":[{"name":"wp","href":"https:\/\/api.w.org\/{rel}","templated":true}]}}