{"id":6691,"date":"2023-03-29T10:02:05","date_gmt":"2023-03-29T08:02:05","guid":{"rendered":"https:\/\/www.lesjouetsvoyageurs.com\/location\/?post_type=product&#038;p=6691"},"modified":"2023-08-07T14:34:17","modified_gmt":"2023-08-07T12:34:17","slug":"micro-macro-full-house","status":"publish","type":"product","link":"https:\/\/www.lesjouetsvoyageurs.com\/location\/jouets\/micro-macro-full-house\/","title":{"rendered":"Micro Macro Full House"},"content":{"rendered":"<p>Ce jeu Micro Macro Full House est un jeu coop\u00e9ratif. Le but du jeu est de mener des enqu\u00eates dans une ville o\u00f9 le crime menace \u00e0 chaque coin de rue ! Full House est le second volet de la s\u00e9rie Micro Macro. C&rsquo;est un jeu ind\u00e9pendant du premier, vous pouvez parfaitement commencer par ce deuxi\u00e8me opus si vous n&rsquo;avez jamais jou\u00e9.<\/p>\n<p>Micro Macro Full House peut se jouer de 1 \u00e0 4 joueurs. Une partie peut durer 15 \u00e0 45 minutes.<\/p>\n<p>Ce jeu coop\u00e9ratif contient :<\/p>\n<ul>\n<li>1 immense plan\u00a0 (75&#215;110 cm)<\/li>\n<li>120 cartes avec 16 enqu\u00eates<\/li>\n<li>1 loupe pour observer les d\u00e9tails<\/li>\n<li>1 livret de r\u00e8gles<\/li>\n<\/ul>\n<p>Comment jouer ? :<\/p>\n<p>Il faut d\u00e9signer un joueur qui sera responsable de la lecture des cartes. Les joueurs choisissent une enqu\u00eate parmi les 16 enveloppes qui ont des niveaux de difficult\u00e9s croissants. Ils retournent la premi\u00e8re carte qui donne des d\u00e9tails sur l&rsquo;enqu\u00eate. Des questions vous seront pos\u00e9es, \u00e0 vous d&rsquo;y r\u00e9pondre! Vous pensez avoir la r\u00e9ponse? V\u00e9rifiez votre hypoth\u00e8se en retournant la carte puis continuez de r\u00e9pondre aux questions jusqu&rsquo;\u00e0 la fin de l&rsquo;enqu\u00eate pour la r\u00e9soudre.<\/p>\n<p>Envie d&rsquo;en savoir plus sur les engagements de la marque?<br \/>\n\ud83d\udc49 Consultez la pr\u00e9sentation de <a href=\"https:\/\/blackrockgames.fr\/jeux\/1377\" target=\"_blank\" rel=\"noopener\">Blackrock games<\/a>.<\/p>\n<p><span style=\"font-size: 14.4px;\">\ud83d\udc95 Jeu de coop\u00e9ratif<\/span><\/p>\n<p>Micro Macro Full House convient aux enfants et adultes d\u00e8s 10 ans.<\/p>\n<p>LE PRIX ABONN\u00c9 C&rsquo;EST QUOI?<\/p>\n<p>Vous avez un coup de coeur pour un jouet propos\u00e9 \u00e0 la location?<br \/>\nNous vous proposons de garder chaque jouet lou\u00e9 \u00e0 un prix pr\u00e9f\u00e9rentiel, clairement indiqu\u00e9 sur chaque fiche.<\/p>\n","protected":false},"excerpt":{"rendered":"<p>Jeu coop\u00e9ratif<\/p>\n<p>\u2764 Id\u00e9al pour des moments en famille<br \/>\n\u2764 Jeu d&rsquo;enqu\u00eate<br \/>\n\u2764 d\u00e8s 10 ans<\/p>\n","protected":false},"featured_media":6692,"template":"","meta":[],"product_cat":[15],"product_tag":[],"_links":{"self":[{"href":"https:\/\/www.lesjouetsvoyageurs.com\/location\/wp-json\/wp\/v2\/product\/6691"}],"collection":[{"href":"https:\/\/www.lesjouetsvoyageurs.com\/location\/wp-json\/wp\/v2\/product"}],"about":[{"href":"https:\/\/www.lesjouetsvoyageurs.com\/location\/wp-json\/wp\/v2\/types\/product"}],"wp:featuredmedia":[{"embeddable":true,"href":"https:\/\/www.lesjouetsvoyageurs.com\/location\/wp-json\/wp\/v2\/media\/6692"}],"wp:attachment":[{"href":"https:\/\/www.lesjouetsvoyageurs.com\/location\/wp-json\/wp\/v2\/media?parent=6691"}],"wp:term":[{"taxonomy":"product_cat","embeddable":true,"href":"https:\/\/www.lesjouetsvoyageurs.com\/location\/wp-json\/wp\/v2\/product_cat?post=6691"},{"taxonomy":"product_tag","embeddable":true,"href":"https:\/\/www.lesjouetsvoyageurs.com\/location\/wp-json\/wp\/v2\/product_tag?post=6691"}],"curies":[{"name":"wp","href":"https:\/\/api.w.org\/{rel}","templated":true}]}}