{"id":6695,"date":"2023-03-29T18:09:48","date_gmt":"2023-03-29T16:09:48","guid":{"rendered":"https:\/\/www.lesjouetsvoyageurs.com\/location\/?post_type=product&#038;p=6695"},"modified":"2023-05-15T12:58:56","modified_gmt":"2023-05-15T10:58:56","slug":"poupee-gigogne-oiseaux","status":"publish","type":"product","link":"https:\/\/www.lesjouetsvoyageurs.com\/location\/jouets\/poupee-gigogne-oiseaux\/","title":{"rendered":"Poup\u00e9es gigognes oiseaux en silicone"},"content":{"rendered":"<p>Les poup\u00e9es gigogne oiseaux de la marque Little L sont en silicone de qualit\u00e9 alimentaire. Votre enfant devra empiler les oiseaux selon leur taille et d\u00e9veloppera sa motricit\u00e9 fine.<\/p>\n<p><span style=\"font-size: 14.4px;\">\ud83d\udc95 Jeu \u00e0 empiler<\/span><\/p>\n<p>Cette poup\u00e9e gigogne en forme d&rsquo;oiseaux convient aux enfants d\u00e8s 12 mois.<\/p>\n<p>LE PRIX ABONN\u00c9 C&rsquo;EST QUOI?<\/p>\n<p>Vous avez un coup de coeur pour un jouet propos\u00e9 \u00e0 la location?<br \/>\nNous vous proposons de garder chaque jouet lou\u00e9 \u00e0 un prix pr\u00e9f\u00e9rentiel, clairement indiqu\u00e9 sur chaque fiche.<\/p>\n","protected":false},"excerpt":{"rendered":"<p>Jeu \u00e0 empiler<\/p>\n<p>\u2764 Peut servir d&rsquo;anneau de dentition<br \/>\n\u2764 Jeu en silicone<br \/>\n\u2764 D\u00e8s 12 mois<\/p>\n","protected":false},"featured_media":6699,"template":"","meta":[],"product_cat":[15],"product_tag":[],"_links":{"self":[{"href":"https:\/\/www.lesjouetsvoyageurs.com\/location\/wp-json\/wp\/v2\/product\/6695"}],"collection":[{"href":"https:\/\/www.lesjouetsvoyageurs.com\/location\/wp-json\/wp\/v2\/product"}],"about":[{"href":"https:\/\/www.lesjouetsvoyageurs.com\/location\/wp-json\/wp\/v2\/types\/product"}],"wp:featuredmedia":[{"embeddable":true,"href":"https:\/\/www.lesjouetsvoyageurs.com\/location\/wp-json\/wp\/v2\/media\/6699"}],"wp:attachment":[{"href":"https:\/\/www.lesjouetsvoyageurs.com\/location\/wp-json\/wp\/v2\/media?parent=6695"}],"wp:term":[{"taxonomy":"product_cat","embeddable":true,"href":"https:\/\/www.lesjouetsvoyageurs.com\/location\/wp-json\/wp\/v2\/product_cat?post=6695"},{"taxonomy":"product_tag","embeddable":true,"href":"https:\/\/www.lesjouetsvoyageurs.com\/location\/wp-json\/wp\/v2\/product_tag?post=6695"}],"curies":[{"name":"wp","href":"https:\/\/api.w.org\/{rel}","templated":true}]}}