{"id":6703,"date":"2023-04-04T14:46:39","date_gmt":"2023-04-04T12:46:39","guid":{"rendered":"https:\/\/www.lesjouetsvoyageurs.com\/location\/?post_type=product&#038;p=6703"},"modified":"2023-09-06T11:24:10","modified_gmt":"2023-09-06T09:24:10","slug":"la-soupe-des-ecureuils","status":"publish","type":"product","link":"https:\/\/www.lesjouetsvoyageurs.com\/location\/jouets\/la-soupe-des-ecureuils\/","title":{"rendered":"La soupe des ecureuils"},"content":{"rendered":"<p>La soupe des \u00e9cureuils est un jeu \u00e9ducatif pour jouer en apprenant. Ce premier jeu de soci\u00e9t\u00e9 accessible d\u00e8s 2 ans permet de travailler sur la num\u00e9ration (de 1 \u00e0 3). Le but du jeu est d&rsquo;aider l&rsquo;\u00e9cureuil \u00e0 pr\u00e9parer sa soupe gr\u00e2ce \u00e0 ses r\u00e9serves. Pour cela, votre enfant va tirer une carte qui indique la recette de la soupe. Pour chaque ingr\u00e9dient, la quantit\u00e9 correspondante est indiqu\u00e9e. L&rsquo;enfant r\u00e9cup\u00e8re et les place dans la marmite. Il peut ensuite m\u00e9langer les ingr\u00e9dients \u00e0 l&rsquo;aide d&rsquo;un cuill\u00e8re en bois fournie.<\/p>\n<p><span style=\"font-size: 14.4px;\">La soupe des \u00e9cureuils peut se jouer seul ou accompagn\u00e9 d&rsquo;un adulte. Une partie dure environ 10 minutes.<\/span><\/p>\n<p>Le jeu contient :<\/p>\n<ul>\n<li>8 cartes de recette<\/li>\n<li>1 cuill\u00e8re en bois<\/li>\n<li>24 ingr\u00e9dients en bois<\/li>\n<li>1 r\u00e8gle de jeu<\/li>\n<\/ul>\n<p>Envie d&rsquo;en savoir plus sur les engagements de la marque?<br \/>\n\ud83d\udc49 Consultez la pr\u00e9sentation de <a href=\"https:\/\/loki-kids.com\/la-soupe-des-ecureuils\/\" target=\"_blank\" rel=\"noopener\">Loki<\/a>.<\/p>\n<p><span style=\"font-size: 14.4px;\">\ud83d\udc95 Jeu \u00e9ducatif<\/span><\/p>\n<p>La soupe des \u00e9cureuils convient aux enfants d\u00e8s 2 ans.<\/p>\n<p>LE PRIX ABONN\u00c9 C&rsquo;EST QUOI?<\/p>\n<p>Vous avez un coup de coeur pour un jouet propos\u00e9 \u00e0 la location?<br \/>\nNous vous proposons de garder chaque jouet lou\u00e9 \u00e0 un prix pr\u00e9f\u00e9rentiel, clairement indiqu\u00e9 sur chaque fiche.<\/p>\n","protected":false},"excerpt":{"rendered":"<p>Jeu \u00e9ducatif<\/p>\n<p>\u2764 Jeu \u00e9ducatif et amusant<br \/>\n\u2764 Apprendre \u00e0 compter<br \/>\n\u2764 D\u00e9veloppe la motricit\u00e9<\/p>\n","protected":false},"featured_media":6704,"template":"","meta":[],"product_cat":[15],"product_tag":[],"_links":{"self":[{"href":"https:\/\/www.lesjouetsvoyageurs.com\/location\/wp-json\/wp\/v2\/product\/6703"}],"collection":[{"href":"https:\/\/www.lesjouetsvoyageurs.com\/location\/wp-json\/wp\/v2\/product"}],"about":[{"href":"https:\/\/www.lesjouetsvoyageurs.com\/location\/wp-json\/wp\/v2\/types\/product"}],"wp:featuredmedia":[{"embeddable":true,"href":"https:\/\/www.lesjouetsvoyageurs.com\/location\/wp-json\/wp\/v2\/media\/6704"}],"wp:attachment":[{"href":"https:\/\/www.lesjouetsvoyageurs.com\/location\/wp-json\/wp\/v2\/media?parent=6703"}],"wp:term":[{"taxonomy":"product_cat","embeddable":true,"href":"https:\/\/www.lesjouetsvoyageurs.com\/location\/wp-json\/wp\/v2\/product_cat?post=6703"},{"taxonomy":"product_tag","embeddable":true,"href":"https:\/\/www.lesjouetsvoyageurs.com\/location\/wp-json\/wp\/v2\/product_tag?post=6703"}],"curies":[{"name":"wp","href":"https:\/\/api.w.org\/{rel}","templated":true}]}}