{"id":6706,"date":"2023-04-04T15:46:19","date_gmt":"2023-04-04T13:46:19","guid":{"rendered":"https:\/\/www.lesjouetsvoyageurs.com\/location\/?post_type=product&#038;p=6706"},"modified":"2023-09-06T11:24:10","modified_gmt":"2023-09-06T09:24:10","slug":"smart-games-au-voleur","status":"publish","type":"product","link":"https:\/\/www.lesjouetsvoyageurs.com\/location\/jouets\/smart-games-au-voleur\/","title":{"rendered":"Smart Games Au voleur ! d\u00e8s 7 ans"},"content":{"rendered":"<p>Smart Games Au voleur ! est un jeu de logique accessible d\u00e8s 7 ans. Soyez plus malin que le voleur et aidez la police \u00e0 bloquer le bandit qui tente de s&rsquo;enfuir dans sa voiture rouge.<\/p>\n<p>Ce Smart Games au voleur ! se joue individuellement. Id\u00e9al pour la concentration.<\/p>\n<p>Ce jeu contient :<\/p>\n<ul>\n<li>1 plan de jeu<\/li>\n<li>4\u00a0 immeubles<\/li>\n<li>4 v\u00e9hicules de police<\/li>\n<li>1 voiture rouge<\/li>\n<li>1 r\u00e8gle du jeu<\/li>\n<\/ul>\n<p>Le joueur choisi un d\u00e9fi parmi les 80 propos\u00e9s et selon son niveau, puis il place les v\u00e9hicules et les immeubles sur le plateau de jeu. L&rsquo;objectif de ce Smart Games est de bloquer le voleur et de l&rsquo;encercler \u00e0 l&rsquo;aide des v\u00e9hicules de police. Le joueur doit obligatoirement placer les 5 \u00e9l\u00e9ments fournis pour r\u00e9soudre le d\u00e9fi et emp\u00eacher le voleur de quitter la ville. Il n&rsquo;y a qu&rsquo;une seule solution pour chaque d\u00e9fi !<\/p>\n<p>Envie d&rsquo;en savoir plus sur les engagements de la marque?<br \/>\n\ud83d\udc49 Consultez la pr\u00e9sentation de <a href=\"https:\/\/www.smartgames.eu\/fr\" target=\"_blank\" rel=\"noopener\">SmartGames<\/a>.<\/p>\n<p><span style=\"font-size: 14.4px;\">\ud83d\udc95 Jeu de r\u00e9flexion<\/span><\/p>\n<p>Ce Smart Games Au voleur! convient aux enfants d\u00e8s 7 ans.<\/p>\n<p>LE PRIX ABONN\u00c9 C&rsquo;EST QUOI?<\/p>\n<p>Vous avez un coup de coeur pour un jouet propos\u00e9 \u00e0 la location?<br \/>\nNous vous proposons de garder chaque jouet lou\u00e9 \u00e0 un prix pr\u00e9f\u00e9rentiel, clairement indiqu\u00e9 sur chaque fiche.<\/p>\n","protected":false},"excerpt":{"rendered":"<p>Jeu de r\u00e9flexion<\/p>\n<p>\u2764 Jeu individuel<br \/>\n\u2764 Logique et casse-t\u00eate<br \/>\n\u2764 Diff\u00e9rents niveaux de difficult\u00e9<\/p>\n","protected":false},"featured_media":6707,"template":"","meta":[],"product_cat":[15],"product_tag":[],"_links":{"self":[{"href":"https:\/\/www.lesjouetsvoyageurs.com\/location\/wp-json\/wp\/v2\/product\/6706"}],"collection":[{"href":"https:\/\/www.lesjouetsvoyageurs.com\/location\/wp-json\/wp\/v2\/product"}],"about":[{"href":"https:\/\/www.lesjouetsvoyageurs.com\/location\/wp-json\/wp\/v2\/types\/product"}],"wp:featuredmedia":[{"embeddable":true,"href":"https:\/\/www.lesjouetsvoyageurs.com\/location\/wp-json\/wp\/v2\/media\/6707"}],"wp:attachment":[{"href":"https:\/\/www.lesjouetsvoyageurs.com\/location\/wp-json\/wp\/v2\/media?parent=6706"}],"wp:term":[{"taxonomy":"product_cat","embeddable":true,"href":"https:\/\/www.lesjouetsvoyageurs.com\/location\/wp-json\/wp\/v2\/product_cat?post=6706"},{"taxonomy":"product_tag","embeddable":true,"href":"https:\/\/www.lesjouetsvoyageurs.com\/location\/wp-json\/wp\/v2\/product_tag?post=6706"}],"curies":[{"name":"wp","href":"https:\/\/api.w.org\/{rel}","templated":true}]}}