{"id":6710,"date":"2023-04-04T16:09:49","date_gmt":"2023-04-04T14:09:49","guid":{"rendered":"https:\/\/www.lesjouetsvoyageurs.com\/location\/?post_type=product&#038;p=6710"},"modified":"2023-08-19T10:23:24","modified_gmt":"2023-08-19T08:23:24","slug":"explorons-la-jungle","status":"publish","type":"product","link":"https:\/\/www.lesjouetsvoyageurs.com\/location\/jouets\/explorons-la-jungle\/","title":{"rendered":"Explorons la jungle d\u00e8s 6 ans"},"content":{"rendered":"<p>Explorons la jungle est un jeu de \u00ab\u00a0cherche et trouve\u00a0\u00bb. Vous faites une exploration dans la jungle et vous recherchez des plantes rares. Attention, \u00e9vitez les cartes avec des animaux cach\u00e9s dans la v\u00e9g\u00e9tation car vous ne devez pas les d\u00e9ranger. \u00c0 vous de collecter un maximum de plantes sans s\u00e9lectionner celles avec des animaux !<\/p>\n<p>Explorons la jungle se joue de 2 \u00e0 4 joueurs. Une partie peut durer 20 minutes. Ce jeu d\u00e9veloppe le sens de l&rsquo;observation et la concentration.<\/p>\n<p>Ce jeu contient :<\/p>\n<ul>\n<li>4 cartes Explorateur<\/li>\n<li>6 cartes D\u00e9fi plante<\/li>\n<li>4 cartes D\u00e9fi animal avec une carte vierge<\/li>\n<li>80 cartes Jungle<\/li>\n<li>1 r\u00e8gle du jeu<\/li>\n<\/ul>\n<p>Chaque joueur choisit un explorateur qu&rsquo;il pose devant lui avec son tas de cartes jungle. Les cartes d\u00e9fis seront au centre de la table face cach\u00e9e. Le but de chaque joueur et de collecter un maximum de carte avec la plante que la carte d\u00e9fi lui a attribu\u00e9. Mais attention sur certaines cartes des animaux se cachent&#8230; \u00e0 vous d&rsquo;ouvrir l&rsquo;\u0153il pour r\u00e9colter la plante que vous recherchez sans d\u00e9ranger les animaux.<\/p>\n<p>Envie d&rsquo;en savoir plus sur les engagements de la marque?<br \/>\n\ud83d\udc49 Consultez la pr\u00e9sentation de <a href=\"https:\/\/www.spacecow.fr\/explorons-la-jungle\" target=\"_blank\" rel=\"noopener\">Space Cow<\/a>.<\/p>\n<p><span style=\"font-size: 14.4px;\">\ud83d\udc95 Jeu cherche et trouve<\/span><\/p>\n<p>Explorons la jungle convient aux enfants d\u00e8s 6 ans.<\/p>\n<p>LE PRIX ABONN\u00c9 C&rsquo;EST QUOI?<\/p>\n<p>Vous avez un coup de coeur pour un jouet propos\u00e9 \u00e0 la location?<br \/>\nNous vous proposons de garder chaque jouet lou\u00e9 \u00e0 un prix pr\u00e9f\u00e9rentiel, clairement indiqu\u00e9 sur chaque fiche.<\/p>\n","protected":false},"excerpt":{"rendered":"<p>Jeu de type \u00ab\u00a0cherche et trouve\u00a0\u00bb<\/p>\n<p>\u2764 Jeu d&rsquo;observation<br \/>\n\u2764 Jeu familial<br \/>\n\u2764 D\u00e9veloppe la concentration<\/p>\n","protected":false},"featured_media":6712,"template":"","meta":[],"product_cat":[15],"product_tag":[],"_links":{"self":[{"href":"https:\/\/www.lesjouetsvoyageurs.com\/location\/wp-json\/wp\/v2\/product\/6710"}],"collection":[{"href":"https:\/\/www.lesjouetsvoyageurs.com\/location\/wp-json\/wp\/v2\/product"}],"about":[{"href":"https:\/\/www.lesjouetsvoyageurs.com\/location\/wp-json\/wp\/v2\/types\/product"}],"wp:featuredmedia":[{"embeddable":true,"href":"https:\/\/www.lesjouetsvoyageurs.com\/location\/wp-json\/wp\/v2\/media\/6712"}],"wp:attachment":[{"href":"https:\/\/www.lesjouetsvoyageurs.com\/location\/wp-json\/wp\/v2\/media?parent=6710"}],"wp:term":[{"taxonomy":"product_cat","embeddable":true,"href":"https:\/\/www.lesjouetsvoyageurs.com\/location\/wp-json\/wp\/v2\/product_cat?post=6710"},{"taxonomy":"product_tag","embeddable":true,"href":"https:\/\/www.lesjouetsvoyageurs.com\/location\/wp-json\/wp\/v2\/product_tag?post=6710"}],"curies":[{"name":"wp","href":"https:\/\/api.w.org\/{rel}","templated":true}]}}