{"id":6716,"date":"2023-04-04T16:49:11","date_gmt":"2023-04-04T14:49:11","guid":{"rendered":"https:\/\/www.lesjouetsvoyageurs.com\/location\/?post_type=product&#038;p=6716"},"modified":"2023-05-04T11:46:38","modified_gmt":"2023-05-04T09:46:38","slug":"tracks-jeu-enquete","status":"publish","type":"product","link":"https:\/\/www.lesjouetsvoyageurs.com\/location\/jouets\/tracks-jeu-enquete\/","title":{"rendered":"Tracks &#8211; Jeu d&rsquo;enqu\u00eate sonore d\u00e8s 12 ans"},"content":{"rendered":"<p>Tracks est le jeu d&rsquo;enqu\u00eates coop\u00e9ratif en immersion sonore. Votre mission sera d&rsquo;\u00e9couter, pister et localiser. Ce jeu de soci\u00e9t\u00e9 original contient 15 enqu\u00eates \u00e0 r\u00e9soudre.<\/p>\n<p>Tracks se joue jusqu&rsquo;\u00e0 6 joueurs mais les enqu\u00eates peuvent aussi \u00eatre r\u00e9alis\u00e9es seul. Chaque enqu\u00eate est ind\u00e9pendante est dure environ 25 minutes.<\/p>\n<p>Ce jeu contient :<\/p>\n<ul>\n<li>1 dossier avec 1 fiche r\u00e8gles et 15 fiches affaire<\/li>\n<li>1 plan de la ville de Siren Bay quadrill\u00e9 en 9 zones<\/li>\n<li>55 cartes num\u00e9rot\u00e9es<\/li>\n<li>1 d\u00e9pliant touristique de la ville<\/li>\n<\/ul>\n<p>Afin de d\u00e9buter le jeu, il faut t\u00e9l\u00e9charger l&rsquo;application gratuite. Une fois que votre plateau de jeu est install\u00e9, c&rsquo;est \u00e0 vous de jouer ! Tracks propose plus de 6 heures de jeu pour r\u00e9soudre les 15 enqu\u00eates. Lors de ces enqu\u00eates vous pouvez r\u00e9\u00e9couter les pistes audio et visionner les cartes cam\u00e9ras afin de regarder en d\u00e9tails certains lieux de la ville.<\/p>\n<p><span style=\"font-size: 14.4px;\">\ud83d\udc95 Jeu d&rsquo;enqu\u00eates<\/span><\/p>\n<p>Tracks convient aux adultes et aux enfants d\u00e8s 12 ans.<\/p>\n<p>LE PRIX ABONN\u00c9 C&rsquo;EST QUOI?<\/p>\n<p>Vous avez un coup de coeur pour un jouet propos\u00e9 \u00e0 la location?<br \/>\nNous vous proposons de garder chaque jouet lou\u00e9 \u00e0 un prix pr\u00e9f\u00e9rentiel, clairement indiqu\u00e9 sur chaque fiche.<\/p>\n","protected":false},"excerpt":{"rendered":"<p>Jeu d&rsquo;enqu\u00eate<\/p>\n<p>\u2764 Jeu d&rsquo;enqu\u00eate coop\u00e9ratif<br \/>\n\u2764 Immersion sonore<br \/>\n\u2764 D\u00e8s 12 ans<\/p>\n","protected":false},"featured_media":6718,"template":"","meta":[],"product_cat":[15],"product_tag":[],"_links":{"self":[{"href":"https:\/\/www.lesjouetsvoyageurs.com\/location\/wp-json\/wp\/v2\/product\/6716"}],"collection":[{"href":"https:\/\/www.lesjouetsvoyageurs.com\/location\/wp-json\/wp\/v2\/product"}],"about":[{"href":"https:\/\/www.lesjouetsvoyageurs.com\/location\/wp-json\/wp\/v2\/types\/product"}],"wp:featuredmedia":[{"embeddable":true,"href":"https:\/\/www.lesjouetsvoyageurs.com\/location\/wp-json\/wp\/v2\/media\/6718"}],"wp:attachment":[{"href":"https:\/\/www.lesjouetsvoyageurs.com\/location\/wp-json\/wp\/v2\/media?parent=6716"}],"wp:term":[{"taxonomy":"product_cat","embeddable":true,"href":"https:\/\/www.lesjouetsvoyageurs.com\/location\/wp-json\/wp\/v2\/product_cat?post=6716"},{"taxonomy":"product_tag","embeddable":true,"href":"https:\/\/www.lesjouetsvoyageurs.com\/location\/wp-json\/wp\/v2\/product_tag?post=6716"}],"curies":[{"name":"wp","href":"https:\/\/api.w.org\/{rel}","templated":true}]}}