{"id":6735,"date":"2023-04-11T10:23:21","date_gmt":"2023-04-11T08:23:21","guid":{"rendered":"https:\/\/www.lesjouetsvoyageurs.com\/location\/?post_type=product&#038;p=6735"},"modified":"2023-05-15T12:58:57","modified_gmt":"2023-05-15T10:58:57","slug":"jeu-monsieur-carrousel","status":"publish","type":"product","link":"https:\/\/www.lesjouetsvoyageurs.com\/location\/jouets\/jeu-monsieur-carrousel\/","title":{"rendered":"Monsieur Carrousel &#8211; Jeu de coop\u00e9ration"},"content":{"rendered":"<p>Monsieur Carrousel est un jeu de coop\u00e9ration accessible d\u00e8s 4 ans qui combine la m\u00e9moire et le hasard. Monsieur Carrousel vous accueille au c\u0153ur de la f\u00eate foraine. Mais attention, les enfants doivent monter sur le man\u00e8ge avant que la pluie ne tombe et que Monsieur carrousel ne ferme l&rsquo;attraction.<\/p>\n<p>Ce jeu coop\u00e9ratif Monsieur Carrousel se joue de 1 \u00e0 6 joueurs. Une partie peut durer 15 minutes.<\/p>\n<p>Ce jeu contient :<\/p>\n<ul>\n<li>1 Carrousel en bois<\/li>\n<li>1 plateau de jeu<\/li>\n<li>10 bouts de ratons de soleil<\/li>\n<li>8 gouttes de pluie<\/li>\n<li>12 jetons enfants<\/li>\n<li>1 d\u00e9 de couleur<\/li>\n<li>6 feuilles si\u00e8ge avec diff\u00e9rents niveaux de difficult\u00e9<\/li>\n<li>1 r\u00e8gle du jeu<\/li>\n<\/ul>\n<p>Lancez le d\u00e9 pour installer enfant dans le carroussel sur un si\u00e8ge de la couleur correspondante. Il faudra ensuite se souvenir de la couleur du si\u00e8ge sur lequel les enfants sont install\u00e9s car Monsieur Carrousel peut le demander au cours de la partie ! Si vous r\u00e9pondez correctement, le soleil brillera. Mais si votre m\u00e9moire vous joue des tours, les nuages arrivent ! La partie est gagn\u00e9e si vous r\u00e9ussissez \u00e0 installer tous les enfants sur le man\u00e8ge avant que les gouttes de pluie ne tombent.<\/p>\n<p>Envie d&rsquo;en savoir plus sur les engagements de la marque?<br \/>\n\ud83d\udc49 Consultez la pr\u00e9sentation de <a href=\"https:\/\/loki-kids.com\/monsieur-carrousel\/\" target=\"_blank\" rel=\"noopener\">Loki<\/a>.<\/p>\n<p><span style=\"font-size: 14.4px;\">\ud83d\udc95 Jeu coop\u00e9ratif<\/span><\/p>\n<p>Monsieur Carrousel convient aux enfants d\u00e8s 4 ans.<\/p>\n<p>LE PRIX ABONN\u00c9 C&rsquo;EST QUOI?<\/p>\n<p>Vous avez un coup de coeur pour un jouet propos\u00e9 \u00e0 la location?<br \/>\nNous vous proposons de garder chaque jouet lou\u00e9 \u00e0 un prix pr\u00e9f\u00e9rentiel, clairement indiqu\u00e9 sur chaque fiche.<\/p>\n","protected":false},"excerpt":{"rendered":"<p>Jeu coop\u00e9ratif<\/p>\n<p>\u2764 M\u00e9moire et hasard<br \/>\n\u2764 Jeu en bois<br \/>\n\u2764 D\u00e8s 4 ans<\/p>\n","protected":false},"featured_media":6737,"template":"","meta":[],"product_cat":[15],"product_tag":[],"_links":{"self":[{"href":"https:\/\/www.lesjouetsvoyageurs.com\/location\/wp-json\/wp\/v2\/product\/6735"}],"collection":[{"href":"https:\/\/www.lesjouetsvoyageurs.com\/location\/wp-json\/wp\/v2\/product"}],"about":[{"href":"https:\/\/www.lesjouetsvoyageurs.com\/location\/wp-json\/wp\/v2\/types\/product"}],"wp:featuredmedia":[{"embeddable":true,"href":"https:\/\/www.lesjouetsvoyageurs.com\/location\/wp-json\/wp\/v2\/media\/6737"}],"wp:attachment":[{"href":"https:\/\/www.lesjouetsvoyageurs.com\/location\/wp-json\/wp\/v2\/media?parent=6735"}],"wp:term":[{"taxonomy":"product_cat","embeddable":true,"href":"https:\/\/www.lesjouetsvoyageurs.com\/location\/wp-json\/wp\/v2\/product_cat?post=6735"},{"taxonomy":"product_tag","embeddable":true,"href":"https:\/\/www.lesjouetsvoyageurs.com\/location\/wp-json\/wp\/v2\/product_tag?post=6735"}],"curies":[{"name":"wp","href":"https:\/\/api.w.org\/{rel}","templated":true}]}}