{"id":6739,"date":"2023-04-11T10:55:07","date_gmt":"2023-04-11T08:55:07","guid":{"rendered":"https:\/\/www.lesjouetsvoyageurs.com\/location\/?post_type=product&#038;p=6739"},"modified":"2023-08-19T10:09:16","modified_gmt":"2023-08-19T08:09:16","slug":"trou-story-des-14-ans","status":"publish","type":"product","link":"https:\/\/www.lesjouetsvoyageurs.com\/location\/jouets\/trou-story-des-14-ans\/","title":{"rendered":"Trou Story d\u00e8s 14 ans"},"content":{"rendered":"<p>Trou Story est un jeu d&rsquo;ambiance qui permet de passer un bon moment entre amis et en famille. Trou Story est un jeu qui combine l&rsquo;\u00e9loquence et l&rsquo;imagination : le but de ce jeu est de faire deviner des mots aux joueur en ayant une situation, un contexte pour d\u00e9buter son histoire. Lors d&rsquo;une partie il y a 1 master et 2 \u00e0 5 conteurs. Le conteurs doit faire deviner 5 mots qui sont indiqu\u00e9s sur sa carte aux autres joueurs. Lorsque tous les conteurs ont racont\u00e9 leur histoire, le master donne sa carte au conteur qui a la meilleure histoire selon lui.<\/p>\n<p>Trou Story se joue de 3 \u00e0 6 joueurs. Une partie peut durer de 30 minutes \u00e0 1h.<\/p>\n<p>Ce jeu contient :<\/p>\n<ul>\n<li>60 cartes\u00a0 \u00ab\u00a0situation hors du commun\u00a0\u00bb<\/li>\n<li>75 cartes mots<\/li>\n<li>10\u00a0 cartes optionnelles r\u00e9serv\u00e9es aux adultes<\/li>\n<li>3 cartes vierges pour ajouter des mots<\/li>\n<li>1 carte aide de jeu<\/li>\n<\/ul>\n<p>Envie d&rsquo;en savoir plus sur les engagements de la marque?<br \/>\n\ud83d\udc49 Consultez la pr\u00e9sentation de <a href=\"https:\/\/www.troustory-lejeu.fr\/\" target=\"_blank\" rel=\"noopener\">Trou Story<\/a>.<\/p>\n<p><span style=\"font-size: 14.4px;\">\ud83d\udc95 Jeu d&rsquo;ambiance<\/span><\/p>\n<p>Trou Story convient aux adultes et aux adolescent d\u00e8s 14 ans.<\/p>\n<p>LE PRIX ABONN\u00c9 C&rsquo;EST QUOI?<\/p>\n<p>Vous avez un coup de coeur pour un jouet propos\u00e9 \u00e0 la location?<br \/>\nNous vous proposons de garder chaque jouet lou\u00e9 \u00e0 un prix pr\u00e9f\u00e9rentiel, clairement indiqu\u00e9 sur chaque fiche.<\/p>\n","protected":false},"excerpt":{"rendered":"<p>Jeu d&rsquo;ambiance<\/p>\n<p>\u2764 Imagination et \u00e9loquence<br \/>\n\u2764 Petit format pour jouer partout<br \/>\n\u2764 D\u00e8s 14 ans<\/p>\n","protected":false},"featured_media":6740,"template":"","meta":[],"product_cat":[15],"product_tag":[],"_links":{"self":[{"href":"https:\/\/www.lesjouetsvoyageurs.com\/location\/wp-json\/wp\/v2\/product\/6739"}],"collection":[{"href":"https:\/\/www.lesjouetsvoyageurs.com\/location\/wp-json\/wp\/v2\/product"}],"about":[{"href":"https:\/\/www.lesjouetsvoyageurs.com\/location\/wp-json\/wp\/v2\/types\/product"}],"wp:featuredmedia":[{"embeddable":true,"href":"https:\/\/www.lesjouetsvoyageurs.com\/location\/wp-json\/wp\/v2\/media\/6740"}],"wp:attachment":[{"href":"https:\/\/www.lesjouetsvoyageurs.com\/location\/wp-json\/wp\/v2\/media?parent=6739"}],"wp:term":[{"taxonomy":"product_cat","embeddable":true,"href":"https:\/\/www.lesjouetsvoyageurs.com\/location\/wp-json\/wp\/v2\/product_cat?post=6739"},{"taxonomy":"product_tag","embeddable":true,"href":"https:\/\/www.lesjouetsvoyageurs.com\/location\/wp-json\/wp\/v2\/product_tag?post=6739"}],"curies":[{"name":"wp","href":"https:\/\/api.w.org\/{rel}","templated":true}]}}