{"id":6778,"date":"2023-05-09T12:39:28","date_gmt":"2023-05-09T10:39:28","guid":{"rendered":"https:\/\/www.lesjouetsvoyageurs.com\/location\/?post_type=product&#038;p=6778"},"modified":"2024-12-15T14:19:18","modified_gmt":"2024-12-15T12:19:18","slug":"smart-games-le-petit-chaperon-rouge","status":"publish","type":"product","link":"https:\/\/www.lesjouetsvoyageurs.com\/location\/jouets\/smart-games-le-petit-chaperon-rouge\/","title":{"rendered":"Smart Games Le petit chaperon rouge"},"content":{"rendered":"<p>Smart Games Le petit chaperon rouge est un jeu de logique accessible d\u00e8s 4 ans. Aidez le petit chaperon rouge \u00e0 retrouver son chemin pour aller chez Mere-Grand.<\/p>\n<p>Ce Smart Games Le petit chaperon rouge se joue individuellement. Id\u00e9al pour la concentration.<\/p>\n<p>Ce jeu contient :<\/p>\n<ul>\n<li>1 plan de jeu<\/li>\n<li>2 figurines Le chaperon rouge et le Loup<\/li>\n<li>5 tuiles \u00abchemin\u00bb<\/li>\n<li>3 sapins<\/li>\n<li>la maison de M\u00e8re-Grand<\/li>\n<li>1 livret avec 48 d\u00e9fis (avec et sans le Loup)<\/li>\n<li><span style=\"color: #555555;\">1 bande dessin\u00e9e<\/span><\/li>\n<\/ul>\n<p>&nbsp;<\/p>\n<p>Pour pouvoir rejoindre M\u00e8re-Grand, le joueur choisi un d\u00e9fi parmi 24 d\u00e9fis propos\u00e9s et selon son niveau, puis il place sur le plan de jeu, la maison et les sapins en n&rsquo;oubliant pas le petit chaperon rouge. Le joueur doit obligatoirement placer les tuiles \u00ab\u00a0Chemin\u00a0\u00bb pour atteindre M\u00e8re-grand. Il n&rsquo;y a qu&rsquo;une seule solution pour chaque d\u00e9fi !<\/p>\n<p>Envie d&rsquo;en savoir plus sur les engagements de la marque?<br \/>\n\ud83d\udc49 Consultez la pr\u00e9sentation de <a href=\"https:\/\/www.smartgames.eu\/fr\" target=\"_blank\" rel=\"noopener\">SmartGames<\/a>.<\/p>\n<p><span style=\"font-size: 14.4px;\">\ud83d\udc95 Jeu de r\u00e9flexion<\/span><\/p>\n<p>Ce Smart Games Le petit chaperon rouge convient aux enfants d\u00e8s 4 ans.<\/p>\n<p>LE PRIX ABONN\u00c9 C&rsquo;EST QUOI?<\/p>\n<p>Vous avez un coup de coeur pour un jouet propos\u00e9 \u00e0 la location?<br \/>\nNous vous proposons de garder chaque jouet lou\u00e9 \u00e0 un prix pr\u00e9f\u00e9rentiel, clairement indiqu\u00e9 sur chaque fiche.<\/p>\n","protected":false},"excerpt":{"rendered":"<p>Jeu de r\u00e9flexion<\/p>\n<p>\u2764 Jeu individuel<br \/>\n\u2764 Logique et casse-t\u00eate<br \/>\n\u2764 Diff\u00e9rents niveaux de difficult\u00e9<\/p>\n","protected":false},"featured_media":6779,"template":"","meta":[],"product_cat":[15],"product_tag":[],"_links":{"self":[{"href":"https:\/\/www.lesjouetsvoyageurs.com\/location\/wp-json\/wp\/v2\/product\/6778"}],"collection":[{"href":"https:\/\/www.lesjouetsvoyageurs.com\/location\/wp-json\/wp\/v2\/product"}],"about":[{"href":"https:\/\/www.lesjouetsvoyageurs.com\/location\/wp-json\/wp\/v2\/types\/product"}],"wp:featuredmedia":[{"embeddable":true,"href":"https:\/\/www.lesjouetsvoyageurs.com\/location\/wp-json\/wp\/v2\/media\/6779"}],"wp:attachment":[{"href":"https:\/\/www.lesjouetsvoyageurs.com\/location\/wp-json\/wp\/v2\/media?parent=6778"}],"wp:term":[{"taxonomy":"product_cat","embeddable":true,"href":"https:\/\/www.lesjouetsvoyageurs.com\/location\/wp-json\/wp\/v2\/product_cat?post=6778"},{"taxonomy":"product_tag","embeddable":true,"href":"https:\/\/www.lesjouetsvoyageurs.com\/location\/wp-json\/wp\/v2\/product_tag?post=6778"}],"curies":[{"name":"wp","href":"https:\/\/api.w.org\/{rel}","templated":true}]}}