{"id":6782,"date":"2023-05-09T14:37:51","date_gmt":"2023-05-09T12:37:51","guid":{"rendered":"https:\/\/www.lesjouetsvoyageurs.com\/location\/?post_type=product&#038;p=6782"},"modified":"2023-08-19T10:08:28","modified_gmt":"2023-08-19T08:08:28","slug":"smart-games-les-trois-petits-cochons","status":"publish","type":"product","link":"https:\/\/www.lesjouetsvoyageurs.com\/location\/jouets\/smart-games-les-trois-petits-cochons\/","title":{"rendered":"Smart Games Les Trois Petits Cochons Deluxe"},"content":{"rendered":"<p>Smart Games Les trois petits cochons Deluxe est un jeu de logique et de r\u00e9flexion accessible d\u00e8s 3 ans.\u00a0 Placez correctement les maisons pour permettre aux cochons de jouer \u00e0 l&rsquo;ext\u00e9rieur. Mais attention au loup, aidez les petits cochons \u00e0 prot\u00e9ger leur maison.<\/p>\n<p>Ce jeu contient :<\/p>\n<ul>\n<li>1 plateau de jeu<\/li>\n<li>3 pi\u00e8ces de jeu avec des petites maisons<\/li>\n<li>3 petits cochons<\/li>\n<li>1 loup<\/li>\n<li>1 livret avec 48 d\u00e9fis (avec et sans le Loup)<\/li>\n<li><span style=\"color: #555555;\">1 bande dessin\u00e9e<\/span><\/li>\n<\/ul>\n<p>L&rsquo;enfant devra placer correctement les maisons pour que les petits cochons puissent jouer \u00e0 l&rsquo;ext\u00e9rieur. Si jamais le loup appara\u00eet, l&rsquo;enfant devra les aider en les prot\u00e9geant \u00e0 l\u2019int\u00e9rieur des maisons. Les petits adoreront voir les cochons regarder \u00e0 travers les fen\u00eatres de leur maison !<\/p>\n<p>Se joue individuellement. Id\u00e9al pour la concentration.<\/p>\n<p>Envie d&rsquo;en savoir plus sur les engagements de la marque?<br \/>\n\ud83d\udc49 Consultez la pr\u00e9sentation de <a href=\"https:\/\/www.smartgames.eu\/fr\" target=\"_blank\" rel=\"noopener\">SmartGames<\/a>.<\/p>\n<p><span style=\"font-size: 14.4px;\">\ud83d\udc95 Jeu de r\u00e9flexion<\/span><\/p>\n<p>Ce Smart Games Les trois petits cochons Deluxe convient aux enfants d\u00e8s 3 ans.<\/p>\n<p>LE PRIX ABONN\u00c9 C&rsquo;EST QUOI?<\/p>\n<p>Vous avez un coup de coeur pour un jouet propos\u00e9 \u00e0 la location?<br \/>\nNous vous proposons de garder chaque jouet lou\u00e9 \u00e0 un prix pr\u00e9f\u00e9rentiel, clairement indiqu\u00e9 sur chaque fiche.<\/p>\n","protected":false},"excerpt":{"rendered":"<p>Jeu de r\u00e9flexion<\/p>\n<p>\u2764 Jeu individuel<br \/>\n\u2764 Logique et casse-t\u00eate<br \/>\n\u2764 Diff\u00e9rents niveaux de difficult\u00e9<\/p>\n","protected":false},"featured_media":6784,"template":"","meta":[],"product_cat":[15],"product_tag":[],"_links":{"self":[{"href":"https:\/\/www.lesjouetsvoyageurs.com\/location\/wp-json\/wp\/v2\/product\/6782"}],"collection":[{"href":"https:\/\/www.lesjouetsvoyageurs.com\/location\/wp-json\/wp\/v2\/product"}],"about":[{"href":"https:\/\/www.lesjouetsvoyageurs.com\/location\/wp-json\/wp\/v2\/types\/product"}],"wp:featuredmedia":[{"embeddable":true,"href":"https:\/\/www.lesjouetsvoyageurs.com\/location\/wp-json\/wp\/v2\/media\/6784"}],"wp:attachment":[{"href":"https:\/\/www.lesjouetsvoyageurs.com\/location\/wp-json\/wp\/v2\/media?parent=6782"}],"wp:term":[{"taxonomy":"product_cat","embeddable":true,"href":"https:\/\/www.lesjouetsvoyageurs.com\/location\/wp-json\/wp\/v2\/product_cat?post=6782"},{"taxonomy":"product_tag","embeddable":true,"href":"https:\/\/www.lesjouetsvoyageurs.com\/location\/wp-json\/wp\/v2\/product_tag?post=6782"}],"curies":[{"name":"wp","href":"https:\/\/api.w.org\/{rel}","templated":true}]}}