{"id":6858,"date":"2023-08-01T16:36:58","date_gmt":"2023-08-01T14:36:58","guid":{"rendered":"https:\/\/www.lesjouetsvoyageurs.com\/location\/?post_type=product&#038;p=6858"},"modified":"2023-08-19T10:07:31","modified_gmt":"2023-08-19T08:07:31","slug":"escape-box-fort-boyard-2","status":"publish","type":"product","link":"https:\/\/www.lesjouetsvoyageurs.com\/location\/jouets\/escape-box-fort-boyard-2\/","title":{"rendered":"Escape Box Fort Boyard 2"},"content":{"rendered":"<h2>Escape Box Fort Boyard 2<\/h2>\n<p>Dans cet Escape Box Fort Boyard 2 vous devez r\u00e9soudre des \u00e9nigmes pour sortir du Fort. Un impr\u00e9vu se produit apr\u00e8s avoir surmont\u00e9 les \u00e9preuves avec succ\u00e8s et atteint le mot code. Les Boyards ne tombent pas ! Rouge d\u00e9tient alors le contr\u00f4le du Fort, vous avez seulement 45 minutes pour d\u00e9couvrir comment faire tomber les boyards, r\u00e9cup\u00e9rer autant que possible et vous \u00e9chapper. L&rsquo;\u00e9chec signifierait que vous resterez prisonniers. La balle est dans votre camp ! \u00c0 vous de sortir victorieux du Fort !<\/p>\n<p>Cette escape box contient :<\/p>\n<ul>\n<li>1 livret de 32 pages avec les r\u00e8gles du jeu, le sc\u00e9nario et les solutions<\/li>\n<li>40 cartes \u00e0 dissimuler partout<\/li>\n<li>1 bande son de 45 minutes<\/li>\n<li>1 poster<\/li>\n<\/ul>\n<p>Se joue de 3 \u00e0 6 joueurs. Id\u00e9al pour r\u00e9soudre des \u00e9nigmes.<\/p>\n<p>Envie d&rsquo;en savoir plus sur les engagements de la marque?<br \/>\n\ud83d\udc49 Consultez la pr\u00e9sentation de <a href=\"https:\/\/www.smartgames.eu\/fr\" target=\"_blank\" rel=\"noopener\">Mad<\/a>.<\/p>\n<p><span style=\"font-size: 14.4px;\">\ud83d\udc95 Escape Game<\/span><\/p>\n<p>Ce Escape Box Fort Boyard convient aux enfants d\u00e8s 7 ans.<\/p>\n<p>LE PRIX ABONN\u00c9 C&rsquo;EST QUOI?<\/p>\n<p>Vous avez un coup de coeur pour un jouet propos\u00e9 \u00e0 la location?<br \/>\nNous vous proposons de garder chaque jouet lou\u00e9 \u00e0 un prix pr\u00e9f\u00e9rentiel, clairement indiqu\u00e9 sur chaque fiche.<\/p>\n","protected":false},"excerpt":{"rendered":"<p>Escape Box Fort Boyard 2<\/p>\n<p>\u2764 Jeu collectif<br \/>\n\u2764 Logique et \u00e9nigmes<br \/>\n\u2764 Immersion au sein du jeu<\/p>\n","protected":false},"featured_media":6859,"template":"","meta":[],"product_cat":[15],"product_tag":[],"_links":{"self":[{"href":"https:\/\/www.lesjouetsvoyageurs.com\/location\/wp-json\/wp\/v2\/product\/6858"}],"collection":[{"href":"https:\/\/www.lesjouetsvoyageurs.com\/location\/wp-json\/wp\/v2\/product"}],"about":[{"href":"https:\/\/www.lesjouetsvoyageurs.com\/location\/wp-json\/wp\/v2\/types\/product"}],"wp:featuredmedia":[{"embeddable":true,"href":"https:\/\/www.lesjouetsvoyageurs.com\/location\/wp-json\/wp\/v2\/media\/6859"}],"wp:attachment":[{"href":"https:\/\/www.lesjouetsvoyageurs.com\/location\/wp-json\/wp\/v2\/media?parent=6858"}],"wp:term":[{"taxonomy":"product_cat","embeddable":true,"href":"https:\/\/www.lesjouetsvoyageurs.com\/location\/wp-json\/wp\/v2\/product_cat?post=6858"},{"taxonomy":"product_tag","embeddable":true,"href":"https:\/\/www.lesjouetsvoyageurs.com\/location\/wp-json\/wp\/v2\/product_tag?post=6858"}],"curies":[{"name":"wp","href":"https:\/\/api.w.org\/{rel}","templated":true}]}}