{"id":6860,"date":"2023-08-01T17:26:16","date_gmt":"2023-08-01T15:26:16","guid":{"rendered":"https:\/\/www.lesjouetsvoyageurs.com\/location\/?post_type=product&#038;p=6860"},"modified":"2023-08-19T10:07:31","modified_gmt":"2023-08-19T08:07:31","slug":"mon-premier-escape-game","status":"publish","type":"product","link":"https:\/\/www.lesjouetsvoyageurs.com\/location\/jouets\/mon-premier-escape-game\/","title":{"rendered":"Mon premier Escape Game 5-7 ans"},"content":{"rendered":"<h2>Mon premier Escape Game 5-7 ans<\/h2>\n<p>Octobre est le personnage principal de Mon Premier Escape Game. Octobre est un jeune renard, aujourd&rsquo;hui c&rsquo;est son anniversaire ! Il a toujours v\u00e9cu dans le jardin de la biblioth\u00e8que municipale. Apr\u00e8s avoir \u00e9tudier les renards sauvages dans des livres, Octobre prend une d\u00e9cision, il veut rejoindre les siens !<\/p>\n<p>Pour r\u00e9aliser son r\u00eave de vivre avec les renards sauvages du Bois Rouge, Octobre doit traverser la grande ville endormis avant le lever du soleil. Afin d&rsquo;aider Octobre, les enfants vont devoir faire preuve d&rsquo;astuces et de malice, pour aider Octobre \u00e0 se faufiler discr\u00e8tement dans la ville sans se faire remarquer. Ensemble, ils devront r\u00e9pondre \u00e0 des \u00e9nigmes et trouver des solutions pour que le jeune renard atteigne son objectif.<\/p>\n<p>Cette escape box contient :<\/p>\n<ul>\n<li>1 livret de 32 pages avec les r\u00e8gles du jeu, le sc\u00e9nario et les solutions<\/li>\n<li>40 cartes \u00e0 dissimuler partout<\/li>\n<li>1 bande son de 45 minutes<\/li>\n<li>1 poster<\/li>\n<\/ul>\n<p>Se joue de 3 \u00e0 6 joueurs.<\/p>\n<p>Envie d&rsquo;en savoir plus sur les engagements de la marque?<br \/>\n\ud83d\udc49 Consultez la pr\u00e9sentation de <a href=\"https:\/\/www.madistrib.com\/shop\/jeux-de-societe\/enfant\/escape-box\/mon-premier-escape-game-octobre-et-le-bois-rouge\/\" target=\"_blank\" rel=\"noopener\">Mad<\/a>.<\/p>\n<p><span style=\"font-size: 14.4px;\">\ud83d\udc95 Escape Game<\/span><\/p>\n<p>Mon premier Escape Game convient aux enfants d\u00e8s 5 ans.<\/p>\n<p>LE PRIX ABONN\u00c9 C&rsquo;EST QUOI?<\/p>\n<p>Vous avez un coup de coeur pour un jouet propos\u00e9 \u00e0 la location?<br \/>\nNous vous proposons de garder chaque jouet lou\u00e9 \u00e0 un prix pr\u00e9f\u00e9rentiel, clairement indiqu\u00e9 sur chaque fiche.<\/p>\n","protected":false},"excerpt":{"rendered":"<p>Mon premier Escape Game<\/p>\n<p>\u2764 Jeu collectif<br \/>\n\u2764 Logique et \u00e9nigmes pour les plus petits<br \/>\n\u2764 Id\u00e9al pour animer des anniversaires<\/p>\n","protected":false},"featured_media":6861,"template":"","meta":[],"product_cat":[15],"product_tag":[],"_links":{"self":[{"href":"https:\/\/www.lesjouetsvoyageurs.com\/location\/wp-json\/wp\/v2\/product\/6860"}],"collection":[{"href":"https:\/\/www.lesjouetsvoyageurs.com\/location\/wp-json\/wp\/v2\/product"}],"about":[{"href":"https:\/\/www.lesjouetsvoyageurs.com\/location\/wp-json\/wp\/v2\/types\/product"}],"wp:featuredmedia":[{"embeddable":true,"href":"https:\/\/www.lesjouetsvoyageurs.com\/location\/wp-json\/wp\/v2\/media\/6861"}],"wp:attachment":[{"href":"https:\/\/www.lesjouetsvoyageurs.com\/location\/wp-json\/wp\/v2\/media?parent=6860"}],"wp:term":[{"taxonomy":"product_cat","embeddable":true,"href":"https:\/\/www.lesjouetsvoyageurs.com\/location\/wp-json\/wp\/v2\/product_cat?post=6860"},{"taxonomy":"product_tag","embeddable":true,"href":"https:\/\/www.lesjouetsvoyageurs.com\/location\/wp-json\/wp\/v2\/product_tag?post=6860"}],"curies":[{"name":"wp","href":"https:\/\/api.w.org\/{rel}","templated":true}]}}