{"id":6863,"date":"2023-08-01T17:49:12","date_gmt":"2023-08-01T15:49:12","guid":{"rendered":"https:\/\/www.lesjouetsvoyageurs.com\/location\/?post_type=product&#038;p=6863"},"modified":"2023-08-19T10:07:30","modified_gmt":"2023-08-19T08:07:30","slug":"koh-lanta-le-jeu-de-cartes","status":"publish","type":"product","link":"https:\/\/www.lesjouetsvoyageurs.com\/location\/jouets\/koh-lanta-le-jeu-de-cartes\/","title":{"rendered":"Koh Lanta Le jeu de cartes"},"content":{"rendered":"<h2>Koh Lanta Le jeu de cartes<\/h2>\n<p>Grace \u00e0 ce jeu de cartes Deviens l&rsquo;aventurier num\u00e9ro 1 ! Votre objectif est de marquer un maximum de points en associant des composants pour cr\u00e9er divers objets. Que ce soit un abri, un arc ou un radeau, chaque r\u00e9alisation te rapportera un certain nombre de points. Mais faites attention aux cartes \u00ab\u00a0\u00c9v\u00e8nement\u00a0\u00bb qui viendront pimenter la partie !<\/p>\n<p>Un jeu de carte qui va vous permettre de vivre l&rsquo;aventure Koh Lanta \u00e0 la maison.<\/p>\n<p>Ce jeu de carte contient 50 cartes<\/p>\n<p>Se joue de 2 \u00e0 4 joueurs.<\/p>\n<p>Envie d&rsquo;en savoir plus sur les engagements de la marque?<br \/>\n\ud83d\udc49 Consultez la pr\u00e9sentation de <a href=\"https:\/\/www.madistrib.com\/shop\/jeux-de-societe\/enfant\/koh-lanta-le-jeu-de-cartes-le-jeu-des-aventuriers\/\" target=\"_blank\" rel=\"noopener\">Mad<\/a>.<\/p>\n<p><span style=\"font-size: 14.4px;\">\ud83d\udc95 Jeu de cartes sur le th\u00e8me de Koh Lanta<\/span><\/p>\n<p>Koh Lanta le jeu de cartes convient aux enfants d\u00e8s 7 ans.<\/p>\n<p>LE PRIX ABONN\u00c9 C&rsquo;EST QUOI?<\/p>\n<p>Vous avez un coup de coeur pour un jouet propos\u00e9 \u00e0 la location?<br \/>\nNous vous proposons de garder chaque jouet lou\u00e9 \u00e0 un prix pr\u00e9f\u00e9rentiel, clairement indiqu\u00e9 sur chaque fiche.<\/p>\n","protected":false},"excerpt":{"rendered":"<p>Koh Lanta Le jeu de cartes<\/p>\n<p>\u2764 Jeu d&rsquo;aventures<br \/>\n\u2764 Combinaison et pi\u00e8ges<br \/>\n\u2764 D\u00e8s 7 ans<\/p>\n","protected":false},"featured_media":6864,"template":"","meta":[],"product_cat":[15],"product_tag":[],"_links":{"self":[{"href":"https:\/\/www.lesjouetsvoyageurs.com\/location\/wp-json\/wp\/v2\/product\/6863"}],"collection":[{"href":"https:\/\/www.lesjouetsvoyageurs.com\/location\/wp-json\/wp\/v2\/product"}],"about":[{"href":"https:\/\/www.lesjouetsvoyageurs.com\/location\/wp-json\/wp\/v2\/types\/product"}],"wp:featuredmedia":[{"embeddable":true,"href":"https:\/\/www.lesjouetsvoyageurs.com\/location\/wp-json\/wp\/v2\/media\/6864"}],"wp:attachment":[{"href":"https:\/\/www.lesjouetsvoyageurs.com\/location\/wp-json\/wp\/v2\/media?parent=6863"}],"wp:term":[{"taxonomy":"product_cat","embeddable":true,"href":"https:\/\/www.lesjouetsvoyageurs.com\/location\/wp-json\/wp\/v2\/product_cat?post=6863"},{"taxonomy":"product_tag","embeddable":true,"href":"https:\/\/www.lesjouetsvoyageurs.com\/location\/wp-json\/wp\/v2\/product_tag?post=6863"}],"curies":[{"name":"wp","href":"https:\/\/api.w.org\/{rel}","templated":true}]}}